{"id":14826,"date":"2014-04-23T16:14:38","date_gmt":"2014-04-23T16:14:38","guid":{"rendered":"https:\/\/the7.io\/main\/?page_id=14826"},"modified":"2025-08-25T10:19:12","modified_gmt":"2025-08-25T10:19:12","slug":"uyelik-basvuru-formu","status":"publish","type":"page","link":"https:\/\/kid.org.tr\/en\/uyelik-basvuru-formu\/","title":{"rendered":"Membership Application Form"},"content":{"rendered":"<div class=\"wpb-content-wrapper\"><div class=\"vc_row wpb_row vc_row-fluid vc_custom_1697634520513 vc_column-gap-5 vc_row-o-content-top vc_row-flex\"><div class=\"wpb_column vc_column_container vc_col-sm-6\"><div class=\"vc_column-inner vc_custom_1697634442105\"><div class=\"wpb_wrapper\"><div id=\"ultimate-heading-94569e1f32fabaa6\" class=\"uvc-heading ult-adjust-bottom-margin ultimate-heading-94569e1f32fabaa6 uvc-8153 color-title\" data-hspacer=\"no_spacer\"  data-halign=\"left\" style=\"text-align:left\"><div class=\"uvc-heading-spacer no_spacer\" style=\"top\"><\/div><div class=\"uvc-main-heading ult-responsive\"  data-ultimate-target='.uvc-heading.ultimate-heading-94569e1f32fabaa6 h2'  data-responsive-json-new='{\"font-size\":\"desktop:20px;\",\"line-height\":\"desktop:26px;\"}' ><h2 style=\"font-family:&#039;Lato&#039;;font-weight:bold;color:#000000;\">Kolejli \u0130\u015f \u0130nsanlar\u0131 Derne\u011fi'ne \u00fcye olmaya ili\u015fkin Dernek T\u00fcz\u00fck maddesi:<\/h2><\/div><div class=\"uvc-sub-heading ult-responsive\"  data-ultimate-target='.uvc-heading.ultimate-heading-94569e1f32fabaa6 .uvc-sub-heading '  data-responsive-json-new='{\"font-size\":\"desktop:14px;mobile_landscape:20px;\",\"line-height\":\"desktop:34px;mobile_landscape:30px;\"}'  style=\"font-weight:normal;\"><\/p>\n<h4><span data-sheets-value=\"{&quot;1&quot;:2,&quot;2&quot;:&quot;Derne\u011fe \u00dcye Olma ve \u00dcyelik \u0130\u015flemleri&quot;}\" data-sheets-userformat=\"{&quot;2&quot;:14337,&quot;3&quot;:{&quot;1&quot;:0,&quot;3&quot;:1},&quot;14&quot;:{&quot;1&quot;:2,&quot;2&quot;:992318},&quot;15&quot;:&quot;Calibri&quot;,&quot;16&quot;:12}\">Derne\u011fe \u00dcye Olma ve \u00dcyelik \u0130\u015flemleri<\/span><\/h4>\n<p><strong>Madde 6<\/strong><\/p>\n<p><span data-sheets-value=\"{&quot;1&quot;:2,&quot;2&quot;:&quot;6.1.&quot;}\" data-sheets-userformat=\"{&quot;2&quot;:14337,&quot;3&quot;:{&quot;1&quot;:5,&quot;2&quot;:&quot;D-MMM&quot;,&quot;3&quot;:1},&quot;14&quot;:{&quot;1&quot;:2,&quot;2&quot;:992318},&quot;15&quot;:&quot;Calibri&quot;,&quot;16&quot;:12}\"><strong>6.1.<\/strong> Derne\u011fin ama\u00e7 ve ilkelerini benimseyerek bu do\u011frultuda \u00e7al\u0131\u015fmay\u0131 kabul eden ve Mevzuat\u0131n ve T\u00fcz\u00fc\u011f\u00fcn \u00f6ng\u00f6rd\u00fc\u011f\u00fc ko\u015fullar\u0131n\u0131 ta\u015f\u0131yan her ger\u00e7ek ki\u015fi Derne\u011fe \u00fcye olma hakk\u0131na sahiptir. Ancak yabanc\u0131 ger\u00e7ek ki\u015filerin \u00fcye olabilmesi i\u00e7in T\u00fcrkiye&#8217;de yerle\u015fme hakk\u0131na da sahip olmas\u0131 gerekir.<\/span><\/p>\n<p><span data-sheets-value=\"{&quot;1&quot;:2,&quot;2&quot;:&quot;6.2.&quot;}\" data-sheets-userformat=\"{&quot;2&quot;:14337,&quot;3&quot;:{&quot;1&quot;:0,&quot;3&quot;:1},&quot;14&quot;:{&quot;1&quot;:2,&quot;2&quot;:992318},&quot;15&quot;:&quot;Calibri&quot;,&quot;16&quot;:11}\"><strong>6.2.<\/strong> Dernek \u00fcyeli\u011fine ba\u015fvurmak isteyen ki\u015filerin Dernekler Kanunu&#8217;nun arad\u0131\u011f\u0131 ko\u015fullar\u0131n yan\u0131 s\u0131ra a\u015fa\u011f\u0131daki \u015fartlara haiz olmas\u0131 gereklidir.<\/span><\/p>\n<p><span data-sheets-value=\"{&quot;1&quot;:2,&quot;2&quot;:&quot;a)Fiil ehliyetine sahip olmak,&quot;}\" data-sheets-userformat=\"{&quot;2&quot;:14337,&quot;3&quot;:{&quot;1&quot;:0,&quot;3&quot;:1},&quot;14&quot;:{&quot;1&quot;:2,&quot;2&quot;:1521245},&quot;15&quot;:&quot;Calibri&quot;,&quot;16&quot;:11}\"><strong>a) <\/strong>Fiil ehliyetine sahip olmak,<\/span><\/p>\n<p><span data-sheets-value=\"{&quot;1&quot;:2,&quot;2&quot;:&quot;b)TED'li okullardan mezunu olmak veya en az 3 y\u0131l s\u00fcreyle kesintisiz olarak TED'li okullarda e\u011fitim g\u00f6rm\u00fc\u015f olmak veya &quot;}\" data-sheets-userformat=\"{&quot;2&quot;:14337,&quot;3&quot;:{&quot;1&quot;:0,&quot;3&quot;:1},&quot;14&quot;:{&quot;1&quot;:2,&quot;2&quot;:1521245},&quot;15&quot;:&quot;Calibri&quot;,&quot;16&quot;:11}\"><strong>b) <\/strong>TED&#8217;li okullardan mezunu olmak veya en az 3 y\u0131l s\u00fcreyle kesintisiz olarak TED&#8217;li okullarda e\u011fitim g\u00f6rm\u00fc\u015f olmak veya Lisans, Y\u00fcksek Lisans ve Doktora \u00f6\u011frencisi s\u0131fat\u0131 ile TED \u00dcniversitesinde en az 3 y\u0131l s\u00fcre ile e\u011fitim g\u00f6rm\u00fc\u015f olmak,<\/span><\/p>\n<p><span data-sheets-value=\"{&quot;1&quot;:2,&quot;2&quot;:&quot;c)24 ya\u015f\u0131n\u0131 doldurmu\u015f olmak,&quot;}\" data-sheets-userformat=\"{&quot;2&quot;:14337,&quot;3&quot;:{&quot;1&quot;:0,&quot;3&quot;:1},&quot;14&quot;:{&quot;1&quot;:2,&quot;2&quot;:1521245},&quot;15&quot;:&quot;Calibri&quot;,&quot;16&quot;:11}\"><strong>c) <\/strong>24 ya\u015f\u0131n\u0131 doldurmu\u015f olmak,<\/span><\/p>\n<p><span data-sheets-value=\"{&quot;1&quot;:2,&quot;2&quot;:&quot;d) Bir \u015firket orta\u011f\u0131 olmak veya ekonomiye veya topluma y\u00f6n veren kurum veya kurulu\u015flar\u0131n temsil ve ilzama yetkili \u00fcst d\u00fczey y\u00f6neticisi&quot;}\" data-sheets-userformat=\"{&quot;2&quot;:14337,&quot;3&quot;:{&quot;1&quot;:0,&quot;3&quot;:1},&quot;14&quot;:{&quot;1&quot;:2,&quot;2&quot;:1521245},&quot;15&quot;:&quot;Calibri&quot;,&quot;16&quot;:11}\"><strong>d)<\/strong> Bir \u015firket orta\u011f\u0131 olmak veya ekonomiye veya topluma y\u00f6n veren kurum veya kurulu\u015flar\u0131n temsil ve ilzama yetkili \u00fcst d\u00fczey y\u00f6neticisi konumunda bulunmu\u015f olmak veya vergi ve ticaret sicil kayd\u0131 ile aktif gelir vergisi m\u00fckellefi olarak serbest meslek s\u0131n\u0131f\u0131ndan bir mesle\u011fe sahip olmak,<\/span><\/p>\n<p><span data-sheets-value=\"{&quot;1&quot;:2,&quot;2&quot;:&quot;e)Dernek Giri\u015f \u00d6dentisi ile Y\u0131ll\u0131k Aidat bedelini \u00f6demi\u015f olmak,&quot;}\" data-sheets-userformat=\"{&quot;2&quot;:14337,&quot;3&quot;:{&quot;1&quot;:0,&quot;3&quot;:1},&quot;14&quot;:{&quot;1&quot;:2,&quot;2&quot;:1521245},&quot;15&quot;:&quot;Calibri&quot;,&quot;16&quot;:11}\"><strong>e) <\/strong>Dernek Giri\u015f \u00d6dentisi ile Y\u0131ll\u0131k Aidat bedelini \u00f6demi\u015f olmak,<\/span><\/p>\n<p><span data-sheets-value=\"{&quot;1&quot;:2,&quot;2&quot;:&quot;f)Derne\u011fe \u00fcye olabilmek i\u00e7in 2 \u00fcye taraf\u0131ndan Dernek Y\u00f6netim Kurulu'na takdim edilmek gerekmektedir. \u00dcye aday\u0131n\u0131n &quot;}\" data-sheets-userformat=\"{&quot;2&quot;:14337,&quot;3&quot;:{&quot;1&quot;:0,&quot;3&quot;:1},&quot;14&quot;:{&quot;1&quot;:2,&quot;2&quot;:1521245},&quot;15&quot;:&quot;Calibri&quot;,&quot;16&quot;:11}\"><strong>f) <\/strong>Derne\u011fe \u00fcye olabilmek i\u00e7in 2 \u00fcye taraf\u0131ndan Dernek Y\u00f6netim Kurulu&#8217;na takdim edilmek gerekmektedir. \u00dcye aday\u0131n\u0131n durumu de\u011ferlendirilerek Y\u00f6netim Kurulu \u00fcyelerinin oy \u00e7oklu\u011fu ile 30 g\u00fcn i\u00e7inde karar al\u0131n\u0131r. Kabul edip etmeme y\u00f6n\u00fcnden Y\u00f6netim Kurulu&#8217;nun iradesi s\u0131n\u0131rs\u0131zd\u0131r. Ba\u015fvuru sonucu adaya yaz\u0131l\u0131 olarak bildirilir.<\/span><\/p>\n<p><strong>Madde 35<\/strong><\/p>\n<p><strong>35.1. <\/strong><span data-sheets-value=\"{&quot;1&quot;:2,&quot;2&quot;:&quot;Dernek \u00fcyelerinin \u00f6deyecekleri giri\u015f \u00f6dentisi ve y\u0131ll\u0131k aidat bedeli Genel Kurul taraf\u0131ndan belirlenir. Derne\u011fe \u00fcye olmak i\u00e7in ba\u015fvuran aday, giri\u015f \u00f6dentisi ve y\u0131ll\u0131k aidat &quot;}\" data-sheets-userformat=\"{&quot;2&quot;:14337,&quot;3&quot;:{&quot;1&quot;:0,&quot;3&quot;:1},&quot;14&quot;:{&quot;1&quot;:2,&quot;2&quot;:1521245},&quot;15&quot;:&quot;Calibri&quot;,&quot;16&quot;:11}\">Dernek \u00fcyelerinin \u00f6deyecekleri giri\u015f \u00f6dentisi ve y\u0131ll\u0131k aidat bedeli Genel Kurul taraf\u0131ndan belirlenir. Derne\u011fe \u00fcye olmak i\u00e7in ba\u015fvuran aday, giri\u015f \u00f6dentisi ve y\u0131ll\u0131k aidat bedelinin tamam\u0131n\u0131 \u00fcyeli\u011fe ba\u015fvuru an\u0131nda; Dernek \u00fcyeleri ise, y\u0131ll\u0131k aidat bedelinin tamam\u0131n\u0131 her y\u0131l en ge\u00e7 \u015eubat ay\u0131 sonuna kadar \u00f6demekle y\u00fck\u00fcml\u00fcd\u00fcr.<\/span><\/p>\n<p><span data-sheets-value=\"{&quot;1&quot;:2,&quot;2&quot;:&quot;35.2.&quot;}\" data-sheets-userformat=\"{&quot;2&quot;:14337,&quot;3&quot;:{&quot;1&quot;:0,&quot;3&quot;:1},&quot;14&quot;:{&quot;1&quot;:3,&quot;3&quot;:1},&quot;15&quot;:&quot;Calibri&quot;,&quot;16&quot;:11}\"><strong>35.2.<\/strong> Derne\u011fe y\u0131l i\u00e7erisinde \u00fcye olanlar, y\u0131ll\u0131k aidat bedelini ayl\u0131k esasa g\u00f6re \u00f6derler. \u00d6deme, i\u00e7inde bulunan ay dahil olmak \u00fczere defaten yap\u0131l\u0131r.<\/span><\/p>\n<p>17.02.2024 tarihinde ger\u00e7ekle\u015ftirilen 6. Ola\u011fan Genel Kurul\u2019da giri\u015f \u00f6dentisi 15.000 TL ve y\u0131ll\u0131k aidat 15.000 TL olarak belirlenmi\u015ftir.<\/div><\/div><\/div><\/div><\/div><div class=\"wpb_column vc_column_container vc_col-sm-6\"><div class=\"vc_column-inner vc_custom_1697634458967\"><div class=\"wpb_wrapper\">\n\t<div class=\"wpb_text_column wpb_content_element \" >\n\t\t<div class=\"wpb_wrapper\">\n\t\t\t<table class=\"wp-list-table widefat fixed striped table-view-list forms\">\n<tbody id=\"the-list\" data-wp-lists=\"list:form\">\n<tr>\n<td class=\"shortcode column-shortcode\" data-colname=\"K\u0131sa kod\"><style id=\"wpforms-css-vars-57586\">\n\t\t\t\t#wpforms-57586 {\n\t\t\t\t\n\t\t\t}\n\t\t\t<\/style><div class=\"wpforms-container wpforms-container-full wpforms-render-modern\" id=\"wpforms-57586\"><form id=\"wpforms-form-57586\" class=\"wpforms-validate wpforms-form wpforms-ajax-form\" data-formid=\"57586\" method=\"post\" enctype=\"multipart\/form-data\" action=\"\/en\/wp-json\/wp\/v2\/pages\/14826\" data-token=\"bf15f12d630e07b0e3f530a17c77fc8b\" data-token-time=\"1776415535\"><noscript class=\"wpforms-error-noscript\">Please enable JavaScript in your browser to complete this form.<\/noscript><div id=\"wpforms-error-noscript\" style=\"display: none;\">Please enable JavaScript in your browser to complete this form.<\/div><div class=\"wpforms-field-container\"><div id=\"wpforms-57586-field_1-container\" class=\"wpforms-field wpforms-field-text\" data-field-id=\"1\"><label class=\"wpforms-field-label\" for=\"wpforms-57586-field_1\">Ad - Soyad <span class=\"wpforms-required-label\" aria-hidden=\"true\">*<\/span><\/label><input type=\"text\" id=\"wpforms-57586-field_1\" class=\"wpforms-field-medium wpforms-field-required\" name=\"wpforms[fields][1]\" aria-errormessage=\"wpforms-57586-field_1-error\" required><\/div><div id=\"wpforms-57586-field_3-container\" class=\"wpforms-field wpforms-field-text\" data-field-id=\"3\"><label class=\"wpforms-field-label\" for=\"wpforms-57586-field_3\">Do\u011fum Tarihi<\/label><input type=\"text\" id=\"wpforms-57586-field_3\" class=\"wpforms-field-medium\" name=\"wpforms[fields][3]\" aria-errormessage=\"wpforms-57586-field_3-error\" ><\/div><div id=\"wpforms-57586-field_4-container\" class=\"wpforms-field wpforms-field-radio wpforms-list-2-columns\" data-field-id=\"4\"><fieldset><legend class=\"wpforms-field-label\">Cinsiyet<\/legend><ul id=\"wpforms-57586-field_4\"><li class=\"choice-1 depth-1\"><input type=\"radio\" id=\"wpforms-57586-field_4_1\" name=\"wpforms[fields][4]\" value=\"Kad\u0131n\" aria-errormessage=\"wpforms-57586-field_4_1-error\"  ><label class=\"wpforms-field-label-inline\" for=\"wpforms-57586-field_4_1\">Kad\u0131n<\/label><\/li><li class=\"choice-2 depth-1\"><input type=\"radio\" id=\"wpforms-57586-field_4_2\" name=\"wpforms[fields][4]\" value=\"Erkek\" aria-errormessage=\"wpforms-57586-field_4_2-error\"  ><label class=\"wpforms-field-label-inline\" for=\"wpforms-57586-field_4_2\">Erkek<\/label><\/li><\/ul><\/fieldset><\/div><div id=\"wpforms-57586-field_5-container\" class=\"wpforms-field wpforms-field-radio wpforms-list-2-columns\" data-field-id=\"5\"><fieldset><legend class=\"wpforms-field-label\">Medeni Hal<\/legend><ul id=\"wpforms-57586-field_5\"><li class=\"choice-1 depth-1\"><input type=\"radio\" id=\"wpforms-57586-field_5_1\" name=\"wpforms[fields][5]\" value=\"Bekar\" aria-errormessage=\"wpforms-57586-field_5_1-error\"  ><label class=\"wpforms-field-label-inline\" for=\"wpforms-57586-field_5_1\">Bekar<\/label><\/li><li class=\"choice-2 depth-1\"><input type=\"radio\" id=\"wpforms-57586-field_5_2\" name=\"wpforms[fields][5]\" value=\"Evli\" aria-errormessage=\"wpforms-57586-field_5_2-error\"  ><label class=\"wpforms-field-label-inline\" for=\"wpforms-57586-field_5_2\">Evli<\/label><\/li><\/ul><\/fieldset><\/div><div id=\"wpforms-57586-field_14-container\" class=\"wpforms-field wpforms-field-textarea\" data-field-id=\"14\"><label class=\"wpforms-field-label\" for=\"wpforms-57586-field_14\">Firma \u0130smi \/ \u0130\u015fyerindeki G\u00f6revi ve\/veya Pozisyonu<\/label><textarea id=\"wpforms-57586-field_14\" class=\"wpforms-field-medium\" name=\"wpforms[fields][14]\" aria-errormessage=\"wpforms-57586-field_14-error\" ><\/textarea><\/div><div id=\"wpforms-57586-field_8-container\" class=\"wpforms-field wpforms-field-text\" data-field-id=\"8\"><label class=\"wpforms-field-label\" for=\"wpforms-57586-field_8\">\u0130\u015f Adresi<\/label><input type=\"text\" id=\"wpforms-57586-field_8\" class=\"wpforms-field-medium\" name=\"wpforms[fields][8]\" aria-errormessage=\"wpforms-57586-field_8-error\" ><\/div><div id=\"wpforms-57586-field_9-container\" class=\"wpforms-field wpforms-field-text\" data-field-id=\"9\"><label class=\"wpforms-field-label\" for=\"wpforms-57586-field_9\">\u0130\u015f Telefonu \/ Cep Telefonu<\/label><input type=\"text\" id=\"wpforms-57586-field_9\" class=\"wpforms-field-medium\" name=\"wpforms[fields][9]\" aria-errormessage=\"wpforms-57586-field_9-error\" ><\/div><div id=\"wpforms-57586-field_10-container\" class=\"wpforms-field wpforms-field-text\" data-field-id=\"10\"><label class=\"wpforms-field-label\" for=\"wpforms-57586-field_10\">Ev Adresi<\/label><input type=\"text\" id=\"wpforms-57586-field_10\" class=\"wpforms-field-medium\" name=\"wpforms[fields][10]\" aria-errormessage=\"wpforms-57586-field_10-error\" ><\/div><div id=\"wpforms-57586-field_11-container\" class=\"wpforms-field wpforms-field-email\" data-field-id=\"11\"><label class=\"wpforms-field-label\" for=\"wpforms-57586-field_11\">E-posta <span class=\"wpforms-required-label\" aria-hidden=\"true\">*<\/span><\/label><input type=\"email\" id=\"wpforms-57586-field_11\" class=\"wpforms-field-medium wpforms-field-required\" name=\"wpforms[fields][11]\" spellcheck=\"false\" aria-errormessage=\"wpforms-57586-field_11-error\" required><\/div><div id=\"wpforms-57586-field_12-container\" class=\"wpforms-field wpforms-field-text\" data-field-id=\"12\"><label class=\"wpforms-field-label\" for=\"wpforms-57586-field_12\">Mezun Oldu\u011fu T\u00fcrk E\u011fitim Derne\u011fi Okulu \/ Mezuniyet Senesi<\/label><input type=\"text\" id=\"wpforms-57586-field_12\" class=\"wpforms-field-medium\" name=\"wpforms[fields][12]\" aria-errormessage=\"wpforms-57586-field_12-error\" ><\/div><div id=\"wpforms-57586-field_13-container\" class=\"wpforms-field wpforms-field-textarea\" data-field-id=\"13\"><label class=\"wpforms-field-label\" for=\"wpforms-57586-field_13\">Mezun Oldu\u011fu \u00dcniversite ve B\u00f6l\u00fcm\u00fc \/ Mezuniyet Senesi<\/label><textarea id=\"wpforms-57586-field_13\" class=\"wpforms-field-medium\" name=\"wpforms[fields][13]\" aria-errormessage=\"wpforms-57586-field_13-error\" ><\/textarea><\/div><div id=\"wpforms-57586-field_15-container\" class=\"wpforms-field wpforms-field-text\" data-field-id=\"15\"><label class=\"wpforms-field-label\" for=\"wpforms-57586-field_15\">Ailedeki Di\u011fer T\u00fcrk E\u011fitim Derne\u011fi Okulu Mezunu \/ Mezuniyet Senesi<\/label><input type=\"text\" id=\"wpforms-57586-field_15\" class=\"wpforms-field-medium\" name=\"wpforms[fields][15]\" aria-errormessage=\"wpforms-57586-field_15-error\" ><\/div><div id=\"wpforms-57586-field_17-container\" class=\"wpforms-field wpforms-field-textarea\" data-field-id=\"17\"><label class=\"wpforms-field-label\" for=\"wpforms-57586-field_17\">Referanslar<\/label><textarea id=\"wpforms-57586-field_17\" class=\"wpforms-field-medium\" name=\"wpforms[fields][17]\" aria-errormessage=\"wpforms-57586-field_17-error\" ><\/textarea><\/div><div id=\"wpforms-57586-field_18-container\" class=\"wpforms-field wpforms-field-checkbox\" data-field-id=\"18\"><fieldset><legend class=\"wpforms-field-label wpforms-label-hide\" aria-hidden=\"false\">Onay <span class=\"wpforms-required-label\" aria-hidden=\"true\">*<\/span><\/legend><ul id=\"wpforms-57586-field_18\" class=\"wpforms-field-required\"><li class=\"choice-1 depth-1\"><input type=\"checkbox\" id=\"wpforms-57586-field_18_1\" name=\"wpforms[fields][18][]\" value=\"Derne\u011fin giri\u015f ve y\u0131ll\u0131k aidatlar\u0131n\u0131 s\u00fcresi i\u00e7inde \u00f6demeyi kabul ve taahh\u00fct ediyorum.\" aria-errormessage=\"wpforms-57586-field_18_1-error\" required ><label class=\"wpforms-field-label-inline\" for=\"wpforms-57586-field_18_1\">Derne\u011fin giri\u015f ve y\u0131ll\u0131k aidatlar\u0131n\u0131 s\u00fcresi i\u00e7inde \u00f6demeyi kabul ve taahh\u00fct ediyorum.<\/label><\/li><li class=\"choice-2 depth-1\"><input type=\"checkbox\" id=\"wpforms-57586-field_18_2\" name=\"wpforms[fields][18][]\" value=\"Bu formda beyan etti\u011fim bilgilerin K\u0130D \u00fcyeleri ile payla\u015f\u0131lmas\u0131na izin veriyorum.\" aria-errormessage=\"wpforms-57586-field_18_2-error\" required ><label class=\"wpforms-field-label-inline\" for=\"wpforms-57586-field_18_2\">Bu formda beyan etti\u011fim bilgilerin K\u0130D \u00fcyeleri ile payla\u015f\u0131lmas\u0131na izin veriyorum.<\/label><\/li><li class=\"choice-3 depth-1\"><input type=\"checkbox\" id=\"wpforms-57586-field_18_3\" name=\"wpforms[fields][18][]\" value=\"Bu formla beraber doldurdu\u011fum kredi kart\u0131 \u00f6deme formu ile takip eden y\u0131llarda \u015eubat ay\u0131n\u0131n son g\u00fcn\u00fcne kadar aksi taraf\u0131mca bildirilmedik\u00e7e, y\u0131ll\u0131k \u00fcyelik aidat\u0131m\u0131n tamam\u0131n\u0131n formda belirtilen kredi kart\u0131mdan tahsil edilmesini kabul ediyorum.\" aria-errormessage=\"wpforms-57586-field_18_3-error\" required ><label class=\"wpforms-field-label-inline\" for=\"wpforms-57586-field_18_3\">Bu formla beraber doldurdu\u011fum kredi kart\u0131 \u00f6deme formu ile takip eden y\u0131llarda \u015eubat ay\u0131n\u0131n son g\u00fcn\u00fcne kadar aksi taraf\u0131mca bildirilmedik\u00e7e, y\u0131ll\u0131k \u00fcyelik aidat\u0131m\u0131n tamam\u0131n\u0131n formda belirtilen kredi kart\u0131mdan tahsil edilmesini kabul ediyorum.<\/label><\/li><\/ul><\/fieldset><\/div><\/div><!-- .wpforms-field-container --><div class=\"wpforms-submit-container\" ><input type=\"hidden\" name=\"wpforms[id]\" value=\"57586\"><input type=\"hidden\" name=\"page_title\" value=\"\"><input type=\"hidden\" name=\"page_url\" value=\"https:\/\/kid.org.tr\/en\/wp-json\/wp\/v2\/pages\/14826\"><input type=\"hidden\" name=\"url_referer\" value=\"\"><button type=\"submit\" name=\"wpforms[submit]\" id=\"wpforms-submit-57586\" class=\"wpforms-submit\" data-alt-text=\"G\u00f6nderiliyor...\" data-submit-text=\"G\u00f6nder\" aria-live=\"assertive\" value=\"wpforms-submit\">G\u00f6nder<\/button><img loading=\"lazy\" decoding=\"async\" src=\"https:\/\/kid.org.tr\/wp-content\/plugins\/wpforms-lite\/assets\/images\/submit-spin.svg\" class=\"wpforms-submit-spinner\" style=\"display: none;\" width=\"26\" height=\"26\" alt=\"Loading\"><\/div><\/form><\/div>  <!-- .wpforms-container --><\/td>\n<\/tr>\n<\/tbody>\n<\/table>\n\n\t\t<\/div>\n\t<\/div>\n<\/div><\/div><\/div><\/div>\n<\/div>","protected":false},"excerpt":{"rendered":"<p>Kolejli \u0130\u015f \u0130nsanlar\u0131 Derne\u011fi&#8217;ne \u00fcye olmaya ili\u015fkin Dernek T\u00fcz\u00fck maddesi: Derne\u011fe \u00dcye Olma ve \u00dcyelik \u0130\u015flemleri Madde 6 6.1. Derne\u011fin ama\u00e7 ve ilkelerini benimseyerek bu do\u011frultuda \u00e7al\u0131\u015fmay\u0131 kabul eden ve Mevzuat\u0131n ve T\u00fcz\u00fc\u011f\u00fcn \u00f6ng\u00f6rd\u00fc\u011f\u00fc ko\u015fullar\u0131n\u0131 ta\u015f\u0131yan her ger\u00e7ek ki\u015fi Derne\u011fe \u00fcye olma hakk\u0131na sahiptir. Ancak yabanc\u0131 ger\u00e7ek ki\u015filerin \u00fcye olabilmesi i\u00e7in T\u00fcrkiye&#8217;de yerle\u015fme hakk\u0131na da&hellip;<\/p>","protected":false},"author":1,"featured_media":0,"parent":0,"menu_order":70,"comment_status":"closed","ping_status":"closed","template":"","meta":{"footnotes":""},"class_list":["post-14826","page","type-page","status-publish","hentry","description-off"],"aioseo_notices":[],"_links":{"self":[{"href":"https:\/\/kid.org.tr\/en\/wp-json\/wp\/v2\/pages\/14826","targetHints":{"allow":["GET"]}}],"collection":[{"href":"https:\/\/kid.org.tr\/en\/wp-json\/wp\/v2\/pages"}],"about":[{"href":"https:\/\/kid.org.tr\/en\/wp-json\/wp\/v2\/types\/page"}],"author":[{"embeddable":true,"href":"https:\/\/kid.org.tr\/en\/wp-json\/wp\/v2\/users\/1"}],"replies":[{"embeddable":true,"href":"https:\/\/kid.org.tr\/en\/wp-json\/wp\/v2\/comments?post=14826"}],"version-history":[{"count":8,"href":"https:\/\/kid.org.tr\/en\/wp-json\/wp\/v2\/pages\/14826\/revisions"}],"predecessor-version":[{"id":59683,"href":"https:\/\/kid.org.tr\/en\/wp-json\/wp\/v2\/pages\/14826\/revisions\/59683"}],"wp:attachment":[{"href":"https:\/\/kid.org.tr\/en\/wp-json\/wp\/v2\/media?parent=14826"}],"curies":[{"name":"wp","href":"https:\/\/api.w.org\/{rel}","templated":true}]}}