{"id":16279,"date":"2014-06-16T11:01:19","date_gmt":"2014-06-16T11:01:19","guid":{"rendered":"https:\/\/the7.io\/main\/?page_id=16279"},"modified":"2023-10-16T14:59:04","modified_gmt":"2023-10-16T14:59:04","slug":"vizyon-misyon","status":"publish","type":"page","link":"https:\/\/kid.org.tr\/en\/vizyon-misyon\/","title":{"rendered":"Vizyon &#8211; Misyon"},"content":{"rendered":"<div class=\"wpb-content-wrapper\"><div class=\"vc_row wpb_row vc_row-fluid vc_custom_1573322132161 vc_row-o-content-middle vc_row-flex\"><div class=\"wpb_column vc_column_container vc_col-sm-12 vc_col-lg-12 vc_col-md-12 vc_col-xs-12 vc_col-has-fill\"><div class=\"vc_column-inner vc_custom_1697467948002\"><div class=\"wpb_wrapper\">\n\t<div class=\"wpb_text_column wpb_content_element  vc_custom_1695907339057\" >\n\t\t<div class=\"wpb_wrapper\">\n\t\t\t<h3>Vision<\/h3>\n\n\t\t<\/div>\n\t<\/div>\n\n\t<div class=\"wpb_text_column wpb_content_element\" >\n\t\t<div class=\"wpb_wrapper\">\n\t\t\t<p><span style=\"font-weight: 400;\">To be a business people's association that has transformative effects in the business world, enables the College students to shape Turkey, and is recognized in Turkey and the world with its member satisfaction.<\/span><\/p>\n\n\t\t<\/div>\n\t<\/div>\n\n\t<div class=\"wpb_text_column wpb_content_element  vc_custom_1695907367644\" >\n\t\t<div class=\"wpb_wrapper\">\n\t\t\t<h3>Mission<\/h3>\n\n\t\t<\/div>\n\t<\/div>\n\n\t<div class=\"wpb_text_column wpb_content_element\" >\n\t\t<div class=\"wpb_wrapper\">\n\t\t\t<p><span style=\"font-weight: 400;\">As a business people's association that guides its members, to increase the number of members who share predetermined principles and values, to develop solidarity among its members, to increase the brand value of KABPA and to contribute to the material and spiritual development of our country with this spirit of unity and solidarity.<\/span><\/p>\n\n\t\t<\/div>\n\t<\/div>\n<\/div><\/div><\/div><\/div>\n<\/div>","protected":false},"excerpt":{"rendered":"<p>Vizyon \u0130\u015f d\u00fcnyas\u0131nda d\u00f6n\u00fc\u015ft\u00fcr\u00fcc\u00fc etkileri olan, Kolej\u2019lilerin T\u00fcrkiye\u2019ye y\u00f6n vermesini sa\u011flayan, \u00fcye memnuniyeti ile T\u00fcrkiye\u2019de ve d\u00fcnyada tan\u0131nan bir i\u015f insanlar\u0131 derne\u011fi olmakt\u0131r. Misyon \u00dcyelerine rehberlik eden bir i\u015f insanlar\u0131 derne\u011fi olarak, \u00f6nceden belirlenen ilke ve de\u011ferleri payla\u015fan \u00fcye say\u0131s\u0131n\u0131 art\u0131rmak, \u00fcyeleri aras\u0131ndaki dayan\u0131\u015fmay\u0131 geli\u015ftirmek, K\u0130D marka de\u011ferini art\u0131rmak ve kendi i\u00e7inde sa\u011flad\u0131\u011f\u0131 bu birlik&hellip;<\/p>","protected":false},"author":1,"featured_media":0,"parent":0,"menu_order":10,"comment_status":"closed","ping_status":"closed","template":"","meta":{"footnotes":""},"class_list":["post-16279","page","type-page","status-publish","hentry","description-off"],"aioseo_notices":[],"_links":{"self":[{"href":"https:\/\/kid.org.tr\/en\/wp-json\/wp\/v2\/pages\/16279","targetHints":{"allow":["GET"]}}],"collection":[{"href":"https:\/\/kid.org.tr\/en\/wp-json\/wp\/v2\/pages"}],"about":[{"href":"https:\/\/kid.org.tr\/en\/wp-json\/wp\/v2\/types\/page"}],"author":[{"embeddable":true,"href":"https:\/\/kid.org.tr\/en\/wp-json\/wp\/v2\/users\/1"}],"replies":[{"embeddable":true,"href":"https:\/\/kid.org.tr\/en\/wp-json\/wp\/v2\/comments?post=16279"}],"version-history":[{"count":12,"href":"https:\/\/kid.org.tr\/en\/wp-json\/wp\/v2\/pages\/16279\/revisions"}],"predecessor-version":[{"id":57575,"href":"https:\/\/kid.org.tr\/en\/wp-json\/wp\/v2\/pages\/16279\/revisions\/57575"}],"wp:attachment":[{"href":"https:\/\/kid.org.tr\/en\/wp-json\/wp\/v2\/media?parent=16279"}],"curies":[{"name":"wp","href":"https:\/\/api.w.org\/{rel}","templated":true}]}}