{"id":43237,"date":"2016-09-28T11:10:47","date_gmt":"2016-09-28T11:10:47","guid":{"rendered":"https:\/\/the7.io\/main\/?page_id=43237"},"modified":"2023-10-16T12:24:54","modified_gmt":"2023-10-16T12:24:54","slug":"haberler","status":"publish","type":"page","link":"https:\/\/kid.org.tr\/en\/haberler\/","title":{"rendered":"News"},"content":{"rendered":"<div class=\"wpb-content-wrapper\"><div class=\"vc_row wpb_row vc_row-fluid\"><div class=\"wpb_column vc_column_container vc_col-sm-12\"><div class=\"vc_column-inner\"><div class=\"wpb_wrapper\"><style type=\"text\/css\" data-type=\"the7_shortcodes-inline-css\">.blog-shortcode.blog-list-shortcode-id-a935e16086e8e06bf40b44f4f2788505.dividers-on.classic-layout-list article {\n  margin-top: 20px;\n  padding-top: 0;\n}\n.blog-shortcode.blog-list-shortcode-id-a935e16086e8e06bf40b44f4f2788505.dividers-on.classic-layout-list article:first-of-type {\n  margin-top: 0;\n  padding-top: 0;\n}\n.blog-shortcode.blog-list-shortcode-id-a935e16086e8e06bf40b44f4f2788505.classic-layout-list.mode-list .post-thumbnail-wrap {\n  width: 25%;\n}\n.blog-shortcode.blog-list-shortcode-id-a935e16086e8e06bf40b44f4f2788505.classic-layout-list.mode-list .post-entry-content {\n  width: calc(100% - 25%);\n}\n.blog-shortcode.blog-list-shortcode-id-a935e16086e8e06bf40b44f4f2788505.classic-layout-list.mode-list .no-img .post-entry-content {\n  width: 100%;\n}\n.blog-shortcode.blog-list-shortcode-id-a935e16086e8e06bf40b44f4f2788505 .filter-bg-decoration .filter-categories a.act {\n  color: #fff;\n}\n.blog-shortcode.blog-list-shortcode-id-a935e16086e8e06bf40b44f4f2788505:not(.mode-masonry) article {\n  margin-top: 20px;\n}\n.blog-shortcode.blog-list-shortcode-id-a935e16086e8e06bf40b44f4f2788505:not(.mode-masonry) article:first-of-type,\n.blog-shortcode.blog-list-shortcode-id-a935e16086e8e06bf40b44f4f2788505:not(.mode-masonry) article.visible.first:not(.product) {\n  margin-top: 0;\n}\n.blog-shortcode.blog-list-shortcode-id-a935e16086e8e06bf40b44f4f2788505.dividers-on:not(.mode-masonry) article {\n  margin-top: 0;\n  padding-top: 20px;\n}\n.blog-shortcode.blog-list-shortcode-id-a935e16086e8e06bf40b44f4f2788505.dividers-on:not(.mode-masonry) article:first-of-type,\n.blog-shortcode.blog-list-shortcode-id-a935e16086e8e06bf40b44f4f2788505.dividers-on:not(.mode-masonry) article.visible.first:not(.product) {\n  margin-top: 0;\n  padding-top: 0;\n}\n.blog-shortcode.blog-list-shortcode-id-a935e16086e8e06bf40b44f4f2788505 .post-thumbnail-wrap {\n  padding: 30px 0px 30px 30px;\n}\n.blog-shortcode.blog-list-shortcode-id-a935e16086e8e06bf40b44f4f2788505.enable-bg-rollover .post-thumbnail-rollover:after {\n  background: -webkit-linear-gradient();\n  background: linear-gradient();\n}\n.blog-shortcode.blog-list-shortcode-id-a935e16086e8e06bf40b44f4f2788505 .gallery-zoom-ico {\n  width: 44px;\n  height: 44px;\n  line-height: 44px;\n  border-radius: 100px;\n  margin: -22px 0 0 -22px;\n  border-width: 0px;\n  color: #ffffff;\n}\n.bottom-overlap-layout-list.blog-shortcode.blog-list-shortcode-id-a935e16086e8e06bf40b44f4f2788505 .gallery-zoom-ico {\n  margin-top: -22px;\n}\n.gradient-overlay-layout-list.blog-shortcode.blog-list-shortcode-id-a935e16086e8e06bf40b44f4f2788505 .gallery-zoom-ico,\n.content-rollover-layout-list.blog-shortcode.blog-list-shortcode-id-a935e16086e8e06bf40b44f4f2788505 .gallery-zoom-ico {\n  margin: 0 0 10px;\n}\n.content-align-center.gradient-overlay-layout-list.blog-shortcode.blog-list-shortcode-id-a935e16086e8e06bf40b44f4f2788505 .gallery-zoom-ico,\n.content-align-center.content-rollover-layout-list.blog-shortcode.blog-list-shortcode-id-a935e16086e8e06bf40b44f4f2788505 .gallery-zoom-ico {\n  margin: 0 auto 10px;\n}\n.dt-icon-bg-on.blog-shortcode.blog-list-shortcode-id-a935e16086e8e06bf40b44f4f2788505 .gallery-zoom-ico {\n  background: rgba(255,255,255,0.3);\n  box-shadow: none;\n}\n.blog-shortcode.blog-list-shortcode-id-a935e16086e8e06bf40b44f4f2788505 .gallery-zoom-ico > span,\n.blog-shortcode.blog-list-shortcode-id-a935e16086e8e06bf40b44f4f2788505 .gallery-zoom-ico:before {\n  font-size: 32px;\n  line-height: 44px;\n}\n.blog-shortcode.blog-list-shortcode-id-a935e16086e8e06bf40b44f4f2788505 .gallery-zoom-ico > span,\n.blog-shortcode.blog-list-shortcode-id-a935e16086e8e06bf40b44f4f2788505 .gallery-zoom-ico:before {\n  color: #ffffff;\n}\n.blog-shortcode.blog-list-shortcode-id-a935e16086e8e06bf40b44f4f2788505 .fancy-date a {\n  background: #ffffff;\n  box-shadow: none;\n}\n.blog-shortcode.blog-list-shortcode-id-a935e16086e8e06bf40b44f4f2788505 .fancy-date a * {\n  color: #2d2d2d;\n}\n.blog-shortcode.blog-list-shortcode-id-a935e16086e8e06bf40b44f4f2788505 .fancy-categories a {\n  color: #ffffff;\n  background: rgba(0,0,0,0.5);\n  box-shadow: none;\n}\n.blog-shortcode.blog-list-shortcode-id-a935e16086e8e06bf40b44f4f2788505 .entry-title,\n.blog-shortcode.blog-list-shortcode-id-a935e16086e8e06bf40b44f4f2788505.owl-carousel .entry-title {\n  margin-bottom: 7px;\n  font-weight: bold;\n}\n.blog-shortcode.blog-list-shortcode-id-a935e16086e8e06bf40b44f4f2788505 .entry-meta {\n  margin-bottom: 15px;\n}\n.blog-shortcode.blog-list-shortcode-id-a935e16086e8e06bf40b44f4f2788505 .portfolio-categories {\n  margin-bottom: 15px;\n}\n.blog-shortcode.blog-list-shortcode-id-a935e16086e8e06bf40b44f4f2788505 .entry-excerpt {\n  margin-bottom: 5px;\n}\n.blog-shortcode.blog-list-shortcode-id-a935e16086e8e06bf40b44f4f2788505:not(.centered-layout-list) .post-entry-content {\n  padding: 30px 30px 30px 30px;\n}\n.blog-shortcode.blog-list-shortcode-id-a935e16086e8e06bf40b44f4f2788505:not(.centered-layout-list):not(.content-bg-on):not(.mode-list) .no-img .post-entry-content {\n  padding: 0;\n}\n@media screen and (max-width: 768px) {\n  .blog-shortcode.blog-list-shortcode-id-a935e16086e8e06bf40b44f4f2788505 article {\n    -ms-flex-flow: column nowrap;\n    flex-flow: column nowrap;\n    margin-top: 20px;\n  }\n  .blog-shortcode.blog-list-shortcode-id-a935e16086e8e06bf40b44f4f2788505.dividers-on article {\n    border: none;\n  }\n  .blog-shortcode.blog-list-shortcode-id-a935e16086e8e06bf40b44f4f2788505.content-bg-on.centered-layout-list article {\n    padding: 0;\n  }\n  .blog-shortcode.blog-list-shortcode-id-a935e16086e8e06bf40b44f4f2788505.blog-shortcode.dividers-on article,\n  .blog-shortcode.blog-list-shortcode-id-a935e16086e8e06bf40b44f4f2788505.dividers-on.classic-layout-list article {\n    margin-top: 20px;\n    padding: 0;\n  }\n  .blog-shortcode.blog-list-shortcode-id-a935e16086e8e06bf40b44f4f2788505.blog-shortcode.dividers-on article:first-of-type,\n  .blog-shortcode.blog-list-shortcode-id-a935e16086e8e06bf40b44f4f2788505.dividers-on.classic-layout-list article:first-of-type {\n    padding: 0;\n  }\n  #page .blog-shortcode.blog-list-shortcode-id-a935e16086e8e06bf40b44f4f2788505 .post-thumbnail-wrap,\n  #page .blog-shortcode.blog-list-shortcode-id-a935e16086e8e06bf40b44f4f2788505 .post-entry-content {\n    width: 100%;\n    margin: 0;\n    top: 0;\n  }\n  #page .blog-shortcode.blog-list-shortcode-id-a935e16086e8e06bf40b44f4f2788505 .post-thumbnail-wrap {\n    padding: 0;\n  }\n  #page .blog-shortcode.blog-list-shortcode-id-a935e16086e8e06bf40b44f4f2788505 .post-entry-content:after {\n    display: none;\n  }\n  #page .blog-shortcode.blog-list-shortcode-id-a935e16086e8e06bf40b44f4f2788505 .project-even .post-thumbnail-wrap,\n  #page .blog-shortcode.blog-list-shortcode-id-a935e16086e8e06bf40b44f4f2788505.centered-layout-list .post-thumbnail-wrap {\n    -ms-flex-order: 0;\n    order: 0;\n  }\n  #page .blog-shortcode.blog-list-shortcode-id-a935e16086e8e06bf40b44f4f2788505.centered-layout-list .post-entry-title-content {\n    -ms-flex-order: 1;\n    order: 1;\n    width: 100%;\n    padding: 20px 20px 0;\n  }\n  #page .blog-shortcode.blog-list-shortcode-id-a935e16086e8e06bf40b44f4f2788505.centered-layout-list .post-entry-content {\n    -ms-flex-order: 2;\n    order: 2;\n    padding-top: 0;\n  }\n  #page .blog-shortcode.blog-list-shortcode-id-a935e16086e8e06bf40b44f4f2788505 .fancy-categories {\n    top: 10px;\n    left: 10px;\n    bottom: auto;\n    right: auto;\n  }\n  #page .blog-shortcode.blog-list-shortcode-id-a935e16086e8e06bf40b44f4f2788505 .fancy-date a {\n    top: 10px;\n    right: 10px;\n    left: auto;\n    bottom: auto;\n  }\n  #page .blog-shortcode.blog-list-shortcode-id-a935e16086e8e06bf40b44f4f2788505 .post-entry-content {\n    padding: 20px;\n  }\n  #page .blog-shortcode.blog-list-shortcode-id-a935e16086e8e06bf40b44f4f2788505 .entry-title {\n    margin: 3px 0 5px;\n    font-size: 20px;\n    line-height: 26px;\n  }\n  #page .blog-shortcode.blog-list-shortcode-id-a935e16086e8e06bf40b44f4f2788505 .entry-meta {\n    margin: 5px 0 5px;\n  }\n  #page .blog-shortcode.blog-list-shortcode-id-a935e16086e8e06bf40b44f4f2788505 .entry-excerpt {\n    margin: 15px 0 0;\n  }\n  #page .blog-shortcode.blog-list-shortcode-id-a935e16086e8e06bf40b44f4f2788505 .post-details {\n    margin: 5px 0 10px;\n  }\n  #page .blog-shortcode.blog-list-shortcode-id-a935e16086e8e06bf40b44f4f2788505 .post-details.details-type-link {\n    margin-bottom: 2px;\n  }\n}\n<\/style><div class=\"articles-list blog-shortcode mode-list blog-list-shortcode-id-a935e16086e8e06bf40b44f4f2788505 classic-layout-list content-bg-on dt-icon-bg-off loading-effect-fade-in\" data-cur-page=\"1\" data-post-limit=\"-1\" data-pagination-mode=\"pages\"><article class=\"post project-odd visible post-59834 type-post status-publish format-standard has-post-thumbnail hentry category-haberler category-523 description-off\" data-name=\"Yeni Y\u0131l Yeme\u011fimiz\" data-date=\"2025-12-24T07:36:42+00:00\">\n\n<div class=\"post-thumbnail-wrap\">\n\t<div class=\"post-thumbnail\">\n\n\t\t\n\t\t<span class=\"fancy-categories\"><a href=\"https:\/\/kid.org.tr\/en\/category\/haberler\/\" rel=\"category tag\">News<\/a><\/span>\n\t\t<a href=\"https:\/\/kid.org.tr\/en\/2025\/12\/24\/yeni-yil-yemegimiz\/\" class=\"post-thumbnail-rollover layzr-bg layzr-bg\" ><img fetchpriority=\"high\" decoding=\"async\" class=\"lazy-load preload-me lazy-load aspect\" src=\"data:image\/svg+xml,%3Csvg%20xmlns%3D&#39;http%3A%2F%2Fwww.w3.org%2F2000%2Fsvg&#39;%20viewBox%3D&#39;0%200%20508%20508&#39;%2F%3E\" data-src=\"https:\/\/kid.org.tr\/wp-content\/uploads\/2025\/12\/yilbasi-haber-foto-508x508.jpg\" data-srcset=\"https:\/\/kid.org.tr\/wp-content\/uploads\/2025\/12\/yilbasi-haber-foto-508x508.jpg 508w\" loading=\"eager\" style=\"--ratio: 508 \/ 508\" sizes=\"(max-width: 508px) 100vw, 508px\" alt=\"\" title=\"Yeni Y\u0131l Yeme\u011fimiz\" width=\"508\" height=\"508\"  \/><\/a>\n\t<\/div>\n<\/div>\n\n\n<div class=\"post-entry-content\">\n\n\t<h3 class=\"entry-title\">\n\t\t<a href=\"https:\/\/kid.org.tr\/en\/2025\/12\/24\/yeni-yil-yemegimiz\/\" title=\"Yeni Y\u0131l Yeme\u011fimiz\" rel=\"bookmark\">Yeni Y\u0131l Yeme\u011fimiz<\/a>\n\t<\/h3>\n\n\t<div class=\"entry-meta\"><a href=\"https:\/\/kid.org.tr\/en\/2025\/12\/24\/\" title=\"7:36 am\" class=\"data-link\" rel=\"bookmark\"><time class=\"entry-date updated\" datetime=\"2025-12-24T07:36:42+00:00\">December 24, 2025<\/time><\/a><\/div>\n\t\n\t\n<a href=\"https:\/\/kid.org.tr\/en\/2025\/12\/24\/yeni-yil-yemegimiz\/\" class=\"post-details details-type-link\" aria-label=\"Read more about Yeni Y\u0131l Yeme\u011fimiz\">Details<i class=\"dt-icon-the7-arrow-03\" aria-hidden=\"true\"><\/i><\/a>\n\n<\/div><\/article><article class=\"post project-odd visible post-59777 type-post status-publish format-standard has-post-thumbnail hentry category-haberler category-523 description-off\" data-name=\"Cumhuriyetin 102. Y\u0131l\u0131nda Ekonomiye Y\u00f6n Veren Kolejliler II Panelimiz\" data-date=\"2025-11-30T10:00:48+00:00\">\n\n<div class=\"post-thumbnail-wrap\">\n\t<div class=\"post-thumbnail\">\n\n\t\t\n\t\t<span class=\"fancy-categories\"><a href=\"https:\/\/kid.org.tr\/en\/category\/haberler\/\" rel=\"category tag\">News<\/a><\/span>\n\t\t<a href=\"https:\/\/kid.org.tr\/en\/2025\/11\/30\/cumhuriyetin-102-yilinda-ekonomiye-yon-veren-kolejliler-ii-panelimiz\/\" class=\"post-thumbnail-rollover layzr-bg layzr-bg\" ><img decoding=\"async\" class=\"lazy-load preload-me lazy-load aspect\" src=\"data:image\/svg+xml,%3Csvg%20xmlns%3D&#39;http%3A%2F%2Fwww.w3.org%2F2000%2Fsvg&#39;%20viewBox%3D&#39;0%200%20508%20508&#39;%2F%3E\" data-src=\"https:\/\/kid.org.tr\/wp-content\/uploads\/2025\/12\/panel-haber-508x508.jpg\" data-srcset=\"https:\/\/kid.org.tr\/wp-content\/uploads\/2025\/12\/panel-haber-508x508.jpg 508w\" loading=\"eager\" style=\"--ratio: 508 \/ 508\" sizes=\"(max-width: 508px) 100vw, 508px\" alt=\"\" title=\"Cumhuriyetin 102. Y\u0131l\u0131nda Ekonomiye Y\u00f6n Veren Kolejliler II Panelimiz\" width=\"508\" height=\"508\"  \/><\/a>\n\t<\/div>\n<\/div>\n\n\n<div class=\"post-entry-content\">\n\n\t<h3 class=\"entry-title\">\n\t\t<a href=\"https:\/\/kid.org.tr\/en\/2025\/11\/30\/cumhuriyetin-102-yilinda-ekonomiye-yon-veren-kolejliler-ii-panelimiz\/\" title=\"Cumhuriyetin 102. Y\u0131l\u0131nda Ekonomiye Y\u00f6n Veren Kolejliler II Panelimiz\" rel=\"bookmark\">Cumhuriyetin 102. Y\u0131l\u0131nda Ekonomiye Y\u00f6n Veren Kolejliler II Panelimiz<\/a>\n\t<\/h3>\n\n\t<div class=\"entry-meta\"><a href=\"https:\/\/kid.org.tr\/en\/2025\/11\/30\/\" title=\"10:00 am\" class=\"data-link\" rel=\"bookmark\"><time class=\"entry-date updated\" datetime=\"2025-11-30T10:00:48+00:00\">November 30, 2025<\/time><\/a><\/div>\n\t\n\t\n<a href=\"https:\/\/kid.org.tr\/en\/2025\/11\/30\/cumhuriyetin-102-yilinda-ekonomiye-yon-veren-kolejliler-ii-panelimiz\/\" class=\"post-details details-type-link\" aria-label=\"Read more about Cumhuriyetin 102. Y\u0131l\u0131nda Ekonomiye Y\u00f6n Veren Kolejliler II Panelimiz\">Details<i class=\"dt-icon-the7-arrow-03\" aria-hidden=\"true\"><\/i><\/a>\n\n<\/div><\/article><article class=\"post project-odd visible post-59806 type-post status-publish format-standard has-post-thumbnail hentry category-haberler category-523 description-off\" data-name=\"Ekonomiye Y\u00f6n Veren Kolejliler II Panelimizin 1. Oturumu\" data-date=\"2025-11-30T09:18:03+00:00\">\n\n<div class=\"post-thumbnail-wrap\">\n\t<div class=\"post-thumbnail\">\n\n\t\t\n\t\t<span class=\"fancy-categories\"><a href=\"https:\/\/kid.org.tr\/en\/category\/haberler\/\" rel=\"category tag\">News<\/a><\/span>\n\t\t<a href=\"https:\/\/kid.org.tr\/en\/2025\/11\/30\/ekonomiye-yon-veren-kolejliler-ii-panelimizin-1-oturumu\/\" class=\"post-thumbnail-rollover layzr-bg layzr-bg\" ><img decoding=\"async\" class=\"lazy-load preload-me lazy-load aspect\" src=\"data:image\/svg+xml,%3Csvg%20xmlns%3D&#39;http%3A%2F%2Fwww.w3.org%2F2000%2Fsvg&#39;%20viewBox%3D&#39;0%200%20508%20508&#39;%2F%3E\" data-src=\"https:\/\/kid.org.tr\/wp-content\/uploads\/2025\/12\/1.oturum-508x508.jpg\" data-srcset=\"https:\/\/kid.org.tr\/wp-content\/uploads\/2025\/12\/1.oturum-508x508.jpg 508w\" loading=\"eager\" style=\"--ratio: 508 \/ 508\" sizes=\"(max-width: 508px) 100vw, 508px\" alt=\"\" title=\"1.oturum\" width=\"508\" height=\"508\"  \/><\/a>\n\t<\/div>\n<\/div>\n\n\n<div class=\"post-entry-content\">\n\n\t<h3 class=\"entry-title\">\n\t\t<a href=\"https:\/\/kid.org.tr\/en\/2025\/11\/30\/ekonomiye-yon-veren-kolejliler-ii-panelimizin-1-oturumu\/\" title=\"Ekonomiye Y\u00f6n Veren Kolejliler II Panelimizin 1. Oturumu\" rel=\"bookmark\">Ekonomiye Y\u00f6n Veren Kolejliler II Panelimizin 1. Oturumu<\/a>\n\t<\/h3>\n\n\t<div class=\"entry-meta\"><a href=\"https:\/\/kid.org.tr\/en\/2025\/11\/30\/\" title=\"9:18 am\" class=\"data-link\" rel=\"bookmark\"><time class=\"entry-date updated\" datetime=\"2025-11-30T09:18:03+00:00\">November 30, 2025<\/time><\/a><\/div>\n\t\n\t\n<a href=\"https:\/\/kid.org.tr\/en\/2025\/11\/30\/ekonomiye-yon-veren-kolejliler-ii-panelimizin-1-oturumu\/\" class=\"post-details details-type-link\" aria-label=\"Read more about Ekonomiye Y\u00f6n Veren Kolejliler II Panelimizin 1. Oturumu\">Details<i class=\"dt-icon-the7-arrow-03\" aria-hidden=\"true\"><\/i><\/a>\n\n<\/div><\/article><article class=\"post project-odd visible post-59810 type-post status-publish format-standard has-post-thumbnail hentry category-haberler category-523 description-off\" data-name=\"Ekonomiye Y\u00f6n Veren Kolejliler II Panelimizin 2. Oturumu\" data-date=\"2025-11-30T08:19:07+00:00\">\n\n<div class=\"post-thumbnail-wrap\">\n\t<div class=\"post-thumbnail\">\n\n\t\t\n\t\t<span class=\"fancy-categories\"><a href=\"https:\/\/kid.org.tr\/en\/category\/haberler\/\" rel=\"category tag\">News<\/a><\/span>\n\t\t<a href=\"https:\/\/kid.org.tr\/en\/2025\/11\/30\/ekonomiye-yon-veren-kolejliler-ii-panelimizin-2-oturumu\/\" class=\"post-thumbnail-rollover layzr-bg layzr-bg\" ><img decoding=\"async\" class=\"lazy-load preload-me lazy-load aspect\" src=\"data:image\/svg+xml,%3Csvg%20xmlns%3D&#39;http%3A%2F%2Fwww.w3.org%2F2000%2Fsvg&#39;%20viewBox%3D&#39;0%200%20508%20508&#39;%2F%3E\" data-src=\"https:\/\/kid.org.tr\/wp-content\/uploads\/2025\/12\/2.oturum-508x508.jpg\" data-srcset=\"https:\/\/kid.org.tr\/wp-content\/uploads\/2025\/12\/2.oturum-508x508.jpg 508w\" loading=\"eager\" style=\"--ratio: 508 \/ 508\" sizes=\"(max-width: 508px) 100vw, 508px\" alt=\"\" title=\"2.oturum\" width=\"508\" height=\"508\"  \/><\/a>\n\t<\/div>\n<\/div>\n\n\n<div class=\"post-entry-content\">\n\n\t<h3 class=\"entry-title\">\n\t\t<a href=\"https:\/\/kid.org.tr\/en\/2025\/11\/30\/ekonomiye-yon-veren-kolejliler-ii-panelimizin-2-oturumu\/\" title=\"Ekonomiye Y\u00f6n Veren Kolejliler II Panelimizin 2. Oturumu\" rel=\"bookmark\">Ekonomiye Y\u00f6n Veren Kolejliler II Panelimizin 2. Oturumu<\/a>\n\t<\/h3>\n\n\t<div class=\"entry-meta\"><a href=\"https:\/\/kid.org.tr\/en\/2025\/11\/30\/\" title=\"8:19 am\" class=\"data-link\" rel=\"bookmark\"><time class=\"entry-date updated\" datetime=\"2025-11-30T08:19:07+00:00\">November 30, 2025<\/time><\/a><\/div>\n\t\n\t\n<a href=\"https:\/\/kid.org.tr\/en\/2025\/11\/30\/ekonomiye-yon-veren-kolejliler-ii-panelimizin-2-oturumu\/\" class=\"post-details details-type-link\" aria-label=\"Read more about Ekonomiye Y\u00f6n Veren Kolejliler II Panelimizin 2. Oturumu\">Details<i class=\"dt-icon-the7-arrow-03\" aria-hidden=\"true\"><\/i><\/a>\n\n<\/div><\/article><article class=\"post project-odd visible post-59761 type-post status-publish format-standard has-post-thumbnail hentry category-haberler category-523 description-off\" data-name=\"Ekonomiye Y\u00f6n Veren Kolejliler II Panelimize Davetlisiniz\" data-date=\"2025-11-13T15:09:07+00:00\">\n\n<div class=\"post-thumbnail-wrap\">\n\t<div class=\"post-thumbnail\">\n\n\t\t\n\t\t<span class=\"fancy-categories\"><a href=\"https:\/\/kid.org.tr\/en\/category\/haberler\/\" rel=\"category tag\">News<\/a><\/span>\n\t\t<a href=\"https:\/\/kid.org.tr\/en\/2025\/11\/13\/ekonomiye-yon-veren-kolejliler-ii-panelimize-davetlisiniz\/\" class=\"post-thumbnail-rollover layzr-bg layzr-bg\" ><img decoding=\"async\" class=\"lazy-load preload-me lazy-load aspect\" src=\"data:image\/svg+xml,%3Csvg%20xmlns%3D&#39;http%3A%2F%2Fwww.w3.org%2F2000%2Fsvg&#39;%20viewBox%3D&#39;0%200%20508%20508&#39;%2F%3E\" data-src=\"https:\/\/kid.org.tr\/wp-content\/uploads\/2025\/11\/haberler-davet-508x508.jpg\" data-srcset=\"https:\/\/kid.org.tr\/wp-content\/uploads\/2025\/11\/haberler-davet-508x508.jpg 508w\" loading=\"eager\" style=\"--ratio: 508 \/ 508\" sizes=\"(max-width: 508px) 100vw, 508px\" alt=\"\" title=\"haberler davet\" width=\"508\" height=\"508\"  \/><\/a>\n\t<\/div>\n<\/div>\n\n\n<div class=\"post-entry-content\">\n\n\t<h3 class=\"entry-title\">\n\t\t<a href=\"https:\/\/kid.org.tr\/en\/2025\/11\/13\/ekonomiye-yon-veren-kolejliler-ii-panelimize-davetlisiniz\/\" title=\"Ekonomiye Y\u00f6n Veren Kolejliler II Panelimize Davetlisiniz\" rel=\"bookmark\">Ekonomiye Y\u00f6n Veren Kolejliler II Panelimize Davetlisiniz<\/a>\n\t<\/h3>\n\n\t<div class=\"entry-meta\"><a href=\"https:\/\/kid.org.tr\/en\/2025\/11\/13\/\" title=\"3:09 pm\" class=\"data-link\" rel=\"bookmark\"><time class=\"entry-date updated\" datetime=\"2025-11-13T15:09:07+00:00\">November 13, 2025<\/time><\/a><\/div>\n\t\n\t\n<a href=\"https:\/\/kid.org.tr\/en\/2025\/11\/13\/ekonomiye-yon-veren-kolejliler-ii-panelimize-davetlisiniz\/\" class=\"post-details details-type-link\" aria-label=\"Read more about Ekonomiye Y\u00f6n Veren Kolejliler II Panelimize Davetlisiniz\">Details<i class=\"dt-icon-the7-arrow-03\" aria-hidden=\"true\"><\/i><\/a>\n\n<\/div><\/article><article class=\"post project-odd visible post-59756 type-post status-publish format-standard has-post-thumbnail hentry category-haberler category-523 description-off\" data-name=\"Konu\u015fmac\u0131lar\u0131m\u0131z-Ekonomiye Y\u00f6n Veren Kolejliler II\" data-date=\"2025-11-12T15:05:31+00:00\">\n\n<div class=\"post-thumbnail-wrap\">\n\t<div class=\"post-thumbnail\">\n\n\t\t\n\t\t<span class=\"fancy-categories\"><a href=\"https:\/\/kid.org.tr\/en\/category\/haberler\/\" rel=\"category tag\">News<\/a><\/span>\n\t\t<a href=\"https:\/\/kid.org.tr\/en\/2025\/11\/12\/konusmacilarimiz-ekonomiye-yon-veren-kolejliler-ii\/\" class=\"post-thumbnail-rollover layzr-bg layzr-bg\" ><img decoding=\"async\" class=\"lazy-load preload-me lazy-load aspect\" src=\"data:image\/svg+xml,%3Csvg%20xmlns%3D&#39;http%3A%2F%2Fwww.w3.org%2F2000%2Fsvg&#39;%20viewBox%3D&#39;0%200%20508%20508&#39;%2F%3E\" data-src=\"https:\/\/kid.org.tr\/wp-content\/uploads\/2025\/11\/haberler-konusmaci-508x508.jpg\" data-srcset=\"https:\/\/kid.org.tr\/wp-content\/uploads\/2025\/11\/haberler-konusmaci-508x508.jpg 508w\" loading=\"eager\" style=\"--ratio: 508 \/ 508\" sizes=\"(max-width: 508px) 100vw, 508px\" alt=\"\" title=\"haberler konus\u0327mac\u0131\" width=\"508\" height=\"508\"  \/><\/a>\n\t<\/div>\n<\/div>\n\n\n<div class=\"post-entry-content\">\n\n\t<h3 class=\"entry-title\">\n\t\t<a href=\"https:\/\/kid.org.tr\/en\/2025\/11\/12\/konusmacilarimiz-ekonomiye-yon-veren-kolejliler-ii\/\" title=\"Konu\u015fmac\u0131lar\u0131m\u0131z-Ekonomiye Y\u00f6n Veren Kolejliler II\" rel=\"bookmark\">Konu\u015fmac\u0131lar\u0131m\u0131z-Ekonomiye Y\u00f6n Veren Kolejliler II<\/a>\n\t<\/h3>\n\n\t<div class=\"entry-meta\"><a href=\"https:\/\/kid.org.tr\/en\/2025\/11\/12\/\" title=\"3:05 pm\" class=\"data-link\" rel=\"bookmark\"><time class=\"entry-date updated\" datetime=\"2025-11-12T15:05:31+00:00\">November 12, 2025<\/time><\/a><\/div>\n\t\n\t\n<a href=\"https:\/\/kid.org.tr\/en\/2025\/11\/12\/konusmacilarimiz-ekonomiye-yon-veren-kolejliler-ii\/\" class=\"post-details details-type-link\" aria-label=\"Read more about Konu\u015fmac\u0131lar\u0131m\u0131z-Ekonomiye Y\u00f6n Veren Kolejliler II\">Details<i class=\"dt-icon-the7-arrow-03\" aria-hidden=\"true\"><\/i><\/a>\n\n<\/div><\/article><div class=\"paginator\" role=\"navigation\"><span class=\"nav-prev disabled\">\u2192<\/span><a href=\"https:\/\/kid.org.tr\/en\/wp-json\/wp\/v2\/pages\/43237\/\" class=\"page-numbers act\" data-page-num=\"1\">1<\/a><a href=\"https:\/\/kid.org.tr\/en\/wp-json\/wp\/v2\/pages\/43237\/page\/2\/\" class=\"page-numbers\" data-page-num=\"2\">2<\/a><a href=\"https:\/\/kid.org.tr\/en\/wp-json\/wp\/v2\/pages\/43237\/page\/3\/\" class=\"page-numbers\" data-page-num=\"3\">3<\/a><a href=\"https:\/\/kid.org.tr\/en\/wp-json\/wp\/v2\/pages\/43237\/page\/4\/\" class=\"page-numbers\" data-page-num=\"4\">4<\/a><a href=\"https:\/\/kid.org.tr\/en\/wp-json\/wp\/v2\/pages\/43237\/page\/5\/\" class=\"page-numbers\" data-page-num=\"5\">5<\/a><a href=\"javascript:void(0);\" class=\"dots\">&#8230;<\/a><div style=\"display: none;\"><a href=\"https:\/\/kid.org.tr\/en\/wp-json\/wp\/v2\/pages\/43237\/page\/6\/\" class=\"page-numbers\" data-page-num=\"6\">6<\/a><a href=\"https:\/\/kid.org.tr\/en\/wp-json\/wp\/v2\/pages\/43237\/page\/7\/\" class=\"page-numbers\" data-page-num=\"7\">7<\/a><a href=\"https:\/\/kid.org.tr\/en\/wp-json\/wp\/v2\/pages\/43237\/page\/8\/\" class=\"page-numbers\" data-page-num=\"8\">8<\/a><a href=\"https:\/\/kid.org.tr\/en\/wp-json\/wp\/v2\/pages\/43237\/page\/9\/\" class=\"page-numbers\" data-page-num=\"9\">9<\/a><a href=\"https:\/\/kid.org.tr\/en\/wp-json\/wp\/v2\/pages\/43237\/page\/10\/\" class=\"page-numbers\" data-page-num=\"10\">10<\/a><a href=\"https:\/\/kid.org.tr\/en\/wp-json\/wp\/v2\/pages\/43237\/page\/11\/\" class=\"page-numbers\" data-page-num=\"11\">11<\/a><a href=\"https:\/\/kid.org.tr\/en\/wp-json\/wp\/v2\/pages\/43237\/page\/12\/\" class=\"page-numbers\" data-page-num=\"12\">12<\/a><a href=\"https:\/\/kid.org.tr\/en\/wp-json\/wp\/v2\/pages\/43237\/page\/13\/\" class=\"page-numbers\" data-page-num=\"13\">13<\/a><a href=\"https:\/\/kid.org.tr\/en\/wp-json\/wp\/v2\/pages\/43237\/page\/14\/\" class=\"page-numbers\" data-page-num=\"14\">14<\/a><a href=\"https:\/\/kid.org.tr\/en\/wp-json\/wp\/v2\/pages\/43237\/page\/15\/\" class=\"page-numbers\" data-page-num=\"15\">15<\/a><a href=\"https:\/\/kid.org.tr\/en\/wp-json\/wp\/v2\/pages\/43237\/page\/16\/\" class=\"page-numbers\" data-page-num=\"16\">16<\/a><a href=\"https:\/\/kid.org.tr\/en\/wp-json\/wp\/v2\/pages\/43237\/page\/17\/\" class=\"page-numbers\" data-page-num=\"17\">17<\/a><a href=\"https:\/\/kid.org.tr\/en\/wp-json\/wp\/v2\/pages\/43237\/page\/18\/\" class=\"page-numbers\" data-page-num=\"18\">18<\/a><a href=\"https:\/\/kid.org.tr\/en\/wp-json\/wp\/v2\/pages\/43237\/page\/19\/\" class=\"page-numbers\" data-page-num=\"19\">19<\/a><a href=\"https:\/\/kid.org.tr\/en\/wp-json\/wp\/v2\/pages\/43237\/page\/20\/\" class=\"page-numbers\" data-page-num=\"20\">20<\/a><a href=\"https:\/\/kid.org.tr\/en\/wp-json\/wp\/v2\/pages\/43237\/page\/21\/\" class=\"page-numbers\" data-page-num=\"21\">21<\/a><a href=\"https:\/\/kid.org.tr\/en\/wp-json\/wp\/v2\/pages\/43237\/page\/22\/\" class=\"page-numbers\" data-page-num=\"22\">22<\/a><a href=\"https:\/\/kid.org.tr\/en\/wp-json\/wp\/v2\/pages\/43237\/page\/23\/\" class=\"page-numbers\" data-page-num=\"23\">23<\/a><\/div><a href=\"https:\/\/kid.org.tr\/en\/wp-json\/wp\/v2\/pages\/43237\/page\/24\/\" class=\"page-numbers\" data-page-num=\"24\">24<\/a><a href=\"https:\/\/kid.org.tr\/en\/wp-json\/wp\/v2\/pages\/43237\/page\/2\/\" class=\"page-numbers nav-next filter-item\" data-page-num=\"2\" >\u2192<\/a><\/div><\/div><\/div><\/div><\/div><\/div>\n<\/div>","protected":false},"excerpt":{"rendered":"","protected":false},"author":1,"featured_media":0,"parent":0,"menu_order":20,"comment_status":"closed","ping_status":"closed","template":"","meta":{"footnotes":""},"class_list":["post-43237","page","type-page","status-publish","hentry","description-off"],"aioseo_notices":[],"_links":{"self":[{"href":"https:\/\/kid.org.tr\/en\/wp-json\/wp\/v2\/pages\/43237","targetHints":{"allow":["GET"]}}],"collection":[{"href":"https:\/\/kid.org.tr\/en\/wp-json\/wp\/v2\/pages"}],"about":[{"href":"https:\/\/kid.org.tr\/en\/wp-json\/wp\/v2\/types\/page"}],"author":[{"embeddable":true,"href":"https:\/\/kid.org.tr\/en\/wp-json\/wp\/v2\/users\/1"}],"replies":[{"embeddable":true,"href":"https:\/\/kid.org.tr\/en\/wp-json\/wp\/v2\/comments?post=43237"}],"version-history":[{"count":14,"href":"https:\/\/kid.org.tr\/en\/wp-json\/wp\/v2\/pages\/43237\/revisions"}],"predecessor-version":[{"id":57564,"href":"https:\/\/kid.org.tr\/en\/wp-json\/wp\/v2\/pages\/43237\/revisions\/57564"}],"wp:attachment":[{"href":"https:\/\/kid.org.tr\/en\/wp-json\/wp\/v2\/media?parent=43237"}],"curies":[{"name":"wp","href":"https:\/\/api.w.org\/{rel}","templated":true}]}}