{"id":57291,"date":"2023-09-28T13:39:50","date_gmt":"2023-09-28T13:39:50","guid":{"rendered":"http:\/\/kid.org.tr\/?page_id=57291"},"modified":"2023-10-17T07:30:20","modified_gmt":"2023-10-17T07:30:20","slug":"uye-aydinlatma-metni","status":"publish","type":"page","link":"https:\/\/kid.org.tr\/en\/uye-aydinlatma-metni\/","title":{"rendered":"Member Clarification Text"},"content":{"rendered":"<div class=\"wpb-content-wrapper\"><div class=\"vc_row wpb_row vc_row-fluid vc_custom_1573322132161 vc_row-o-content-middle vc_row-flex\"><div class=\"wpb_column vc_column_container vc_col-sm-12 vc_col-lg-12 vc_col-md-12 vc_col-xs-12\"><div class=\"vc_column-inner\"><div class=\"wpb_wrapper\">\n\t<div class=\"wpb_text_column wpb_content_element  vc_custom_1695911249646\" >\n\t\t<div class=\"wpb_wrapper\">\n\t\t\t<h2 style=\"text-align: center;\"><b>KOLEJL\u0130 \u0130\u015e \u0130NSANLARI DERNE\u011e\u0130\u00a0<\/b><\/h2>\n<h2 style=\"text-align: center;\"><b>\u00dcYE ADAYI AYDINLATMA METN\u0130<\/b><\/h2>\n\n\t\t<\/div>\n\t<\/div>\n\n\t<div class=\"wpb_text_column wpb_content_element\" >\n\t\t<div class=\"wpb_wrapper\">\n\t\t\t<p><span style=\"font-weight: 400;\">\u0130\u015fbu \u00fcye aday\u0131 ayd\u0131nlatma metninin amac\u0131; 6698 say\u0131l\u0131 Ki\u015fisel Verilerin \u0130\u015flenmesi Korunmas\u0131 Kanunu\u2019nun (\u201c<\/span><b>Kanun<\/b><span style=\"font-weight: 400;\">\u201d) 10. maddesi uyar\u0131nca, veri sorumlusunun kimli\u011fi, ki\u015fisel verilerinizin hangi ama\u00e7la i\u015flenece\u011fi, i\u015flenen ki\u015fisel verilerin kimlere ve hangi ama\u00e7la aktar\u0131labilece\u011fi, ki\u015fisel verilerinizin toplanma y\u00f6ntemi ve hukuki sebebi ile Kanun\u2019dan do\u011fan haklar\u0131n\u0131zla ilgili Kolejli \u0130\u015f \u0130nsanlar\u0131 Derne\u011fi taraf\u0131ndan \u00fcye adaylar\u0131na bilgi verilmesidir. <\/span><b>\u00a0<\/b><\/p>\n<h2><b>1. Veri Sorumlusu<\/b><\/h2>\n<p><span style=\"font-weight: 400;\">Kolejli \u0130\u015f \u0130nsanlar\u0131 Derne\u011fi (\u201c<\/span><b>Dernek<\/b><span style=\"font-weight: 400;\">\u201d), Kanun kapsam\u0131nda kimli\u011fi belirli veya belirlenebilir ger\u00e7ek ki\u015fiye ili\u015fkin her t\u00fcrl\u00fc bilgi olarak tan\u0131mlanan ki\u015fisel verilerin i\u015fleme ama\u00e7lar\u0131n\u0131 ve vas\u0131talar\u0131n\u0131 belirleyen, veri kay\u0131t sisteminin kurulmas\u0131ndan ve y\u00f6netilmesinden sorumlu t\u00fczel ki\u015fi olarak veri sorumlusu s\u0131fat\u0131na sahiptir. Veri sorumlusu olarak Derne\u011fimizin ki\u015fisel verilerini i\u015fledi\u011fi \u00fcye adaylar\u0131n\u0131 ayd\u0131nlatma, bu verilerin hukuka ayk\u0131r\u0131 olarak i\u015flenmesini veya verilere hukuka ayk\u0131r\u0131 olarak eri\u015fimi \u00f6nleme ve muhafazas\u0131n\u0131 sa\u011flama i\u00e7in gerekli idari ve teknik tedbirleri alma y\u00fck\u00fcml\u00fcl\u00fc\u011f\u00fc bulunmaktad\u0131r.\u00a0<\/span><\/p>\n<h2><b>2. \u0130\u015flenen Ki\u015fisel Verileriniz ve \u0130\u015flenme Ama\u00e7lar\u0131<\/b><\/h2>\n<p><span style=\"font-weight: 400;\">Ki\u015fisel verilerin tamamen veya k\u0131smen otomatik olan ya da herhangi bir veri kay\u0131t sisteminin par\u00e7as\u0131 olmak kayd\u0131yla otomatik olmayan yollarla elde edilmesi, kaydedilmesi, depolanmas\u0131, muhafaza edilmesi, de\u011fi\u015ftirilmesi, yeniden d\u00fczenlenmesi, a\u00e7\u0131klanmas\u0131, aktar\u0131lmas\u0131, devral\u0131nmas\u0131, elde edilebilir h\u00e2le getirilmesi, s\u0131n\u0131fland\u0131r\u0131lmas\u0131 ya da kullan\u0131lmas\u0131n\u0131n engellenmesi gibi veriler \u00fczerinde ger\u00e7ekle\u015ftirilen her t\u00fcrl\u00fc i\u015flem ki\u015fisel verilerin i\u015flenmesidir.\u00a0<\/span><\/p>\n<p><span style=\"font-weight: 400;\">Kimli\u011fi belirli veya belirlenebilir ger\u00e7ek ki\u015fiye ili\u015fkin kimlik, ileti\u015fim, e\u011fitim, meslek bilgisi gibi her t\u00fcrl\u00fc bilgi ki\u015fisel veridir. Ki\u015filerin \u0131rk\u0131, etnik k\u00f6keni, siyasi d\u00fc\u015f\u00fcncesi, felsefi inanc\u0131, dini, mezhebi veya di\u011fer inan\u00e7lar\u0131, k\u0131l\u0131k ve k\u0131yafeti, dernek, vak\u0131f ya da sendika \u00fcyeli\u011fi, sa\u011fl\u0131\u011f\u0131, cinsel hayat\u0131, ceza mahk\u00fbmiyeti ve g\u00fcvenlik tedbirleriyle ilgili verileri ile biyometrik ve genetik verileri ise \u00f6zel nitelikli ki\u015fisel veridir.<\/span><\/p>\n<p><span style=\"font-weight: 400;\">Kolejli \u0130\u015f \u0130nsanlar\u0131 Derne\u011fi taraf\u0131ndan \u00fcyelik ba\u015fvurunuz s\u0131ras\u0131nda yaz\u0131l\u0131 ya da elektronik olarak email vas\u0131tas\u0131yla ya da web sitesi \u00fczerinden bize iletti\u011finiz ad, soyad gibi kimlik bilgileriniz, mezun olunan okul, mezuniyet senesi gibi e\u011fitim bilgileriniz, i\u015f adresi, email, telefon gibi ileti\u015fim bilgileriniz, \u00e7al\u0131\u015f\u0131lan \u015firket, kurum, kurulu\u015f, g\u00f6rev, pozisyon gibi mesleki deneyim bilgileriniz i\u015flenmektedir. Bu kapsamda ki\u015fisel verileriniz Derne\u011fimiz taraf\u0131ndan \u00fcyelik ba\u015fvurusunun al\u0131nmas\u0131, ba\u015fvuru s\u00fcre\u00e7lerinin y\u00fcr\u00fct\u00fclmesi, \u00fcyelik ba\u015fvurusunun de\u011ferlendirilmesi ve karara ba\u011flanmas\u0131 ve bu kapsamda taraf\u0131n\u0131zla \u00fcyelik ba\u015fvurunuzla ilgili olarak ileti\u015fim kurulmas\u0131 ama\u00e7lar\u0131 ile i\u015flenmektedir.<\/span><\/p>\n<p><span style=\"font-weight: 400;\">Web sitemizi kullanman\u0131z sebebiyle kanunen tutulmas\u0131 zorunlu olan trafik bilgileriniz de i\u015flenmektedir.\u00a0<\/span><\/p>\n<h2><b>3. Ki\u015fisel Verilerinizin Aktar\u0131ld\u0131\u011f\u0131 Ki\u015filer ve Aktar\u0131lma Ama\u00e7lar\u0131:<\/b><\/h2>\n<p><span style=\"font-weight: 400;\">Yukar\u0131da a\u00e7\u0131klanan ama\u00e7larla i\u015flenen ki\u015fisel verileriniz Kanun\u2019un 5. maddesinde belirtilen a\u00e7\u0131k r\u0131zan\u0131z ve kanuni veya hukuki y\u00fck\u00fcml\u00fcl\u00fcklerimizin ifas\u0131 gibi a\u00e7\u0131k r\u0131za olmaks\u0131z\u0131n di\u011fer i\u015fleme \u015fartlar\u0131ndan birinin bulunmas\u0131 halinde, Kanun\u2019un 8. ve 9. maddelerinde belirtilen aktar\u0131m \u015fartlar\u0131na uyulmak kayd\u0131yla ba\u015fvurunuzun incelenmesi ve taraf\u0131n\u0131zla ileti\u015fim kurulabilmesi amac\u0131yla \u00dcyelik Komisyonu ve Dernek T\u00fcz\u00fc\u011f\u00fc\u2019n\u00fcn ve mevzuat\u0131n yetkilendirdi\u011fi \u015fekilde \u00fcyelik ba\u015fvurusunu inceleyip karara ba\u011flayacak olan Dernek Y\u00f6netim Kurulu ve \u00fcyelerimiz ile payla\u015f\u0131lmaktad\u0131r.<\/span><\/p>\n<p><span style=\"font-weight: 400;\">\u00dcyelik ba\u015fvurunuzun kabul edilmesi halinde \u00fcyeli\u011fe dair ad, soyad, TCKN, adres gibi mevzuatta belirtilen ki\u015fisel verilerinizi 5253 say\u0131l\u0131 Dernekler Kanunu ve ilgili mevzuattan do\u011fan kanuni ve hukuki y\u00fck\u00fcml\u00fcl\u00fcklerin ifas\u0131, gerekli bildirimlerin yerine getirilmesi amac\u0131yla, yetkili kamu kurum ve kuru\u015flar\u0131 ve gerekmesi halinde yarg\u0131 mercileri ile payla\u015fmaktay\u0131z.<\/span><\/p>\n<p><span style=\"font-weight: 400;\">Derne\u011fimiz taraf\u0131ndan yap\u0131lan ki\u015fisel veri aktar\u0131mlar\u0131 6698 say\u0131l\u0131 Kanun\u2019da \u00f6ng\u00f6r\u00fclen i\u015flendikleri ama\u00e7la ba\u011flant\u0131l\u0131, s\u0131n\u0131rl\u0131 ve \u00f6l\u00e7\u00fcl\u00fc olma ve hukuka ve d\u00fcr\u00fcstl\u00fck kurallar\u0131na uygun olma ilkeleri \u00e7er\u00e7evesinde ger\u00e7ekle\u015ftirilmektedir. Ki\u015fisel verilerin i\u015flenmesi, muhafazas\u0131 ve aktar\u0131lmas\u0131 s\u00fcre\u00e7lerinde ki\u015fisel verilerinize yetkisiz ve\/veya hukuka ayk\u0131r\u0131 olarak eri\u015filmemesi i\u00e7in gerekli idari ve teknik tedbirler uygulanmaktad\u0131r.<\/span><\/p>\n<h2><b>4. Ki\u015fisel Verilerinizin Toplanma Y\u00f6ntemi ve Hukuki Sebebi:\u00a0<\/b><\/h2>\n<p><span style=\"font-weight: 400;\">Derne\u011fimiz taraf\u0131ndan \u00fcye adaylar\u0131m\u0131z\u0131n ad\u0131-soyad\u0131, i\u015f ve ileti\u015fim bilgileri, mezun olunan okul, mezuniyet y\u0131l\u0131 gibi ki\u015fisel verileri \u00fcyelik ba\u015fvuru formunun derne\u011fimize web sitesi \u00fczerinden ya da mail yoluyla ula\u015ft\u0131r\u0131lmas\u0131 ile elektronik olarak veya yaz\u0131l\u0131 ya da s\u00f6zl\u00fc olarak derne\u011fimize ba\u015fvurulmas\u0131 ile elektronik olmayan y\u00f6ntemlerle toplanmaktad\u0131r.<\/span><\/p>\n<p><span style=\"font-weight: 400;\">\u00dcyelik ba\u015fvuru s\u00fcrecinde taraf\u0131n\u0131zca do\u011frudan derne\u011fimize sa\u011flanan ki\u015fisel verileriniz 6698 say\u0131l\u0131 Kanun\u2019un 5. Maddesi kapsam\u0131nda a\u00e7\u0131k r\u0131zan\u0131zla ve a\u015fa\u011f\u0131da belirtilen ki\u015fisel verilerin i\u015flenmesi \u015fartlar\u0131ndan birinin varl\u0131\u011f\u0131 halinde a\u00e7\u0131k r\u0131zan\u0131z olmaks\u0131z\u0131n i\u015flenebilecektir:<\/span><\/p>\n<ul>\n<li style=\"font-weight: 400;\" aria-level=\"1\"><span style=\"font-weight: 400;\">Dernekler Kanunu gibi ilgili kanunlarda a\u00e7\u0131k\u00e7a \u00f6ng\u00f6r\u00fclmesi.<\/span><\/li>\n<li style=\"font-weight: 400;\" aria-level=\"1\"><span style=\"font-weight: 400;\">Derne\u011fimizin dernek t\u00fcz\u00fc\u011f\u00fc ve Dernekler Kanunu gibi ilgili mevzuattan do\u011fan hukuki y\u00fck\u00fcml\u00fcl\u00fcklerini yerine getirebilmesi i\u00e7in zorunlu olmas\u0131.<\/span><\/li>\n<li style=\"font-weight: 400;\" aria-level=\"1\"><span style=\"font-weight: 400;\">Bir hakk\u0131n tesisi, kullan\u0131lmas\u0131 veya korunmas\u0131 i\u00e7in veri i\u015flemenin zorunlu olmas\u0131.<\/span><\/li>\n<li style=\"font-weight: 400;\" aria-level=\"1\"><span style=\"font-weight: 400;\">\u0130lgili ki\u015finin temel hak ve \u00f6zg\u00fcrl\u00fcklerine zarar vermemek kayd\u0131yla dernek merkezi g\u00fcvenli\u011finin sa\u011flanmas\u0131 ve \u00fcyelik ba\u015fvurunuzun de\u011ferlendirilmesi kapsam\u0131nda derne\u011fimizin me\u015fru menfaatleri i\u00e7in veri i\u015flenmesinin zorunlu olmas\u0131.<\/span><\/li>\n<\/ul>\n<h2><b>5. Kanun Kapsam\u0131nda Haklar\u0131n\u0131z\u00a0<\/b><\/h2>\n<p><span style=\"font-weight: 400;\">Kanun\u2019un 11. Maddesi kapsam\u0131nda Derne\u011fimize ba\u015fvurarak kullanabilece\u011finiz haklar\u0131n\u0131z a\u015fa\u011f\u0131da a\u00e7\u0131klanmaktad\u0131r:\u00a0<\/span><\/p>\n<ol>\n<li style=\"font-weight: 400;\" aria-level=\"1\"><span style=\"font-weight: 400;\">Ki\u015fisel verilerinizin i\u015flenip i\u015flenmedi\u011fini \u00f6\u011frenme,<\/span><\/li>\n<li style=\"font-weight: 400;\" aria-level=\"1\"><span style=\"font-weight: 400;\">Ki\u015fisel verileriniz i\u015flenmi\u015fse buna ili\u015fkin bilgi talep etme,<\/span><\/li>\n<li style=\"font-weight: 400;\" aria-level=\"1\"><span style=\"font-weight: 400;\">Ki\u015fisel verilerin i\u015flenme amac\u0131n\u0131 ve bunlar\u0131n amac\u0131na uygun kullan\u0131l\u0131p kullan\u0131lmad\u0131\u011f\u0131n\u0131 \u00f6\u011frenme,<\/span><\/li>\n<li style=\"font-weight: 400;\" aria-level=\"1\"><span style=\"font-weight: 400;\">Yurt i\u00e7inde veya yurt d\u0131\u015f\u0131nda ki\u015fisel verilerin aktar\u0131ld\u0131\u011f\u0131 \u00fc\u00e7\u00fcnc\u00fc ki\u015fileri bilme,<\/span><\/li>\n<li style=\"font-weight: 400;\" aria-level=\"1\"><span style=\"font-weight: 400;\">Ki\u015fisel verilerin eksik veya yanl\u0131\u015f i\u015flenmi\u015f olmas\u0131 h\u00e2linde bunlar\u0131n d\u00fczeltilmesini isteme,<\/span><\/li>\n<li style=\"font-weight: 400;\" aria-level=\"1\"><span style=\"font-weight: 400;\">Kanun\u2019un 7. maddesinde \u00f6ng\u00f6r\u00fclen \u015fartlar \u00e7er\u00e7evesinde ki\u015fisel verilerin silinmesini veya yok edilmesini isteme,<\/span><\/li>\n<li style=\"font-weight: 400;\" aria-level=\"1\"><span style=\"font-weight: 400;\">(e) ve (f) bentleri uyar\u0131nca yap\u0131lan i\u015flemlerin, ki\u015fisel verilerin aktar\u0131ld\u0131\u011f\u0131 \u00fc\u00e7\u00fcnc\u00fc ki\u015filere bildirilmesini isteme,<\/span><\/li>\n<li style=\"font-weight: 400;\" aria-level=\"1\"><span style=\"font-weight: 400;\">\u0130\u015flenen verilerin m\u00fcnhas\u0131ran otomatik sistemler vas\u0131tas\u0131yla analiz edilmesi suretiyle ki\u015finin kendisi aleyhine bir sonucun ortaya \u00e7\u0131kmas\u0131na itiraz etme,<\/span><\/li>\n<li style=\"font-weight: 400;\" aria-level=\"1\"><span style=\"font-weight: 400;\">Ki\u015fisel verilerin kanuna ayk\u0131r\u0131 olarak i\u015flenmesi sebebiyle zarara u\u011framas\u0131 h\u00e2linde zarar\u0131n giderilmesini talep etme.\u00a0<\/span><\/li>\n<\/ol>\n<p><span style=\"font-weight: 400;\">Taleplerinizi, yaz\u0131l\u0131 olarak veya kay\u0131tl\u0131 elektronik posta (KEP) adresi, g\u00fcvenli elektronik imza, mobil imza ya da daha \u00f6nce Derne\u011fimize bildirilen ve sistemimizde kay\u0131tl\u0131 bulunan elektronik posta adresini kullanmak suretiyle Dernek merkezimizin bulundu\u011fu \u201cY\u0131ld\u0131zevler Mahallesi, 718. Sk. 13\/10, 06600 \u00c7ankaya\/Ankara<\/span><i><span style=\"font-weight: 400;\">\u201d<\/span><\/i><span style=\"font-weight: 400;\"> adresine yaz\u0131l\u0131 olarak veya <\/span><a href=\"mailto:info@kid.org.tr\"><span style=\"font-weight: 400;\">info@kid.org.tr<\/span><\/a><span style=\"font-weight: 400;\">\u00a0 e-mail adresine iletebilirsiniz. Dilerseniz ba\u015fvuru i\u00e7in <\/span><a href=\"https:\/\/kid.org.tr\/en\/\"><span style=\"font-weight: 400;\">https:\/\/kid.org.tr\/<\/span><\/a><span style=\"font-weight: 400;\"> adresinde bulunan \u201c<\/span><i><span style=\"font-weight: 400;\">\u0130lgili Ki\u015fi Ba\u015fvuru Formunu<\/span><\/i><span style=\"font-weight: 400;\">\u201d kullanabilirsiniz.\u00a0<\/span><\/p>\n<p><span style=\"font-weight: 400;\">Ba\u015fvurunuzda a\u015fa\u011f\u0131da belirtilen bilgilerin yer almas\u0131 zorunludur ve talebinizle ilgili e\u011fer varsa bilgi ve belgelerin ba\u015fvuruya eklenmesi gerekmektedir.\u00a0<\/span><\/p>\n<ol>\n<li style=\"font-weight: 400;\" aria-level=\"1\"><span style=\"font-weight: 400;\">Ad, soyad ve ba\u015fvuru yaz\u0131l\u0131 ise imza,<\/span><\/li>\n<li style=\"font-weight: 400;\" aria-level=\"1\"><span style=\"font-weight: 400;\">T\u00fcrkiye Cumhuriyeti vatanda\u015flar\u0131 i\u00e7in T.C. kimlik numaras\u0131, yabanc\u0131lar i\u00e7in uyru\u011fu, pasaport numaras\u0131 veya varsa kimlik numaras\u0131,<\/span><\/li>\n<li style=\"font-weight: 400;\" aria-level=\"1\"><span style=\"font-weight: 400;\">Tebligata esas yerle\u015fim yeri veya i\u015f yeri adresi,<\/span><\/li>\n<li style=\"font-weight: 400;\" aria-level=\"1\"><span style=\"font-weight: 400;\">Varsa bildirime esas elektronik posta adresi, telefon ve faks numaras\u0131,<\/span><\/li>\n<li style=\"font-weight: 400;\" aria-level=\"1\"><span style=\"font-weight: 400;\">Talep konusu.<\/span><\/li>\n<\/ol>\n<p><span style=\"font-weight: 400;\">Derne\u011fimiz ba\u015fvuruda yer alan talepleri, talebin niteli\u011fine g\u00f6re en ge\u00e7 otuz g\u00fcn i\u00e7inde yaz\u0131l\u0131 olarak veya elektronik ortamda \u00fccretsiz olarak sonu\u00e7land\u0131r\u0131r. Ancak i\u015flemin ayr\u0131ca bir maliyet gerektirmesi halinde, Veri Sorumlusuna Ba\u015fvuru Usul ve Esaslar\u0131 Hakk\u0131nda Tebli\u011f kapsam\u0131nda belirlenen \u00fccret al\u0131nabilir.\u00a0<\/span><\/p>\n\n\t\t<\/div>\n\t<\/div>\n<\/div><\/div><\/div><\/div>\n<\/div>","protected":false},"excerpt":{"rendered":"<p>KOLEJL\u0130 \u0130\u015e \u0130NSANLARI DERNE\u011e\u0130\u00a0 \u00dcYE ADAYI AYDINLATMA METN\u0130 \u0130\u015fbu \u00fcye aday\u0131 ayd\u0131nlatma metninin amac\u0131; 6698 say\u0131l\u0131 Ki\u015fisel Verilerin \u0130\u015flenmesi Korunmas\u0131 Kanunu\u2019nun (\u201cKanun\u201d) 10. maddesi uyar\u0131nca, veri sorumlusunun kimli\u011fi, ki\u015fisel verilerinizin hangi ama\u00e7la i\u015flenece\u011fi, i\u015flenen ki\u015fisel verilerin kimlere ve hangi ama\u00e7la aktar\u0131labilece\u011fi, ki\u015fisel verilerinizin toplanma y\u00f6ntemi ve hukuki sebebi ile Kanun\u2019dan do\u011fan haklar\u0131n\u0131zla ilgili Kolejli \u0130\u015f&hellip;<\/p>","protected":false},"author":1,"featured_media":0,"parent":0,"menu_order":10,"comment_status":"closed","ping_status":"closed","template":"","meta":{"footnotes":""},"class_list":["post-57291","page","type-page","status-publish","hentry","description-off"],"aioseo_notices":[],"_links":{"self":[{"href":"https:\/\/kid.org.tr\/en\/wp-json\/wp\/v2\/pages\/57291","targetHints":{"allow":["GET"]}}],"collection":[{"href":"https:\/\/kid.org.tr\/en\/wp-json\/wp\/v2\/pages"}],"about":[{"href":"https:\/\/kid.org.tr\/en\/wp-json\/wp\/v2\/types\/page"}],"author":[{"embeddable":true,"href":"https:\/\/kid.org.tr\/en\/wp-json\/wp\/v2\/users\/1"}],"replies":[{"embeddable":true,"href":"https:\/\/kid.org.tr\/en\/wp-json\/wp\/v2\/comments?post=57291"}],"version-history":[{"count":3,"href":"https:\/\/kid.org.tr\/en\/wp-json\/wp\/v2\/pages\/57291\/revisions"}],"predecessor-version":[{"id":57294,"href":"https:\/\/kid.org.tr\/en\/wp-json\/wp\/v2\/pages\/57291\/revisions\/57294"}],"wp:attachment":[{"href":"https:\/\/kid.org.tr\/en\/wp-json\/wp\/v2\/media?parent=57291"}],"curies":[{"name":"wp","href":"https:\/\/api.w.org\/{rel}","templated":true}]}}