{"id":57338,"date":"2023-10-12T09:08:28","date_gmt":"2023-10-12T09:08:28","guid":{"rendered":"http:\/\/kid.org.tr\/?page_id=57338"},"modified":"2023-10-17T07:21:32","modified_gmt":"2023-10-17T07:21:32","slug":"denetim-kurulu","status":"publish","type":"page","link":"https:\/\/kid.org.tr\/en\/denetim-kurulu\/","title":{"rendered":"Supervisory Board"},"content":{"rendered":"<div class=\"wpb-content-wrapper\"><div class=\"vc_row wpb_row vc_row-fluid vc_custom_1573386006934\"><div class=\"wpb_column vc_column_container vc_col-sm-12\"><div class=\"vc_column-inner\"><div class=\"wpb_wrapper\"><style type=\"text\/css\" data-type=\"the7_shortcodes-inline-css\">.dt-team-shortcode.team-masonry-shortcode-id-bf8e720381d484cf7857299ee396d78c .team-desc {\n  padding: 30px 30px 30px 30px;\n}\n.dt-team-shortcode.team-masonry-shortcode-id-bf8e720381d484cf7857299ee396d78c .team-author-name,\n.dt-team-shortcode.team-masonry-shortcode-id-bf8e720381d484cf7857299ee396d78c .team-author-name a {\n  margin-bottom: 0px;\n  font-weight: bold;\n}\n.dt-team-shortcode.team-masonry-shortcode-id-bf8e720381d484cf7857299ee396d78c .team-author p {\n  margin-bottom: 8px;\n  font-weight: bold;\n}\n.dt-team-shortcode.team-masonry-shortcode-id-bf8e720381d484cf7857299ee396d78c  .team-media {\n  padding: 30px 30px 0px 30px;\n}\n.dt-team-shortcode.team-masonry-shortcode-id-bf8e720381d484cf7857299ee396d78c  .team-media a,\n.dt-team-shortcode.team-masonry-shortcode-id-bf8e720381d484cf7857299ee396d78c  .team-media > span,\n.dt-team-shortcode.team-masonry-shortcode-id-bf8e720381d484cf7857299ee396d78c  .team-media img {\n  max-width: 200px;\n}\n.dt-team-shortcode.team-masonry-shortcode-id-bf8e720381d484cf7857299ee396d78c .dt-css-grid .team-media img {\n  width: 200px;\n  max-width: 100%;\n}\n.dt-team-shortcode.team-masonry-shortcode-id-bf8e720381d484cf7857299ee396d78c .team-content {\n  margin-bottom: 5px;\n}\n.dt-team-shortcode.team-masonry-shortcode-id-bf8e720381d484cf7857299ee396d78c  .team-media,\n.dt-team-shortcode.team-masonry-shortcode-id-bf8e720381d484cf7857299ee396d78c  .team-media a.rollover,\n.dt-team-shortcode.team-masonry-shortcode-id-bf8e720381d484cf7857299ee396d78c  .team-media a.rollover *,\n.dt-team-shortcode.team-masonry-shortcode-id-bf8e720381d484cf7857299ee396d78c  .team-media img {\n  border-radius: 500px;\n}\n.dt-team-shortcode.team-masonry-shortcode-id-bf8e720381d484cf7857299ee396d78c .soc-ico {\n  margin-bottom: 15px;\n}\n.dt-team-shortcode.team-masonry-shortcode-id-bf8e720381d484cf7857299ee396d78c .soc-ico a {\n  min-width: 28px;\n  min-height: 28px;\n  font-size: 16px;\n  border-radius: 100px;\n}\n.dt-team-shortcode.team-masonry-shortcode-id-bf8e720381d484cf7857299ee396d78c .soc-ico a:not(:last-child) {\n  margin-right: 6px;\n}\n.dt-team-shortcode.team-masonry-shortcode-id-bf8e720381d484cf7857299ee396d78c .soc-ico a:before,\n.dt-team-shortcode.team-masonry-shortcode-id-bf8e720381d484cf7857299ee396d78c .soc-ico a:after {\n  min-width: 28px;\n  min-height: 28px;\n  padding: inherit;\n}\n.dt-icon-border-on.dt-team-shortcode.team-masonry-shortcode-id-bf8e720381d484cf7857299ee396d78c .soc-ico a:before {\n  border: 0px solid transparent;\n}\n#main .dt-icon-bg-on.dt-team-shortcode.team-masonry-shortcode-id-bf8e720381d484cf7857299ee396d78c .soc-ico a:before {\n  background: rgba(0,0,0,0.07);\n  -webkit-box-shadow: none;\n  box-shadow: none;\n}\n.dt-team-shortcode.team-masonry-shortcode-id-bf8e720381d484cf7857299ee396d78c .soc-ico a:hover {\n  font-size: 16px;\n}\n#page .dt-team-shortcode.team-masonry-shortcode-id-bf8e720381d484cf7857299ee396d78c .soc-ico a:hover .soc-font-icon {\n  color: #ffffff;\n  background: none;\n}\n.dt-icon-border-hover-on.dt-team-shortcode.team-masonry-shortcode-id-bf8e720381d484cf7857299ee396d78c .soc-ico a:after {\n  border: 0px solid transparent;\n}\n#page .dt-team-shortcode.team-masonry-shortcode-id-bf8e720381d484cf7857299ee396d78c .soc-ico a:not(:hover) .soc-font-icon {\n  color: rgba(0,0,0,0.3);\n  background: none;\n}\n.dt-team-shortcode.team-masonry-shortcode-id-bf8e720381d484cf7857299ee396d78c .soc-ico a .soc-font-icon {\n  font-size: 16px;\n}\n.dt-team-shortcode.team-masonry-shortcode-id-bf8e720381d484cf7857299ee396d78c .filter-bg-decoration .filter-categories a.act {\n  color: #fff;\n}\n.dt-team-shortcode.team-masonry-shortcode-id-bf8e720381d484cf7857299ee396d78c:not(.resize-by-browser-width) .dt-css-grid {\n  grid-row-gap: 20px;\n  grid-column-gap: 20px;\n  grid-template-columns: repeat(auto-fill,minmax(,1fr));\n}\n.cssgridlegacy.no-cssgrid .dt-team-shortcode.team-masonry-shortcode-id-bf8e720381d484cf7857299ee396d78c:not(.resize-by-browser-width) .dt-css-grid,\n.no-cssgridlegacy.no-cssgrid .dt-team-shortcode.team-masonry-shortcode-id-bf8e720381d484cf7857299ee396d78c:not(.resize-by-browser-width) .dt-css-grid {\n  display: flex;\n  flex-flow: row wrap;\n  margin: -10px;\n}\n.cssgridlegacy.no-cssgrid .dt-team-shortcode.team-masonry-shortcode-id-bf8e720381d484cf7857299ee396d78c:not(.resize-by-browser-width) .dt-css-grid .wf-cell,\n.no-cssgridlegacy.no-cssgrid .dt-team-shortcode.team-masonry-shortcode-id-bf8e720381d484cf7857299ee396d78c:not(.resize-by-browser-width) .dt-css-grid .wf-cell {\n  flex: 1 0 ;\n  max-width: 100%;\n  padding: 10px;\n  box-sizing: border-box;\n}\n.dt-team-shortcode.team-masonry-shortcode-id-bf8e720381d484cf7857299ee396d78c.resize-by-browser-width .dt-css-grid {\n  grid-template-columns: repeat(3,1fr);\n  grid-template-rows: auto;\n  grid-column-gap: 20px;\n  grid-row-gap: 20px;\n}\n.cssgridlegacy.no-cssgrid .dt-team-shortcode.team-masonry-shortcode-id-bf8e720381d484cf7857299ee396d78c.resize-by-browser-width .dt-css-grid,\n.no-cssgridlegacy.no-cssgrid .dt-team-shortcode.team-masonry-shortcode-id-bf8e720381d484cf7857299ee396d78c.resize-by-browser-width .dt-css-grid {\n  margin: -10px;\n}\n.cssgridlegacy.no-cssgrid .dt-team-shortcode.team-masonry-shortcode-id-bf8e720381d484cf7857299ee396d78c.resize-by-browser-width .dt-css-grid .wf-cell,\n.no-cssgridlegacy.no-cssgrid .dt-team-shortcode.team-masonry-shortcode-id-bf8e720381d484cf7857299ee396d78c.resize-by-browser-width .dt-css-grid .wf-cell {\n  width: 33.333333333333%;\n  padding: 10px;\n}\n@media screen and (max-width: 1199px) {\n  .dt-team-shortcode.team-masonry-shortcode-id-bf8e720381d484cf7857299ee396d78c.resize-by-browser-width .dt-css-grid {\n    grid-template-columns: repeat(3,1fr);\n  }\n  .cssgridlegacy.no-cssgrid .dt-team-shortcode.team-masonry-shortcode-id-bf8e720381d484cf7857299ee396d78c.resize-by-browser-width .dt-css-grid .wf-cell,\n  .no-cssgridlegacy.no-cssgrid .dt-team-shortcode.team-masonry-shortcode-id-bf8e720381d484cf7857299ee396d78c.resize-by-browser-width .dt-css-grid .wf-cell {\n    width: 33.333333333333%;\n  }\n}\n@media screen and (max-width: 991px) {\n  .dt-team-shortcode.team-masonry-shortcode-id-bf8e720381d484cf7857299ee396d78c.resize-by-browser-width .dt-css-grid {\n    grid-template-columns: repeat(2,1fr);\n  }\n  .cssgridlegacy.no-cssgrid .dt-team-shortcode.team-masonry-shortcode-id-bf8e720381d484cf7857299ee396d78c.resize-by-browser-width .dt-css-grid .wf-cell,\n  .no-cssgridlegacy.no-cssgrid .dt-team-shortcode.team-masonry-shortcode-id-bf8e720381d484cf7857299ee396d78c.resize-by-browser-width .dt-css-grid .wf-cell {\n    width: 50%;\n  }\n}\n@media screen and (max-width: 767px) {\n  .dt-team-shortcode.team-masonry-shortcode-id-bf8e720381d484cf7857299ee396d78c.resize-by-browser-width .dt-css-grid {\n    grid-template-columns: repeat(1,1fr);\n  }\n  .cssgridlegacy.no-cssgrid .dt-team-shortcode.team-masonry-shortcode-id-bf8e720381d484cf7857299ee396d78c.resize-by-browser-width .dt-css-grid .wf-cell,\n  .no-cssgridlegacy.no-cssgrid .dt-team-shortcode.team-masonry-shortcode-id-bf8e720381d484cf7857299ee396d78c.resize-by-browser-width .dt-css-grid .wf-cell {\n    width: 100%;\n  }\n}\n<\/style><div class=\"dt-team-masonry-shortcode dt-team-shortcode team-masonry-shortcode-id-bf8e720381d484cf7857299ee396d78c loading-effect-none mode-grid jquery-filter content-align-center content-bg-on dt-css-grid-wrap scale-img dt-css-grid-wrap disable-bg-rollover dt-icon-bg-on dt-icon-border-on dt-icon-hover-bg-on dt-icon-border-hover-on move-icons-under-position resize-by-browser-width\" data-padding=\"10px\" data-cur-page=\"1\" data-post-limit=\"-1\" data-pagination-mode=\"none\" data-desktop-columns-num=\"3\" data-v-tablet-columns-num=\"2\" data-h-tablet-columns-num=\"3\" data-phone-columns-num=\"1\" data-width=\"0px\" data-columns=\"0\"><div class=\"dt-css-grid\" ><div class=\"visible wf-cell\" data-post-id=\"57336\" data-date=\"2023-10-12T08:37:32+00:00\" data-name=\"\u0130lhan Cengiz BI\u00c7AK\u00c7IO\u011eLU&#039;82\"><div class=\"team-container visible post post-57336 dt_team type-dt_team status-publish has-post-thumbnail hentry dt_team_category-denetim-kurulu dt_team_category-dis-ticaret-danismanlik-finansal-hizmetler-sigorta-gayrimenkul dt_team_category-uye dt_team_category-520 dt_team_category-536 dt_team_category-519\"><div class=\"team-media\"><a href=\"https:\/\/kid.org.tr\/en\/dt_team\/cengiz-bicakcioglu82\/\" class=\"rollover layzr-bg\"><img fetchpriority=\"high\" decoding=\"async\" class=\"preload-me iso-lazy-load aspect\" src=\"data:image\/svg+xml,%3Csvg%20xmlns%3D&#39;http%3A%2F%2Fwww.w3.org%2F2000%2Fsvg&#39;%20viewBox%3D&#39;0%200%20331%20331&#39;%2F%3E\" data-src=\"https:\/\/kid.org.tr\/wp-content\/uploads\/2023\/10\/IMG_8966.jpg\" data-srcset=\"https:\/\/kid.org.tr\/wp-content\/uploads\/2023\/10\/IMG_8966.jpg 331w\" loading=\"eager\" style=\"--ratio: 331 \/ 331\" sizes=\"(max-width: 331px) 100vw, 331px\" width=\"331\" height=\"331\"  title=\"IMG_8966\" alt=\"\" \/><\/a><\/div><div class=\"team-desc\"><div class=\"team-author\"><div class=\"team-author-name\"><a href=\"https:\/\/kid.org.tr\/en\/dt_team\/cengiz-bicakcioglu82\/\">\u0130lhan Cengiz BI\u00c7AK\u00c7IO\u011eLU&#8217;82<\/a><\/div><p>Member<\/p><\/div><div class=\"team-content\"><p>TED Ankara Koleji<\/p>\n<\/div><div class=\"soc-ico\"><a title=\"Personal blog \/ website\" href=\"#\" target=\"_blank\" class=\"website\"><span class=\"soc-font-icon\"><\/span><span class=\"screen-reader-text\">Personal blog \/ website<\/span><\/a><a title=\"Facebook\" href=\"#\" target=\"_blank\" class=\"facebook\"><span class=\"soc-font-icon\"><\/span><span class=\"screen-reader-text\">Facebook<\/span><\/a><a title=\"X\" href=\"#\" target=\"_blank\" class=\"twitter\"><span class=\"soc-font-icon\"><\/span><span class=\"screen-reader-text\">X<\/span><\/a><a title=\"Linkedin\" href=\"#\" target=\"_blank\" class=\"linkedin\"><span class=\"soc-font-icon\"><\/span><span class=\"screen-reader-text\">Linkedin<\/span><\/a><a title=\"Instagram\" href=\"#\" target=\"_blank\" class=\"instagram\"><span class=\"soc-font-icon\"><\/span><span class=\"screen-reader-text\">Instagram<\/span><\/a><\/div>\n<a href=\"https:\/\/kid.org.tr\/en\/dt_team\/cengiz-bicakcioglu82\/\" class=\"dt-btn-s dt-btn post-details details-type-btn\" aria-label=\"Read more about \u0130lhan Cengiz BI\u00c7AK\u00c7IO\u011eLU&#8217;82\">Details<i class=\"dt-icon-the7-arrow-03\" aria-hidden=\"true\"><\/i><\/a>\n<\/div><\/div><\/div><div class=\"visible wf-cell\" data-post-id=\"57694\" data-date=\"2023-11-02T14:29:48+00:00\" data-name=\"Bahad\u0131r \u00c7AP\u00c7IO\u011eLU&#039;92\"><div class=\"team-container visible post post-57694 dt_team type-dt_team status-publish has-post-thumbnail hentry dt_team_category-denetim-kurulu dt_team_category-dis-ticaret-danismanlik-finansal-hizmetler-sigorta-gayrimenkul dt_team_category-uye dt_team_category-520 dt_team_category-536 dt_team_category-519\"><div class=\"team-media\"><a href=\"https:\/\/kid.org.tr\/en\/dt_team\/bahadir-capcioglu92\/\" class=\"rollover layzr-bg\"><img decoding=\"async\" class=\"preload-me iso-lazy-load aspect\" src=\"data:image\/svg+xml,%3Csvg%20xmlns%3D&#39;http%3A%2F%2Fwww.w3.org%2F2000%2Fsvg&#39;%20viewBox%3D&#39;0%200%20182%20182&#39;%2F%3E\" data-src=\"https:\/\/kid.org.tr\/wp-content\/uploads\/2023\/11\/Bahadir-Capcioglu-182x182.jpg\" data-srcset=\"https:\/\/kid.org.tr\/wp-content\/uploads\/2023\/11\/Bahadir-Capcioglu-182x182.jpg 182w\" loading=\"eager\" style=\"--ratio: 182 \/ 182\" sizes=\"(max-width: 182px) 100vw, 182px\" width=\"182\" height=\"182\"  title=\"Bahad\u0131r C\u0327apc\u0327\u0131og\u0306lu\" alt=\"\" \/><\/a><\/div><div class=\"team-desc\"><div class=\"team-author\"><div class=\"team-author-name\"><a href=\"https:\/\/kid.org.tr\/en\/dt_team\/bahadir-capcioglu92\/\">Bahad\u0131r \u00c7AP\u00c7IO\u011eLU&#8217;92<\/a><\/div><p>Member<\/p><\/div><div class=\"team-content\"><p>TED Ankara Koleji<\/p>\n<\/div><div class=\"soc-ico\"><a title=\"Personal blog \/ website\" href=\"#\" target=\"_blank\" class=\"website\"><span class=\"soc-font-icon\"><\/span><span class=\"screen-reader-text\">Personal blog \/ website<\/span><\/a><a title=\"Facebook\" href=\"#\" target=\"_blank\" class=\"facebook\"><span class=\"soc-font-icon\"><\/span><span class=\"screen-reader-text\">Facebook<\/span><\/a><a title=\"X\" href=\"#\" target=\"_blank\" class=\"twitter\"><span class=\"soc-font-icon\"><\/span><span class=\"screen-reader-text\">X<\/span><\/a><a title=\"Linkedin\" href=\"#\" target=\"_blank\" class=\"linkedin\"><span class=\"soc-font-icon\"><\/span><span class=\"screen-reader-text\">Linkedin<\/span><\/a><a title=\"Instagram\" href=\"#\" target=\"_blank\" class=\"instagram\"><span class=\"soc-font-icon\"><\/span><span class=\"screen-reader-text\">Instagram<\/span><\/a><\/div>\n<a href=\"https:\/\/kid.org.tr\/en\/dt_team\/bahadir-capcioglu92\/\" class=\"dt-btn-s dt-btn post-details details-type-btn\" aria-label=\"Read more about Bahad\u0131r \u00c7AP\u00c7IO\u011eLU&#8217;92\">Details<i class=\"dt-icon-the7-arrow-03\" aria-hidden=\"true\"><\/i><\/a>\n<\/div><\/div><\/div><div class=\"visible wf-cell\" data-post-id=\"57998\" data-date=\"2023-11-15T08:57:18+00:00\" data-name=\"Mertcan SEZER&#039;12\"><div class=\"team-container visible post post-57998 dt_team type-dt_team status-publish has-post-thumbnail hentry dt_team_category-denetim-kurulu dt_team_category-dis-ticaret-danismanlik-finansal-hizmetler-sigorta-gayrimenkul dt_team_category-uye dt_team_category-520 dt_team_category-536 dt_team_category-519\"><div class=\"team-media\"><a href=\"https:\/\/kid.org.tr\/en\/dt_team\/mertcan-sezer12\/\" class=\"rollover layzr-bg\"><img decoding=\"async\" class=\"preload-me iso-lazy-load aspect\" src=\"data:image\/svg+xml,%3Csvg%20xmlns%3D&#39;http%3A%2F%2Fwww.w3.org%2F2000%2Fsvg&#39;%20viewBox%3D&#39;0%200%20842%20842&#39;%2F%3E\" data-src=\"https:\/\/kid.org.tr\/wp-content\/uploads\/2023\/11\/mertcan-842x842.png\" data-srcset=\"https:\/\/kid.org.tr\/wp-content\/uploads\/2023\/11\/mertcan-842x842.png 842w\" loading=\"eager\" style=\"--ratio: 842 \/ 842\" sizes=\"(max-width: 842px) 100vw, 842px\" width=\"842\" height=\"842\"  title=\"mertcan\" alt=\"\" \/><\/a><\/div><div class=\"team-desc\"><div class=\"team-author\"><div class=\"team-author-name\"><a href=\"https:\/\/kid.org.tr\/en\/dt_team\/mertcan-sezer12\/\">Mertcan SEZER&#8217;12<\/a><\/div><p>Member<\/p><\/div><div class=\"team-content\"><p>TED Ankara Koleji<\/p>\n<\/div><div class=\"soc-ico\"><a title=\"Personal blog \/ website\" href=\"#\" target=\"_blank\" class=\"website\"><span class=\"soc-font-icon\"><\/span><span class=\"screen-reader-text\">Personal blog \/ website<\/span><\/a><a title=\"Facebook\" href=\"#\" target=\"_blank\" class=\"facebook\"><span class=\"soc-font-icon\"><\/span><span class=\"screen-reader-text\">Facebook<\/span><\/a><a title=\"X\" href=\"#\" target=\"_blank\" class=\"twitter\"><span class=\"soc-font-icon\"><\/span><span class=\"screen-reader-text\">X<\/span><\/a><a title=\"Linkedin\" href=\"#\" target=\"_blank\" class=\"linkedin\"><span class=\"soc-font-icon\"><\/span><span class=\"screen-reader-text\">Linkedin<\/span><\/a><a title=\"Instagram\" href=\"#\" target=\"_blank\" class=\"instagram\"><span class=\"soc-font-icon\"><\/span><span class=\"screen-reader-text\">Instagram<\/span><\/a><\/div>\n<a href=\"https:\/\/kid.org.tr\/en\/dt_team\/mertcan-sezer12\/\" class=\"dt-btn-s dt-btn post-details details-type-btn\" aria-label=\"Read more about Mertcan SEZER&#8217;12\">Details<i class=\"dt-icon-the7-arrow-03\" aria-hidden=\"true\"><\/i><\/a>\n<\/div><\/div><\/div><\/div><!-- iso-container|iso-grid --><\/div><\/div><\/div><\/div><\/div>\n<\/div>","protected":false},"excerpt":{"rendered":"","protected":false},"author":1,"featured_media":0,"parent":0,"menu_order":10,"comment_status":"closed","ping_status":"closed","template":"","meta":{"footnotes":""},"class_list":["post-57338","page","type-page","status-publish","hentry","description-off"],"aioseo_notices":[],"_links":{"self":[{"href":"https:\/\/kid.org.tr\/en\/wp-json\/wp\/v2\/pages\/57338","targetHints":{"allow":["GET"]}}],"collection":[{"href":"https:\/\/kid.org.tr\/en\/wp-json\/wp\/v2\/pages"}],"about":[{"href":"https:\/\/kid.org.tr\/en\/wp-json\/wp\/v2\/types\/page"}],"author":[{"embeddable":true,"href":"https:\/\/kid.org.tr\/en\/wp-json\/wp\/v2\/users\/1"}],"replies":[{"embeddable":true,"href":"https:\/\/kid.org.tr\/en\/wp-json\/wp\/v2\/comments?post=57338"}],"version-history":[{"count":2,"href":"https:\/\/kid.org.tr\/en\/wp-json\/wp\/v2\/pages\/57338\/revisions"}],"predecessor-version":[{"id":57582,"href":"https:\/\/kid.org.tr\/en\/wp-json\/wp\/v2\/pages\/57338\/revisions\/57582"}],"wp:attachment":[{"href":"https:\/\/kid.org.tr\/en\/wp-json\/wp\/v2\/media?parent=57338"}],"curies":[{"name":"wp","href":"https:\/\/api.w.org\/{rel}","templated":true}]}}