{"id":57343,"date":"2023-10-12T09:53:43","date_gmt":"2023-10-12T09:53:43","guid":{"rendered":"http:\/\/kid.org.tr\/?page_id=57343"},"modified":"2023-10-17T07:23:05","modified_gmt":"2023-10-17T07:23:05","slug":"disiplin-kurulu","status":"publish","type":"page","link":"https:\/\/kid.org.tr\/en\/disiplin-kurulu\/","title":{"rendered":"Disciplinary Board"},"content":{"rendered":"<div class=\"wpb-content-wrapper\"><div class=\"vc_row wpb_row vc_row-fluid vc_custom_1573386006934\"><div class=\"wpb_column vc_column_container vc_col-sm-12\"><div class=\"vc_column-inner\"><div class=\"wpb_wrapper\"><style type=\"text\/css\" data-type=\"the7_shortcodes-inline-css\">.dt-team-shortcode.team-masonry-shortcode-id-cba20fca2847fb8b407f493f31288da7 .team-desc {\n  padding: 30px 30px 30px 30px;\n}\n.dt-team-shortcode.team-masonry-shortcode-id-cba20fca2847fb8b407f493f31288da7 .team-author-name,\n.dt-team-shortcode.team-masonry-shortcode-id-cba20fca2847fb8b407f493f31288da7 .team-author-name a {\n  margin-bottom: 0px;\n  font-weight: bold;\n}\n.dt-team-shortcode.team-masonry-shortcode-id-cba20fca2847fb8b407f493f31288da7 .team-author p {\n  margin-bottom: 8px;\n  font-weight: bold;\n}\n.dt-team-shortcode.team-masonry-shortcode-id-cba20fca2847fb8b407f493f31288da7  .team-media {\n  padding: 30px 30px 0px 30px;\n}\n.dt-team-shortcode.team-masonry-shortcode-id-cba20fca2847fb8b407f493f31288da7  .team-media a,\n.dt-team-shortcode.team-masonry-shortcode-id-cba20fca2847fb8b407f493f31288da7  .team-media > span,\n.dt-team-shortcode.team-masonry-shortcode-id-cba20fca2847fb8b407f493f31288da7  .team-media img {\n  max-width: 200px;\n}\n.dt-team-shortcode.team-masonry-shortcode-id-cba20fca2847fb8b407f493f31288da7 .dt-css-grid .team-media img {\n  width: 200px;\n  max-width: 100%;\n}\n.dt-team-shortcode.team-masonry-shortcode-id-cba20fca2847fb8b407f493f31288da7 .team-content {\n  margin-bottom: 5px;\n}\n.dt-team-shortcode.team-masonry-shortcode-id-cba20fca2847fb8b407f493f31288da7  .team-media,\n.dt-team-shortcode.team-masonry-shortcode-id-cba20fca2847fb8b407f493f31288da7  .team-media a.rollover,\n.dt-team-shortcode.team-masonry-shortcode-id-cba20fca2847fb8b407f493f31288da7  .team-media a.rollover *,\n.dt-team-shortcode.team-masonry-shortcode-id-cba20fca2847fb8b407f493f31288da7  .team-media img {\n  border-radius: 500px;\n}\n.dt-team-shortcode.team-masonry-shortcode-id-cba20fca2847fb8b407f493f31288da7 .soc-ico {\n  margin-bottom: 15px;\n}\n.dt-team-shortcode.team-masonry-shortcode-id-cba20fca2847fb8b407f493f31288da7 .soc-ico a {\n  min-width: 28px;\n  min-height: 28px;\n  font-size: 16px;\n  border-radius: 100px;\n}\n.dt-team-shortcode.team-masonry-shortcode-id-cba20fca2847fb8b407f493f31288da7 .soc-ico a:not(:last-child) {\n  margin-right: 6px;\n}\n.dt-team-shortcode.team-masonry-shortcode-id-cba20fca2847fb8b407f493f31288da7 .soc-ico a:before,\n.dt-team-shortcode.team-masonry-shortcode-id-cba20fca2847fb8b407f493f31288da7 .soc-ico a:after {\n  min-width: 28px;\n  min-height: 28px;\n  padding: inherit;\n}\n.dt-icon-border-on.dt-team-shortcode.team-masonry-shortcode-id-cba20fca2847fb8b407f493f31288da7 .soc-ico a:before {\n  border: 0px solid transparent;\n}\n#main .dt-icon-bg-on.dt-team-shortcode.team-masonry-shortcode-id-cba20fca2847fb8b407f493f31288da7 .soc-ico a:before {\n  background: rgba(0,0,0,0.07);\n  -webkit-box-shadow: none;\n  box-shadow: none;\n}\n.dt-team-shortcode.team-masonry-shortcode-id-cba20fca2847fb8b407f493f31288da7 .soc-ico a:hover {\n  font-size: 16px;\n}\n#page .dt-team-shortcode.team-masonry-shortcode-id-cba20fca2847fb8b407f493f31288da7 .soc-ico a:hover .soc-font-icon {\n  color: #ffffff;\n  background: none;\n}\n.dt-icon-border-hover-on.dt-team-shortcode.team-masonry-shortcode-id-cba20fca2847fb8b407f493f31288da7 .soc-ico a:after {\n  border: 0px solid transparent;\n}\n#page .dt-team-shortcode.team-masonry-shortcode-id-cba20fca2847fb8b407f493f31288da7 .soc-ico a:not(:hover) .soc-font-icon {\n  color: rgba(0,0,0,0.3);\n  background: none;\n}\n.dt-team-shortcode.team-masonry-shortcode-id-cba20fca2847fb8b407f493f31288da7 .soc-ico a .soc-font-icon {\n  font-size: 16px;\n}\n.dt-team-shortcode.team-masonry-shortcode-id-cba20fca2847fb8b407f493f31288da7 .filter-bg-decoration .filter-categories a.act {\n  color: #fff;\n}\n.dt-team-shortcode.team-masonry-shortcode-id-cba20fca2847fb8b407f493f31288da7:not(.resize-by-browser-width) .dt-css-grid {\n  grid-row-gap: 20px;\n  grid-column-gap: 20px;\n  grid-template-columns: repeat(auto-fill,minmax(,1fr));\n}\n.cssgridlegacy.no-cssgrid .dt-team-shortcode.team-masonry-shortcode-id-cba20fca2847fb8b407f493f31288da7:not(.resize-by-browser-width) .dt-css-grid,\n.no-cssgridlegacy.no-cssgrid .dt-team-shortcode.team-masonry-shortcode-id-cba20fca2847fb8b407f493f31288da7:not(.resize-by-browser-width) .dt-css-grid {\n  display: flex;\n  flex-flow: row wrap;\n  margin: -10px;\n}\n.cssgridlegacy.no-cssgrid .dt-team-shortcode.team-masonry-shortcode-id-cba20fca2847fb8b407f493f31288da7:not(.resize-by-browser-width) .dt-css-grid .wf-cell,\n.no-cssgridlegacy.no-cssgrid .dt-team-shortcode.team-masonry-shortcode-id-cba20fca2847fb8b407f493f31288da7:not(.resize-by-browser-width) .dt-css-grid .wf-cell {\n  flex: 1 0 ;\n  max-width: 100%;\n  padding: 10px;\n  box-sizing: border-box;\n}\n.dt-team-shortcode.team-masonry-shortcode-id-cba20fca2847fb8b407f493f31288da7.resize-by-browser-width .dt-css-grid {\n  grid-template-columns: repeat(3,1fr);\n  grid-template-rows: auto;\n  grid-column-gap: 20px;\n  grid-row-gap: 20px;\n}\n.cssgridlegacy.no-cssgrid .dt-team-shortcode.team-masonry-shortcode-id-cba20fca2847fb8b407f493f31288da7.resize-by-browser-width .dt-css-grid,\n.no-cssgridlegacy.no-cssgrid .dt-team-shortcode.team-masonry-shortcode-id-cba20fca2847fb8b407f493f31288da7.resize-by-browser-width .dt-css-grid {\n  margin: -10px;\n}\n.cssgridlegacy.no-cssgrid .dt-team-shortcode.team-masonry-shortcode-id-cba20fca2847fb8b407f493f31288da7.resize-by-browser-width .dt-css-grid .wf-cell,\n.no-cssgridlegacy.no-cssgrid .dt-team-shortcode.team-masonry-shortcode-id-cba20fca2847fb8b407f493f31288da7.resize-by-browser-width .dt-css-grid .wf-cell {\n  width: 33.333333333333%;\n  padding: 10px;\n}\n@media screen and (max-width: 1199px) {\n  .dt-team-shortcode.team-masonry-shortcode-id-cba20fca2847fb8b407f493f31288da7.resize-by-browser-width .dt-css-grid {\n    grid-template-columns: repeat(3,1fr);\n  }\n  .cssgridlegacy.no-cssgrid .dt-team-shortcode.team-masonry-shortcode-id-cba20fca2847fb8b407f493f31288da7.resize-by-browser-width .dt-css-grid .wf-cell,\n  .no-cssgridlegacy.no-cssgrid .dt-team-shortcode.team-masonry-shortcode-id-cba20fca2847fb8b407f493f31288da7.resize-by-browser-width .dt-css-grid .wf-cell {\n    width: 33.333333333333%;\n  }\n}\n@media screen and (max-width: 991px) {\n  .dt-team-shortcode.team-masonry-shortcode-id-cba20fca2847fb8b407f493f31288da7.resize-by-browser-width .dt-css-grid {\n    grid-template-columns: repeat(2,1fr);\n  }\n  .cssgridlegacy.no-cssgrid .dt-team-shortcode.team-masonry-shortcode-id-cba20fca2847fb8b407f493f31288da7.resize-by-browser-width .dt-css-grid .wf-cell,\n  .no-cssgridlegacy.no-cssgrid .dt-team-shortcode.team-masonry-shortcode-id-cba20fca2847fb8b407f493f31288da7.resize-by-browser-width .dt-css-grid .wf-cell {\n    width: 50%;\n  }\n}\n@media screen and (max-width: 767px) {\n  .dt-team-shortcode.team-masonry-shortcode-id-cba20fca2847fb8b407f493f31288da7.resize-by-browser-width .dt-css-grid {\n    grid-template-columns: repeat(1,1fr);\n  }\n  .cssgridlegacy.no-cssgrid .dt-team-shortcode.team-masonry-shortcode-id-cba20fca2847fb8b407f493f31288da7.resize-by-browser-width .dt-css-grid .wf-cell,\n  .no-cssgridlegacy.no-cssgrid .dt-team-shortcode.team-masonry-shortcode-id-cba20fca2847fb8b407f493f31288da7.resize-by-browser-width .dt-css-grid .wf-cell {\n    width: 100%;\n  }\n}\n<\/style><div class=\"dt-team-masonry-shortcode dt-team-shortcode team-masonry-shortcode-id-cba20fca2847fb8b407f493f31288da7 loading-effect-none mode-grid jquery-filter content-align-center content-bg-on dt-css-grid-wrap scale-img dt-css-grid-wrap disable-bg-rollover dt-icon-bg-on dt-icon-border-on dt-icon-hover-bg-on dt-icon-border-hover-on move-icons-under-position resize-by-browser-width\" data-padding=\"10px\" data-cur-page=\"1\" data-post-limit=\"-1\" data-pagination-mode=\"none\" data-desktop-columns-num=\"3\" data-v-tablet-columns-num=\"2\" data-h-tablet-columns-num=\"3\" data-phone-columns-num=\"1\" data-width=\"0px\" data-columns=\"0\"><div class=\"dt-css-grid\" ><div class=\"visible wf-cell\" data-post-id=\"57340\" data-date=\"2023-10-12T09:42:36+00:00\" data-name=\"\u015eebnem AK\u0130PEK \u00d6CAL&#039;85\"><div class=\"team-container visible post post-57340 dt_team type-dt_team status-publish has-post-thumbnail hentry dt_team_category-disiplin-kurulu dt_team_category-egitim dt_team_category-uye dt_team_category-521 dt_team_category-537 dt_team_category-519\"><div class=\"team-media\"><a href=\"https:\/\/kid.org.tr\/en\/dt_team\/sebnem-akipek-ocal85\/\" class=\"rollover layzr-bg\"><img fetchpriority=\"high\" decoding=\"async\" class=\"preload-me iso-lazy-load aspect\" src=\"data:image\/svg+xml,%3Csvg%20xmlns%3D&#39;http%3A%2F%2Fwww.w3.org%2F2000%2Fsvg&#39;%20viewBox%3D&#39;0%200%20465%20465&#39;%2F%3E\" data-src=\"https:\/\/kid.org.tr\/wp-content\/uploads\/2023\/10\/sebnem-akipek-e1727881915288-465x465.jpg\" data-srcset=\"https:\/\/kid.org.tr\/wp-content\/uploads\/2023\/10\/sebnem-akipek-e1727881915288-465x465.jpg 465w\" loading=\"eager\" style=\"--ratio: 465 \/ 465\" sizes=\"(max-width: 465px) 100vw, 465px\" width=\"465\" height=\"465\"  title=\"s\u0327ebnem akipek\" alt=\"\" \/><\/a><\/div><div class=\"team-desc\"><div class=\"team-author\"><div class=\"team-author-name\"><a href=\"https:\/\/kid.org.tr\/en\/dt_team\/sebnem-akipek-ocal85\/\">\u015eebnem AK\u0130PEK \u00d6CAL&#8217;85<\/a><\/div><p>Member<\/p><\/div><div class=\"team-content\"><p>TED Ankara Koleji<\/p>\n<\/div><div class=\"soc-ico\"><a title=\"Personal blog \/ website\" href=\"#\" target=\"_blank\" class=\"website\"><span class=\"soc-font-icon\"><\/span><span class=\"screen-reader-text\">Personal blog \/ website<\/span><\/a><a title=\"Facebook\" href=\"#\" target=\"_blank\" class=\"facebook\"><span class=\"soc-font-icon\"><\/span><span class=\"screen-reader-text\">Facebook<\/span><\/a><a title=\"X\" href=\"#\" target=\"_blank\" class=\"twitter\"><span class=\"soc-font-icon\"><\/span><span class=\"screen-reader-text\">X<\/span><\/a><a title=\"Linkedin\" href=\"#\" target=\"_blank\" class=\"linkedin\"><span class=\"soc-font-icon\"><\/span><span class=\"screen-reader-text\">Linkedin<\/span><\/a><a title=\"Instagram\" href=\"#\" target=\"_blank\" class=\"instagram\"><span class=\"soc-font-icon\"><\/span><span class=\"screen-reader-text\">Instagram<\/span><\/a><\/div>\n<a href=\"https:\/\/kid.org.tr\/en\/dt_team\/sebnem-akipek-ocal85\/\" class=\"dt-btn-s dt-btn post-details details-type-btn\" aria-label=\"Read more about \u015eebnem AK\u0130PEK \u00d6CAL&#8217;85\">Details<i class=\"dt-icon-the7-arrow-03\" aria-hidden=\"true\"><\/i><\/a>\n<\/div><\/div><\/div><div class=\"visible wf-cell\" data-post-id=\"57342\" data-date=\"2023-10-12T09:47:30+00:00\" data-name=\"\u015eevki Onur \u00d6Z&#039;80\"><div class=\"team-container visible post post-57342 dt_team type-dt_team status-publish has-post-thumbnail hentry dt_team_category-disiplin-kurulu dt_team_category-hukuk dt_team_category-uye dt_team_category-521 dt_team_category-541 dt_team_category-519\"><div class=\"team-media\"><a href=\"https:\/\/kid.org.tr\/en\/dt_team\/sevki-onur-oz80\/\" class=\"rollover layzr-bg\"><img decoding=\"async\" class=\"preload-me iso-lazy-load aspect\" src=\"data:image\/svg+xml,%3Csvg%20xmlns%3D&#39;http%3A%2F%2Fwww.w3.org%2F2000%2Fsvg&#39;%20viewBox%3D&#39;0%200%20180%20180&#39;%2F%3E\" data-src=\"https:\/\/kid.org.tr\/wp-content\/uploads\/2023\/10\/onur-oz.jpg\" data-srcset=\"https:\/\/kid.org.tr\/wp-content\/uploads\/2023\/10\/onur-oz.jpg 180w\" loading=\"eager\" style=\"--ratio: 180 \/ 180\" sizes=\"(max-width: 180px) 100vw, 180px\" width=\"180\" height=\"180\"  title=\"onur-oz\" alt=\"\" \/><\/a><\/div><div class=\"team-desc\"><div class=\"team-author\"><div class=\"team-author-name\"><a href=\"https:\/\/kid.org.tr\/en\/dt_team\/sevki-onur-oz80\/\">\u015eevki Onur \u00d6Z&#8217;80<\/a><\/div><p>Member<\/p><\/div><div class=\"team-content\"><p>TED Ankara Koleji<\/p>\n<\/div><div class=\"soc-ico\"><a title=\"Personal blog \/ website\" href=\"#\" target=\"_blank\" class=\"website\"><span class=\"soc-font-icon\"><\/span><span class=\"screen-reader-text\">Personal blog \/ website<\/span><\/a><a title=\"Facebook\" href=\"#\" target=\"_blank\" class=\"facebook\"><span class=\"soc-font-icon\"><\/span><span class=\"screen-reader-text\">Facebook<\/span><\/a><a title=\"X\" href=\"#\" target=\"_blank\" class=\"twitter\"><span class=\"soc-font-icon\"><\/span><span class=\"screen-reader-text\">X<\/span><\/a><a title=\"Linkedin\" href=\"#\" target=\"_blank\" class=\"linkedin\"><span class=\"soc-font-icon\"><\/span><span class=\"screen-reader-text\">Linkedin<\/span><\/a><a title=\"Instagram\" href=\"#\" target=\"_blank\" class=\"instagram\"><span class=\"soc-font-icon\"><\/span><span class=\"screen-reader-text\">Instagram<\/span><\/a><\/div>\n<a href=\"https:\/\/kid.org.tr\/en\/dt_team\/sevki-onur-oz80\/\" class=\"dt-btn-s dt-btn post-details details-type-btn\" aria-label=\"Read more about \u015eevki Onur \u00d6Z&#8217;80\">Details<i class=\"dt-icon-the7-arrow-03\" aria-hidden=\"true\"><\/i><\/a>\n<\/div><\/div><\/div><div class=\"visible wf-cell\" data-post-id=\"57969\" data-date=\"2023-11-14T14:58:05+00:00\" data-name=\"Halil Kaya YORGANCI&#039;84\"><div class=\"team-container visible post post-57969 dt_team type-dt_team status-publish has-post-thumbnail hentry dt_team_category-disiplin-kurulu dt_team_category-uye dt_team_category-521 dt_team_category-519\"><div class=\"team-media\"><a href=\"https:\/\/kid.org.tr\/en\/dt_team\/halil-kaya-yorganci84\/\" class=\"rollover layzr-bg\"><img decoding=\"async\" class=\"preload-me iso-lazy-load aspect\" src=\"data:image\/svg+xml,%3Csvg%20xmlns%3D&#39;http%3A%2F%2Fwww.w3.org%2F2000%2Fsvg&#39;%20viewBox%3D&#39;0%200%20496%20496&#39;%2F%3E\" data-src=\"https:\/\/kid.org.tr\/wp-content\/uploads\/2023\/09\/kid-logo-496x496.png\" data-srcset=\"https:\/\/kid.org.tr\/wp-content\/uploads\/2023\/09\/kid-logo-496x496.png 496w\" loading=\"eager\" style=\"--ratio: 496 \/ 496\" sizes=\"(max-width: 496px) 100vw, 496px\" width=\"496\" height=\"496\"  title=\"kid-logo\" alt=\"\" \/><\/a><\/div><div class=\"team-desc\"><div class=\"team-author\"><div class=\"team-author-name\"><a href=\"https:\/\/kid.org.tr\/en\/dt_team\/halil-kaya-yorganci84\/\">Halil Kaya YORGANCI&#8217;84<\/a><\/div><p>Member<\/p><\/div><div class=\"team-content\"><p>TED Ankara Koleji<\/p>\n<\/div><div class=\"soc-ico\"><a title=\"Personal blog \/ website\" href=\"#\" target=\"_blank\" class=\"website\"><span class=\"soc-font-icon\"><\/span><span class=\"screen-reader-text\">Personal blog \/ website<\/span><\/a><a title=\"Facebook\" href=\"#\" target=\"_blank\" class=\"facebook\"><span class=\"soc-font-icon\"><\/span><span class=\"screen-reader-text\">Facebook<\/span><\/a><a title=\"X\" href=\"#\" target=\"_blank\" class=\"twitter\"><span class=\"soc-font-icon\"><\/span><span class=\"screen-reader-text\">X<\/span><\/a><a title=\"Linkedin\" href=\"#\" target=\"_blank\" class=\"linkedin\"><span class=\"soc-font-icon\"><\/span><span class=\"screen-reader-text\">Linkedin<\/span><\/a><a title=\"Instagram\" href=\"#\" target=\"_blank\" class=\"instagram\"><span class=\"soc-font-icon\"><\/span><span class=\"screen-reader-text\">Instagram<\/span><\/a><\/div>\n<a href=\"https:\/\/kid.org.tr\/en\/dt_team\/halil-kaya-yorganci84\/\" class=\"dt-btn-s dt-btn post-details details-type-btn\" aria-label=\"Read more about Halil Kaya YORGANCI&#8217;84\">Details<i class=\"dt-icon-the7-arrow-03\" aria-hidden=\"true\"><\/i><\/a>\n<\/div><\/div><\/div><\/div><!-- iso-container|iso-grid --><\/div><\/div><\/div><\/div><\/div>\n<\/div>","protected":false},"excerpt":{"rendered":"","protected":false},"author":1,"featured_media":0,"parent":0,"menu_order":10,"comment_status":"closed","ping_status":"closed","template":"","meta":{"footnotes":""},"class_list":["post-57343","page","type-page","status-publish","hentry","description-off"],"aioseo_notices":[],"_links":{"self":[{"href":"https:\/\/kid.org.tr\/en\/wp-json\/wp\/v2\/pages\/57343","targetHints":{"allow":["GET"]}}],"collection":[{"href":"https:\/\/kid.org.tr\/en\/wp-json\/wp\/v2\/pages"}],"about":[{"href":"https:\/\/kid.org.tr\/en\/wp-json\/wp\/v2\/types\/page"}],"author":[{"embeddable":true,"href":"https:\/\/kid.org.tr\/en\/wp-json\/wp\/v2\/users\/1"}],"replies":[{"embeddable":true,"href":"https:\/\/kid.org.tr\/en\/wp-json\/wp\/v2\/comments?post=57343"}],"version-history":[{"count":2,"href":"https:\/\/kid.org.tr\/en\/wp-json\/wp\/v2\/pages\/57343\/revisions"}],"predecessor-version":[{"id":57583,"href":"https:\/\/kid.org.tr\/en\/wp-json\/wp\/v2\/pages\/57343\/revisions\/57583"}],"wp:attachment":[{"href":"https:\/\/kid.org.tr\/en\/wp-json\/wp\/v2\/media?parent=57343"}],"curies":[{"name":"wp","href":"https:\/\/api.w.org\/{rel}","templated":true}]}}