{"id":58598,"date":"2024-02-06T11:03:23","date_gmt":"2024-02-06T11:03:23","guid":{"rendered":"https:\/\/kid.org.tr\/?page_id=58598"},"modified":"2024-02-07T11:00:27","modified_gmt":"2024-02-07T11:00:27","slug":"mentor-ve-mentinin-ortak-sorumluluklari-ve-beklentiler","status":"publish","type":"page","link":"https:\/\/kid.org.tr\/en\/mentor-ve-mentinin-ortak-sorumluluklari-ve-beklentiler\/","title":{"rendered":"Mentor ve Mentinin Ortak Sorumluluklar\u0131 ve Beklentiler"},"content":{"rendered":"<div class=\"wpb-content-wrapper\"><div class=\"vc_row wpb_row vc_row-fluid vc_custom_1573386006934\"><div class=\"wpb_column vc_column_container vc_col-sm-12\"><div class=\"vc_column-inner\"><div class=\"wpb_wrapper\">\n\t<div  class=\"wpb_single_image wpb_content_element vc_align_left\">\n\t\t\n\t\t<figure class=\"wpb_wrapper vc_figure\">\n\t\t\t<div class=\"vc_single_image-wrapper   vc_box_border_grey\"><img loading=\"lazy\" decoding=\"async\" width=\"1280\" height=\"931\" src=\"https:\/\/kid.org.tr\/wp-content\/uploads\/2024\/02\/Buyuk-technology-brainstorm-concept-1.jpeg\" class=\"vc_single_image-img attachment-full\" alt=\"\" title=\"Technology and brainstorm concept\" srcset=\"https:\/\/kid.org.tr\/wp-content\/uploads\/2024\/02\/Buyuk-technology-brainstorm-concept-1.jpeg 1280w, https:\/\/kid.org.tr\/wp-content\/uploads\/2024\/02\/Buyuk-technology-brainstorm-concept-1-300x218.jpeg 300w, https:\/\/kid.org.tr\/wp-content\/uploads\/2024\/02\/Buyuk-technology-brainstorm-concept-1-1024x745.jpeg 1024w, https:\/\/kid.org.tr\/wp-content\/uploads\/2024\/02\/Buyuk-technology-brainstorm-concept-1-768x559.jpeg 768w, https:\/\/kid.org.tr\/wp-content\/uploads\/2024\/02\/Buyuk-technology-brainstorm-concept-1-16x12.jpeg 16w\" sizes=\"auto, (max-width: 1280px) 100vw, 1280px\"  data-dt-location=\"https:\/\/kid.org.tr\/en\/mentor-ve-mentinin-ortak-sorumluluklari-ve-beklentiler\/technology-and-brainstorm-concept\/\" \/><\/div>\n\t\t<\/figure>\n\t<\/div>\n\n\t<div class=\"wpb_text_column wpb_content_element\" >\n\t\t<div class=\"wpb_wrapper\">\n\t\t\t<p>Mentorluk al\u0131rken, hedeflerinizi a\u00e7\u0131kl\u0131\u011fa kavu\u015fturman\u0131n yan\u0131nda, sizin ve mentor&#8217;unuzun bu<br \/>\nprogramdaki sorumluluklar\u0131n\u0131z\u0131 bilmeniz gerekir. Herhangi bir ili\u015fkide sorumlu olmak, a\u015fa\u011f\u0131da belirtildi\u011fi gibi kabul edilmi\u015f ortak nezaket kurallar\u0131na ba\u011fl\u0131 kalmay\u0131 gerektirir:<\/p>\n\n\t\t<\/div>\n\t<\/div>\n<div class=\"uavc-list-icon uavc-list-icon-wrapper ult-adjust-bottom-margin\"><ul class=\"uavc-list\"><li><div class=\"uavc-list-content\" id=\"list-icon-wrap-7634\">\n<div class=\"uavc-list-icon\" data-animation=\"\" data-animation-delay=\"03\" style=\"margin-right:5px;\"><div class=\"ult-just-icon-wrapper\"><div class=\"align-icon\" style=\"text-align:center;\">\n<div class=\"aio-icon none\"  style=\"color:#333333;font-size:32px;display:inline-block;\">\n\t<i class=\"far fa-dot-circle\"><\/i>\n<\/div><\/div><\/div>\n<\/div><span  data-ultimate-target='#list-icon-wrap-7634 .uavc-list-desc'  data-responsive-json-new='{\"font-size\":\"\",\"line-height\":\"\"}'  class=\"uavc-list-desc ult-responsive\" style=\"\">D\u00fc\u015f\u00fcnceli olmak<\/span><\/div><\/li><li><div class=\"uavc-list-content\" id=\"list-icon-wrap-1854\">\n<div class=\"uavc-list-icon\" data-animation=\"\" data-animation-delay=\"03\" style=\"margin-right:5px;\"><div class=\"ult-just-icon-wrapper\"><div class=\"align-icon\" style=\"text-align:center;\">\n<div class=\"aio-icon none\"  style=\"color:#333333;font-size:32px;display:inline-block;\">\n\t<i class=\"far fa-dot-circle\"><\/i>\n<\/div><\/div><\/div>\n<\/div><span  data-ultimate-target='#list-icon-wrap-1854 .uavc-list-desc'  data-responsive-json-new='{\"font-size\":\"\",\"line-height\":\"\"}'  class=\"uavc-list-desc ult-responsive\" style=\"\">Telefonlara, mesajlara, e-postalara zaman\u0131nda d\u00f6nmek<\/span><\/div><\/li><li><div class=\"uavc-list-content\" id=\"list-icon-wrap-3001\">\n<div class=\"uavc-list-icon\" data-animation=\"\" data-animation-delay=\"03\" style=\"margin-right:5px;\"><div class=\"ult-just-icon-wrapper\"><div class=\"align-icon\" style=\"text-align:center;\">\n<div class=\"aio-icon none\"  style=\"color:#333333;font-size:32px;display:inline-block;\">\n\t<i class=\"far fa-dot-circle\"><\/i>\n<\/div><\/div><\/div>\n<\/div><span  data-ultimate-target='#list-icon-wrap-3001 .uavc-list-desc'  data-responsive-json-new='{\"font-size\":\"\",\"line-height\":\"\"}'  class=\"uavc-list-desc ult-responsive\" style=\"\">Yap\u0131lan her g\u00f6r\u00fc\u015fmede bir sonraki g\u00f6r\u00fc\u015fmenin zaman\u0131n\u0131 ayarlamak<\/span><\/div><\/li><li><div class=\"uavc-list-content\" id=\"list-icon-wrap-4570\">\n<div class=\"uavc-list-icon\" data-animation=\"\" data-animation-delay=\"03\" style=\"margin-right:5px;\"><div class=\"ult-just-icon-wrapper\"><div class=\"align-icon\" style=\"text-align:center;\">\n<div class=\"aio-icon none\"  style=\"color:#333333;font-size:32px;display:inline-block;\">\n\t<i class=\"far fa-dot-circle\"><\/i>\n<\/div><\/div><\/div>\n<\/div><span  data-ultimate-target='#list-icon-wrap-4570 .uavc-list-desc'  data-responsive-json-new='{\"font-size\":\"\",\"line-height\":\"\"}'  class=\"uavc-list-desc ult-responsive\" style=\"\">Planlanan toplant\u0131lara kat\u0131l\u0131m veya iptal ile ilgili \u00f6nceden haber vermek<\/span><\/div><\/li><li><div class=\"uavc-list-content\" id=\"list-icon-wrap-6858\">\n<div class=\"uavc-list-icon\" data-animation=\"\" data-animation-delay=\"03\" style=\"margin-right:5px;\"><div class=\"ult-just-icon-wrapper\"><div class=\"align-icon\" style=\"text-align:center;\">\n<div class=\"aio-icon none\"  style=\"color:#333333;font-size:32px;display:inline-block;\">\n\t<i class=\"far fa-dot-circle\"><\/i>\n<\/div><\/div><\/div>\n<\/div><span  data-ultimate-target='#list-icon-wrap-6858 .uavc-list-desc'  data-responsive-json-new='{\"font-size\":\"\",\"line-height\":\"\"}'  class=\"uavc-list-desc ult-responsive\" style=\"\">Adres, e-posta veya telefon numaras\u0131n\u0131n de\u011fi\u015fti\u011fini bildirmek<\/span><\/div><\/li><li><div class=\"uavc-list-content\" id=\"list-icon-wrap-4528\">\n<div class=\"uavc-list-icon\" data-animation=\"\" data-animation-delay=\"03\" style=\"margin-right:5px;\"><div class=\"ult-just-icon-wrapper\"><div class=\"align-icon\" style=\"text-align:center;\">\n<div class=\"aio-icon none\"  style=\"color:#333333;font-size:32px;display:inline-block;\">\n\t<i class=\"far fa-dot-circle\"><\/i>\n<\/div><\/div><\/div>\n<\/div><span  data-ultimate-target='#list-icon-wrap-4528 .uavc-list-desc'  data-responsive-json-new='{\"font-size\":\"\",\"line-height\":\"\"}'  class=\"uavc-list-desc ult-responsive\" style=\"\">D\u00fczenli olarak ment\u00f6r\u00fcyle ileti\u015fim kurmak<\/span><\/div><\/li><li><div class=\"uavc-list-content\" id=\"list-icon-wrap-7119\">\n<div class=\"uavc-list-icon\" data-animation=\"\" data-animation-delay=\"03\" style=\"margin-right:5px;\"><div class=\"ult-just-icon-wrapper\"><div class=\"align-icon\" style=\"text-align:center;\">\n<div class=\"aio-icon none\"  style=\"color:#333333;font-size:32px;display:inline-block;\">\n\t<i class=\"far fa-dot-circle\"><\/i>\n<\/div><\/div><\/div>\n<\/div><span  data-ultimate-target='#list-icon-wrap-7119 .uavc-list-desc'  data-responsive-json-new='{\"font-size\":\"\",\"line-height\":\"\"}'  class=\"uavc-list-desc ult-responsive\" style=\"\">\u00dczerinde mutab\u0131k kal\u0131nan sorumluluklar\u0131 ta\u015f\u0131mak<\/span><\/div><\/li><li><div class=\"uavc-list-content\" id=\"list-icon-wrap-9535\">\n<div class=\"uavc-list-icon\" data-animation=\"\" data-animation-delay=\"03\" style=\"margin-right:5px;\"><div class=\"ult-just-icon-wrapper\"><div class=\"align-icon\" style=\"text-align:center;\">\n<div class=\"aio-icon none\"  style=\"color:#333333;font-size:32px;display:inline-block;\">\n\t<i class=\"far fa-dot-circle\"><\/i>\n<\/div><\/div><\/div>\n<\/div><span  data-ultimate-target='#list-icon-wrap-9535 .uavc-list-desc'  data-responsive-json-new='{\"font-size\":\"\",\"line-height\":\"\"}'  class=\"uavc-list-desc ult-responsive\" style=\"\">\u0130lerleme kaydedilmezse ili\u015fkiyi bitirmek<\/span><\/div><\/li><li><div class=\"uavc-list-content\" id=\"list-icon-wrap-4271\">\n<div class=\"uavc-list-icon\" data-animation=\"\" data-animation-delay=\"03\" style=\"margin-right:5px;\"><div class=\"ult-just-icon-wrapper\"><div class=\"align-icon\" style=\"text-align:center;\">\n<div class=\"aio-icon none\"  style=\"color:#333333;font-size:32px;display:inline-block;\">\n\t<i class=\"far fa-dot-circle\"><\/i>\n<\/div><\/div><\/div>\n<\/div><span  data-ultimate-target='#list-icon-wrap-4271 .uavc-list-desc'  data-responsive-json-new='{\"font-size\":\"\",\"line-height\":\"\"}'  class=\"uavc-list-desc ult-responsive\" style=\"\">G\u00f6r\u00fc\u015fme randevular\u0131n\u0131n organize etmek<\/span><\/div><\/li><li><div class=\"uavc-list-content\" id=\"list-icon-wrap-7884\">\n<div class=\"uavc-list-icon\" data-animation=\"\" data-animation-delay=\"03\" style=\"margin-right:5px;\"><div class=\"ult-just-icon-wrapper\"><div class=\"align-icon\" style=\"text-align:center;\">\n<div class=\"aio-icon none\"  style=\"color:#333333;font-size:32px;display:inline-block;\">\n\t<i class=\"far fa-dot-circle\"><\/i>\n<\/div><\/div><\/div>\n<\/div><span  data-ultimate-target='#list-icon-wrap-7884 .uavc-list-desc'  data-responsive-json-new='{\"font-size\":\"\",\"line-height\":\"\"}'  class=\"uavc-list-desc ult-responsive\" style=\"\">G\u00f6r\u00fc\u015fme takviminin d\u00fczenli olarak icra kurulu ile payla\u015fmak<\/span><\/div><\/li><li><div class=\"uavc-list-content\" id=\"list-icon-wrap-7215\">\n<div class=\"uavc-list-icon\" data-animation=\"\" data-animation-delay=\"03\" style=\"margin-right:5px;\"><div class=\"ult-just-icon-wrapper\"><div class=\"align-icon\" style=\"text-align:center;\">\n<div class=\"aio-icon none\"  style=\"color:#333333;font-size:32px;display:inline-block;\">\n\t<i class=\"far fa-dot-circle\"><\/i>\n<\/div><\/div><\/div>\n<\/div><span  data-ultimate-target='#list-icon-wrap-7215 .uavc-list-desc'  data-responsive-json-new='{\"font-size\":\"\",\"line-height\":\"\"}'  class=\"uavc-list-desc ult-responsive\" style=\"\">Mentorluk s\u00fcrecine gereken zaman\u0131 ay\u0131rmak<\/span><\/div><\/li><li><div class=\"uavc-list-content\" id=\"list-icon-wrap-2578\">\n<div class=\"uavc-list-icon\" data-animation=\"\" data-animation-delay=\"03\" style=\"margin-right:5px;\"><div class=\"ult-just-icon-wrapper\"><div class=\"align-icon\" style=\"text-align:center;\">\n<div class=\"aio-icon none\"  style=\"color:#333333;font-size:32px;display:inline-block;\">\n\t<i class=\"far fa-dot-circle\"><\/i>\n<\/div><\/div><\/div>\n<\/div><span  data-ultimate-target='#list-icon-wrap-2578 .uavc-list-desc'  data-responsive-json-new='{\"font-size\":\"\",\"line-height\":\"\"}'  class=\"uavc-list-desc ult-responsive\" style=\"\">Mentorun da katk\u0131s\u0131n\u0131 alarak geli\u015fim konular\u0131n\u0131 belirle<\/span><\/div><\/li><li><div class=\"uavc-list-content\" id=\"list-icon-wrap-2685\">\n<div class=\"uavc-list-icon\" data-animation=\"\" data-animation-delay=\"03\" style=\"margin-right:5px;\"><div class=\"ult-just-icon-wrapper\"><div class=\"align-icon\" style=\"text-align:center;\">\n<div class=\"aio-icon none\"  style=\"color:#333333;font-size:32px;display:inline-block;\">\n\t<i class=\"far fa-dot-circle\"><\/i>\n<\/div><\/div><\/div>\n<\/div><span  data-ultimate-target='#list-icon-wrap-2685 .uavc-list-desc'  data-responsive-json-new='{\"font-size\":\"\",\"line-height\":\"\"}'  class=\"uavc-list-desc ult-responsive\" style=\"\">S\u00fcre\u00e7 boyunca \u00f6\u011frenen zihinde kalmaya \u00f6zen g\u00f6stermek<\/span><\/div><\/li><li><div class=\"uavc-list-content\" id=\"list-icon-wrap-3741\">\n<div class=\"uavc-list-icon\" data-animation=\"\" data-animation-delay=\"03\" style=\"margin-right:5px;\"><div class=\"ult-just-icon-wrapper\"><div class=\"align-icon\" style=\"text-align:center;\">\n<div class=\"aio-icon none\"  style=\"color:#333333;font-size:32px;display:inline-block;\">\n\t<i class=\"far fa-dot-circle\"><\/i>\n<\/div><\/div><\/div>\n<\/div><span  data-ultimate-target='#list-icon-wrap-3741 .uavc-list-desc'  data-responsive-json-new='{\"font-size\":\"\",\"line-height\":\"\"}'  class=\"uavc-list-desc ult-responsive\" style=\"\">Bunun bir geli\u015fim ve kar\u015f\u0131l\u0131kl\u0131 \u00f6\u011frenme s\u00fcreci oldu\u011funu hat\u0131rlamak<\/span><\/div><\/li><li><div class=\"uavc-list-content\" id=\"list-icon-wrap-9942\">\n<div class=\"uavc-list-icon\" data-animation=\"\" data-animation-delay=\"03\" style=\"margin-right:5px;\"><div class=\"ult-just-icon-wrapper\"><div class=\"align-icon\" style=\"text-align:center;\">\n<div class=\"aio-icon none\"  style=\"color:#333333;font-size:32px;display:inline-block;\">\n\t<i class=\"far fa-dot-circle\"><\/i>\n<\/div><\/div><\/div>\n<\/div><span  data-ultimate-target='#list-icon-wrap-9942 .uavc-list-desc'  data-responsive-json-new='{\"font-size\":\"\",\"line-height\":\"\"}'  class=\"uavc-list-desc ult-responsive\" style=\"\">Geribildirim almaya a\u00e7\u0131k olmak<\/span><\/div><\/li><li><div class=\"uavc-list-content\" id=\"list-icon-wrap-4732\">\n<div class=\"uavc-list-icon\" data-animation=\"\" data-animation-delay=\"03\" style=\"margin-right:5px;\"><div class=\"ult-just-icon-wrapper\"><div class=\"align-icon\" style=\"text-align:center;\">\n<div class=\"aio-icon none\"  style=\"color:#333333;font-size:32px;display:inline-block;\">\n\t<i class=\"far fa-dot-circle\"><\/i>\n<\/div><\/div><\/div>\n<\/div><span  data-ultimate-target='#list-icon-wrap-4732 .uavc-list-desc'  data-responsive-json-new='{\"font-size\":\"\",\"line-height\":\"\"}'  class=\"uavc-list-desc ult-responsive\" style=\"\">S\u00fcrecin i\u015fleyi\u015fine dair \u00f6neri ve geribildirimlerini insan kaynaklar\u0131 ile payla\u015fmak<\/span><\/div><\/li><li><div class=\"uavc-list-content\" id=\"list-icon-wrap-9541\">\n<div class=\"uavc-list-icon\" data-animation=\"\" data-animation-delay=\"03\" style=\"margin-right:5px;\"><div class=\"ult-just-icon-wrapper\"><div class=\"align-icon\" style=\"text-align:center;\">\n<div class=\"aio-icon none\"  style=\"color:#333333;font-size:32px;display:inline-block;\">\n\t<i class=\"far fa-dot-circle\"><\/i>\n<\/div><\/div><\/div>\n<\/div><span  data-ultimate-target='#list-icon-wrap-9541 .uavc-list-desc'  data-responsive-json-new='{\"font-size\":\"\",\"line-height\":\"\"}'  class=\"uavc-list-desc ult-responsive\" style=\"\">Mentor-menti ili\u015fkisini k\u00f6t\u00fcye kullanmamak<\/span><\/div><\/li><li><div class=\"uavc-list-content\" id=\"list-icon-wrap-1787\">\n<div class=\"uavc-list-icon\" data-animation=\"\" data-animation-delay=\"03\" style=\"margin-right:5px;\"><div class=\"ult-just-icon-wrapper\"><div class=\"align-icon\" style=\"text-align:center;\">\n<div class=\"aio-icon none\"  style=\"color:#333333;font-size:32px;display:inline-block;\">\n\t<i class=\"far fa-dot-circle\"><\/i>\n<\/div><\/div><\/div>\n<\/div><span  data-ultimate-target='#list-icon-wrap-1787 .uavc-list-desc'  data-responsive-json-new='{\"font-size\":\"\",\"line-height\":\"\"}'  class=\"uavc-list-desc ult-responsive\" style=\"\">Gizlilik ilkesine ve etik kurallara uygun davranmak<\/span><\/div><\/li><li><div class=\"uavc-list-content\" id=\"list-icon-wrap-7521\">\n<div class=\"uavc-list-icon\" data-animation=\"\" data-animation-delay=\"03\" style=\"margin-right:5px;\"><div class=\"ult-just-icon-wrapper\"><div class=\"align-icon\" style=\"text-align:center;\">\n<div class=\"aio-icon none\"  style=\"color:#333333;font-size:32px;display:inline-block;\">\n\t<i class=\"far fa-dot-circle\"><\/i>\n<\/div><\/div><\/div>\n<\/div><span  data-ultimate-target='#list-icon-wrap-7521 .uavc-list-desc'  data-responsive-json-new='{\"font-size\":\"\",\"line-height\":\"\"}'  class=\"uavc-list-desc ult-responsive\" style=\"\">Ara d\u00f6nem takip toplant\u0131s\u0131na kat\u0131lmak<\/span><\/div><\/li><li><div class=\"uavc-list-content\" id=\"list-icon-wrap-8128\">\n<div class=\"uavc-list-icon\" data-animation=\"\" data-animation-delay=\"03\" style=\"margin-right:5px;\"><div class=\"ult-just-icon-wrapper\"><div class=\"align-icon\" style=\"text-align:center;\">\n<div class=\"aio-icon none\"  style=\"color:#333333;font-size:32px;display:inline-block;\">\n\t<i class=\"far fa-dot-circle\"><\/i>\n<\/div><\/div><\/div>\n<\/div><span  data-ultimate-target='#list-icon-wrap-8128 .uavc-list-desc'  data-responsive-json-new='{\"font-size\":\"\",\"line-height\":\"\"}'  class=\"uavc-list-desc ult-responsive\" style=\"\">S\u00fcre\u00e7 sonunda mentor de\u011ferlendirme ve s\u00fcre\u00e7 de\u011ferlendirme formunu doldurmak<\/span><\/div><\/li><li><div class=\"uavc-list-content\" id=\"list-icon-wrap-3895\">\n<div class=\"uavc-list-icon\" data-animation=\"\" data-animation-delay=\"03\" style=\"margin-right:5px;\"><div class=\"ult-just-icon-wrapper\"><div class=\"align-icon\" style=\"text-align:center;\">\n<div class=\"aio-icon none\"  style=\"color:#333333;font-size:32px;display:inline-block;\">\n\t<i class=\"far fa-dot-circle\"><\/i>\n<\/div><\/div><\/div>\n<\/div><span  data-ultimate-target='#list-icon-wrap-3895 .uavc-list-desc'  data-responsive-json-new='{\"font-size\":\"\",\"line-height\":\"\"}'  class=\"uavc-list-desc ult-responsive\" style=\"\">S\u00fcrecin i\u015fleyi\u015fine dair \u00f6neri ve geribildirimlerini insan kaynaklar\u0131 ile payla\u015fmak<\/span><\/div><\/li><\/ul><\/div>\n\t<div class=\"wpb_text_column wpb_content_element\" >\n\t\t<div class=\"wpb_wrapper\">\n\t\t\t<h2>Kar\u015f\u0131l\u0131kl\u0131 Beklentilerin Belirlenmesi<\/h2>\n<p>Ba\u015far\u0131l\u0131 bir mentorluk i\u00e7in en \u00f6nemli nokta, sizin ve mentor&#8217;unuzun bu \u00e7al\u0131\u015fmadaki beklentilerinin net olarak belirlenmesidir. En ba\u015fta, birlikte temel kurallar\u0131 belirlemek, sonradan olu\u015facak olas\u0131 \u00e7at\u0131\u015fmalar\u0131 da \u00f6nleyecektir. Mentorluk ili\u015fkisine ait beklentilerinizi belirledikten sonra, mentorluk kontrat\u0131 yapmak i\u00e7in mentor&#8217;unuzla g\u00f6r\u00fc\u015f\u00fcn. Bunu yapmak, bu \u00e7al\u0131\u015fmadaki beklentileriniz konusunda emin olman\u0131z\u0131 sa\u011flayacakt\u0131r.<\/p>\n<table width=\"598\">\n<tbody>\n<tr>\n<td width=\"298\"><strong>Mentor&#8217;lar\u0131n Menti&#8217;lerden Beklentileri<\/strong><\/td>\n<td width=\"300\"><strong>Menti&#8217;lerin Mentor&#8217;lardan\u00a0 Beklentileri<\/strong><\/td>\n<\/tr>\n<tr>\n<td width=\"298\">\u2022 Kendi beklentilerinin fark\u0131nda olmas\u0131<\/p>\n<p>\u2022 Ekip \u00e7al\u0131\u015fmas\u0131na ba\u011fl\u0131 kalmas\u0131<\/p>\n<p>\u2022 G\u00fcvenilir olmas\u0131<\/p>\n<p>\u2022 Sorumluluk sahibi olmas\u0131<\/p>\n<p>\u2022 Samimi ve d\u00fcr\u00fcst olmas\u0131<\/p>\n<p>\u2022 \u0130stekli olmas\u0131 ve bunu hissettirmesi<\/p>\n<p>\u2022 \u0130nsiyatif almas\u0131 ve proaktif olmas\u0131<\/td>\n<td width=\"300\">\u2022 Rehberlik etmesi ve y\u00f6nlendirmesi<\/p>\n<p>\u2022 Kaynak \u00f6nermesi<\/p>\n<p>\u2022 \u0130\u015f yerlerini tan\u0131tmas\u0131<\/p>\n<p>\u2022 \u0130\u015f ortam\u0131 hakk\u0131nda tavsiyede bulunmas\u0131<\/p>\n<p>\u2022 Problem \u00e7\u00f6z\u00fcc\u00fc olmas\u0131<\/p>\n<p>\u2022 Kendi alan\u0131nda ger\u00e7ek deneyime sahip olmas\u0131<\/td>\n<\/tr>\n<\/tbody>\n<\/table>\n<p>\u0130li\u015fkiniz geli\u015ftik\u00e7e ve b\u00fcy\u00fcd\u00fck\u00e7e, beklentileriniz de\u011fi\u015fecektir. Beklentilerinizin fark\u0131nda olmaya \u00e7al\u0131\u015f\u0131n ve bunlar\u0131 mentor&#8217;unuza iletti\u011finizden emin olun.<\/p>\n\n\t\t<\/div>\n\t<\/div>\n<\/div><\/div><\/div><\/div>\n<\/div>","protected":false},"excerpt":{"rendered":"<p>Mentorluk al\u0131rken, hedeflerinizi a\u00e7\u0131kl\u0131\u011fa kavu\u015fturman\u0131n yan\u0131nda, sizin ve mentor&#8217;unuzun bu programdaki sorumluluklar\u0131n\u0131z\u0131 bilmeniz gerekir. Herhangi bir ili\u015fkide sorumlu olmak, a\u015fa\u011f\u0131da belirtildi\u011fi gibi kabul edilmi\u015f ortak nezaket kurallar\u0131na ba\u011fl\u0131 kalmay\u0131 gerektirir: D\u00fc\u015f\u00fcnceli olmak Telefonlara, mesajlara, e-postalara zaman\u0131nda d\u00f6nmek Yap\u0131lan her g\u00f6r\u00fc\u015fmede bir sonraki g\u00f6r\u00fc\u015fmenin zaman\u0131n\u0131 ayarlamak Planlanan toplant\u0131lara kat\u0131l\u0131m veya iptal ile ilgili \u00f6nceden haber vermek&hellip;<\/p>","protected":false},"author":1,"featured_media":0,"parent":0,"menu_order":10,"comment_status":"closed","ping_status":"closed","template":"","meta":{"footnotes":""},"class_list":["post-58598","page","type-page","status-publish","hentry","description-off"],"aioseo_notices":[],"_links":{"self":[{"href":"https:\/\/kid.org.tr\/en\/wp-json\/wp\/v2\/pages\/58598","targetHints":{"allow":["GET"]}}],"collection":[{"href":"https:\/\/kid.org.tr\/en\/wp-json\/wp\/v2\/pages"}],"about":[{"href":"https:\/\/kid.org.tr\/en\/wp-json\/wp\/v2\/types\/page"}],"author":[{"embeddable":true,"href":"https:\/\/kid.org.tr\/en\/wp-json\/wp\/v2\/users\/1"}],"replies":[{"embeddable":true,"href":"https:\/\/kid.org.tr\/en\/wp-json\/wp\/v2\/comments?post=58598"}],"version-history":[{"count":9,"href":"https:\/\/kid.org.tr\/en\/wp-json\/wp\/v2\/pages\/58598\/revisions"}],"predecessor-version":[{"id":58610,"href":"https:\/\/kid.org.tr\/en\/wp-json\/wp\/v2\/pages\/58598\/revisions\/58610"}],"wp:attachment":[{"href":"https:\/\/kid.org.tr\/en\/wp-json\/wp\/v2\/media?parent=58598"}],"curies":[{"name":"wp","href":"https:\/\/api.w.org\/{rel}","templated":true}]}}