{"id":58611,"date":"2024-02-06T11:10:30","date_gmt":"2024-02-06T11:10:30","guid":{"rendered":"https:\/\/kid.org.tr\/?page_id=58611"},"modified":"2024-02-07T10:59:26","modified_gmt":"2024-02-07T10:59:26","slug":"mentorluk-programi-nedir","status":"publish","type":"page","link":"https:\/\/kid.org.tr\/en\/mentorluk-programi-nedir\/","title":{"rendered":"Mentorluk Program\u0131 Nedir?"},"content":{"rendered":"<div class=\"wpb-content-wrapper\"><div class=\"vc_row wpb_row vc_row-fluid vc_custom_1573386006934\"><div class=\"wpb_column vc_column_container vc_col-sm-12\"><div class=\"vc_column-inner\"><div class=\"wpb_wrapper\">\n\t<div  class=\"wpb_single_image wpb_content_element vc_align_left\">\n\t\t\n\t\t<figure class=\"wpb_wrapper vc_figure\">\n\t\t\t<div class=\"vc_single_image-wrapper   vc_box_border_grey\"><img loading=\"lazy\" decoding=\"async\" width=\"1080\" height=\"1080\" src=\"https:\/\/kid.org.tr\/wp-content\/uploads\/2024\/02\/CHART.jpg\" class=\"vc_single_image-img attachment-full\" alt=\"\" title=\"CHART\" srcset=\"https:\/\/kid.org.tr\/wp-content\/uploads\/2024\/02\/CHART.jpg 1080w, https:\/\/kid.org.tr\/wp-content\/uploads\/2024\/02\/CHART-300x300.jpg 300w, https:\/\/kid.org.tr\/wp-content\/uploads\/2024\/02\/CHART-1024x1024.jpg 1024w, https:\/\/kid.org.tr\/wp-content\/uploads\/2024\/02\/CHART-150x150.jpg 150w, https:\/\/kid.org.tr\/wp-content\/uploads\/2024\/02\/CHART-768x768.jpg 768w, https:\/\/kid.org.tr\/wp-content\/uploads\/2024\/02\/CHART-12x12.jpg 12w\" sizes=\"auto, (max-width: 1080px) 100vw, 1080px\"  data-dt-location=\"https:\/\/kid.org.tr\/en\/mentorluk-programi-nedir\/chart\/\" \/><\/div>\n\t\t<\/figure>\n\t<\/div>\n<div class=\"uavc-list-icon uavc-list-icon-wrapper ult-adjust-bottom-margin\"><ul class=\"uavc-list\"><li><div class=\"uavc-list-content\" id=\"list-icon-wrap-7299\">\n<div class=\"uavc-list-icon\" data-animation=\"\" data-animation-delay=\"03\" style=\"margin-right:5px;\"><div class=\"ult-just-icon-wrapper\"><div class=\"align-icon\" style=\"text-align:center;\">\n<div class=\"aio-icon none\"  style=\"color:#333333;font-size:32px;display:inline-block;\">\n\t<i class=\"far fa-dot-circle\"><\/i>\n<\/div><\/div><\/div>\n<\/div><span  data-ultimate-target='#list-icon-wrap-7299 .uavc-list-desc'  data-responsive-json-new='{\"font-size\":\"\",\"line-height\":\"\"}'  class=\"uavc-list-desc ult-responsive\" style=\"\">Mentorluk Program\u0131, geli\u015fmek ve hayatta ba\u015far\u0131l\u0131 olmak isteyen mentilerin, onlar\u0131 geli\u015ftirmeyi hedefleyen rol model olabilecek mentorlar\u0131 ile bir araya gelmesi ile olu\u015fan bir programd\u0131r.<\/span><\/div><\/li><li><div class=\"uavc-list-content\" id=\"list-icon-wrap-7317\">\n<div class=\"uavc-list-icon\" data-animation=\"\" data-animation-delay=\"03\" style=\"margin-right:5px;\"><div class=\"ult-just-icon-wrapper\"><div class=\"align-icon\" style=\"text-align:center;\">\n<div class=\"aio-icon none\"  style=\"color:#333333;font-size:32px;display:inline-block;\">\n\t<i class=\"far fa-dot-circle\"><\/i>\n<\/div><\/div><\/div>\n<\/div><span  data-ultimate-target='#list-icon-wrap-7317 .uavc-list-desc'  data-responsive-json-new='{\"font-size\":\"\",\"line-height\":\"\"}'  class=\"uavc-list-desc ult-responsive\" style=\"\">Bu program\u0131n s\u00fcresi 10 ayd\u0131r.<\/span><\/div><\/li><li><div class=\"uavc-list-content\" id=\"list-icon-wrap-6265\">\n<div class=\"uavc-list-icon\" data-animation=\"\" data-animation-delay=\"03\" style=\"margin-right:5px;\"><div class=\"ult-just-icon-wrapper\"><div class=\"align-icon\" style=\"text-align:center;\">\n<div class=\"aio-icon none\"  style=\"color:#333333;font-size:32px;display:inline-block;\">\n\t<i class=\"far fa-dot-circle\"><\/i>\n<\/div><\/div><\/div>\n<\/div><span  data-ultimate-target='#list-icon-wrap-6265 .uavc-list-desc'  data-responsive-json-new='{\"font-size\":\"\",\"line-height\":\"\"}'  class=\"uavc-list-desc ult-responsive\" style=\"\">Mentorlar 16 saat, mentiler 6 saatlik bir e\u011fitim al\u0131rlar ve e\u015fle\u015ftirilirler.<\/span><\/div><\/li><li><div class=\"uavc-list-content\" id=\"list-icon-wrap-3596\">\n<div class=\"uavc-list-icon\" data-animation=\"\" data-animation-delay=\"03\" style=\"margin-right:5px;\"><div class=\"ult-just-icon-wrapper\"><div class=\"align-icon\" style=\"text-align:center;\">\n<div class=\"aio-icon none\"  style=\"color:#333333;font-size:32px;display:inline-block;\">\n\t<i class=\"far fa-dot-circle\"><\/i>\n<\/div><\/div><\/div>\n<\/div><span  data-ultimate-target='#list-icon-wrap-3596 .uavc-list-desc'  data-responsive-json-new='{\"font-size\":\"\",\"line-height\":\"\"}'  class=\"uavc-list-desc ult-responsive\" style=\"\">E\u015fle\u015fen mentorlar, mentilerin kariyerlerinde ilerlemeleri i\u00e7in onlara mentorluk ve ko\u00e7luk yaparlar.<\/span><\/div><\/li><li><div class=\"uavc-list-content\" id=\"list-icon-wrap-3204\">\n<div class=\"uavc-list-icon\" data-animation=\"\" data-animation-delay=\"03\" style=\"margin-right:5px;\"><div class=\"ult-just-icon-wrapper\"><div class=\"align-icon\" style=\"text-align:center;\">\n<div class=\"aio-icon none\"  style=\"color:#333333;font-size:32px;display:inline-block;\">\n\t<i class=\"far fa-dot-circle\"><\/i>\n<\/div><\/div><\/div>\n<\/div><span  data-ultimate-target='#list-icon-wrap-3204 .uavc-list-desc'  data-responsive-json-new='{\"font-size\":\"\",\"line-height\":\"\"}'  class=\"uavc-list-desc ult-responsive\" style=\"\">Her g\u00f6r\u00fc\u015fme 60 \u2013 90 dak. s\u00fcrer. Her ay y\u00fcz y\u00fcze veya online bir g\u00f6r\u00fc\u015fme yap\u0131l\u0131r.<\/span><\/div><\/li><li><div class=\"uavc-list-content\" id=\"list-icon-wrap-6707\">\n<div class=\"uavc-list-icon\" data-animation=\"\" data-animation-delay=\"03\" style=\"margin-right:5px;\"><div class=\"ult-just-icon-wrapper\"><div class=\"align-icon\" style=\"text-align:center;\">\n<div class=\"aio-icon none\"  style=\"color:#333333;font-size:32px;display:inline-block;\">\n\t<i class=\"far fa-dot-circle\"><\/i>\n<\/div><\/div><\/div>\n<\/div><span  data-ultimate-target='#list-icon-wrap-6707 .uavc-list-desc'  data-responsive-json-new='{\"font-size\":\"\",\"line-height\":\"\"}'  class=\"uavc-list-desc ult-responsive\" style=\"\">10 ay sonunda mentilerin \u00fc\u00e7 k\u0131sa vadeli ve bir orta vadeleri hedeflerine ula\u015fmas\u0131 ama\u00e7lan\u0131r.<\/span><\/div><\/li><\/ul><\/div>\n\t<div class=\"wpb_text_column wpb_content_element\" >\n\t\t<div class=\"wpb_wrapper\">\n\t\t\t<h2>Menti Aday Kriterleri<\/h2>\n\n\t\t<\/div>\n\t<\/div>\n<div class=\"uavc-list-icon uavc-list-icon-wrapper ult-adjust-bottom-margin\"><ul class=\"uavc-list\"><li><div class=\"uavc-list-content\" id=\"list-icon-wrap-4098\">\n<div class=\"uavc-list-icon\" data-animation=\"\" data-animation-delay=\"03\" style=\"margin-right:5px;\"><div class=\"ult-just-icon-wrapper\"><div class=\"align-icon\" style=\"text-align:center;\">\n<div class=\"aio-icon none\"  style=\"color:#333333;font-size:32px;display:inline-block;\">\n\t<i class=\"far fa-dot-circle\"><\/i>\n<\/div><\/div><\/div>\n<\/div><span  data-ultimate-target='#list-icon-wrap-4098 .uavc-list-desc'  data-responsive-json-new='{\"font-size\":\"\",\"line-height\":\"\"}'  class=\"uavc-list-desc ult-responsive\" style=\"\">TED Okullar\u0131n\u0131n herhangi birinden mezun olmu\u015f ve halihaz\u0131rda lisans e\u011fitiminin son iki y\u0131l\u0131nda okuyan,<\/span><\/div><\/li><li><div class=\"uavc-list-content\" id=\"list-icon-wrap-5117\">\n<div class=\"uavc-list-icon\" data-animation=\"\" data-animation-delay=\"03\" style=\"margin-right:5px;\"><div class=\"ult-just-icon-wrapper\"><div class=\"align-icon\" style=\"text-align:center;\">\n<div class=\"aio-icon none\"  style=\"color:#333333;font-size:32px;display:inline-block;\">\n\t<i class=\"far fa-dot-circle\"><\/i>\n<\/div><\/div><\/div>\n<\/div><span  data-ultimate-target='#list-icon-wrap-5117 .uavc-list-desc'  data-responsive-json-new='{\"font-size\":\"\",\"line-height\":\"\"}'  class=\"uavc-list-desc ult-responsive\" style=\"\">TED \u00dcniversitesi 3 &#8211; 4. s\u0131n\u0131fta okuyan,<\/span><\/div><\/li><li><div class=\"uavc-list-content\" id=\"list-icon-wrap-6696\">\n<div class=\"uavc-list-icon\" data-animation=\"\" data-animation-delay=\"03\" style=\"margin-right:5px;\"><div class=\"ult-just-icon-wrapper\"><div class=\"align-icon\" style=\"text-align:center;\">\n<div class=\"aio-icon none\"  style=\"color:#333333;font-size:32px;display:inline-block;\">\n\t<i class=\"far fa-dot-circle\"><\/i>\n<\/div><\/div><\/div>\n<\/div><span  data-ultimate-target='#list-icon-wrap-6696 .uavc-list-desc'  data-responsive-json-new='{\"font-size\":\"\",\"line-height\":\"\"}'  class=\"uavc-list-desc ult-responsive\" style=\"\">TED Okullar\u0131ndan herhangi birinden mezun ve halihaz\u0131rda y\u00fcksek lisans \u00f6\u011frencisi olan,<\/span><\/div><\/li><li><div class=\"uavc-list-content\" id=\"list-icon-wrap-3773\">\n<div class=\"uavc-list-icon\" data-animation=\"\" data-animation-delay=\"03\" style=\"margin-right:5px;\"><div class=\"ult-just-icon-wrapper\"><div class=\"align-icon\" style=\"text-align:center;\">\n<div class=\"aio-icon none\"  style=\"color:#333333;font-size:32px;display:inline-block;\">\n\t<i class=\"far fa-dot-circle\"><\/i>\n<\/div><\/div><\/div>\n<\/div><span  data-ultimate-target='#list-icon-wrap-3773 .uavc-list-desc'  data-responsive-json-new='{\"font-size\":\"\",\"line-height\":\"\"}'  class=\"uavc-list-desc ult-responsive\" style=\"\">TED Okullar\u0131ndan herhangi birinden mezun veya TED \u00dcniversitesinden mezun ve \u0130\u015f hayat\u0131na yeni ad\u0131m atm\u0131\u015f olan,<\/span><\/div><\/li><li><div class=\"uavc-list-content\" id=\"list-icon-wrap-9467\">\n<div class=\"uavc-list-icon\" data-animation=\"\" data-animation-delay=\"03\" style=\"margin-right:5px;\"><div class=\"ult-just-icon-wrapper\"><div class=\"align-icon\" style=\"text-align:center;\">\n<div class=\"aio-icon none\"  style=\"color:#333333;font-size:32px;display:inline-block;\">\n\t<i class=\"far fa-dot-circle\"><\/i>\n<\/div><\/div><\/div>\n<\/div><span  data-ultimate-target='#list-icon-wrap-9467 .uavc-list-desc'  data-responsive-json-new='{\"font-size\":\"\",\"line-height\":\"\"}'  class=\"uavc-list-desc ult-responsive\" style=\"\">TED Okullar\u0131ndan herhangi birinden mezun olmu\u015f olanlar\u0131n \u00e7ocuklar\u0131<\/span><\/div><\/li><li><div class=\"uavc-list-content\" id=\"list-icon-wrap-2924\">\n<div class=\"uavc-list-icon\" data-animation=\"\" data-animation-delay=\"03\" style=\"margin-right:5px;\"><div class=\"ult-just-icon-wrapper\"><div class=\"align-icon\" style=\"text-align:center;\">\n<div class=\"aio-icon none\"  style=\"color:#333333;font-size:32px;display:inline-block;\">\n\t<i class=\"far fa-dot-circle\"><\/i>\n<\/div><\/div><\/div>\n<\/div><span  data-ultimate-target='#list-icon-wrap-2924 .uavc-list-desc'  data-responsive-json-new='{\"font-size\":\"\",\"line-height\":\"\"}'  class=\"uavc-list-desc ult-responsive\" style=\"\">Akademik, sosyal ve spor alan\u0131nda \u00fcst\u00fcn ba\u015far\u0131l\u0131 gen\u00e7ler.<\/span><\/div><\/li><\/ul><\/div>\n\t<div class=\"wpb_text_column wpb_content_element\" >\n\t\t<div class=\"wpb_wrapper\">\n\t\t\t<h2>Menti Aday Kriterleri<\/h2>\n\n\t\t<\/div>\n\t<\/div>\n<div class=\"uavc-list-icon uavc-list-icon-wrapper ult-adjust-bottom-margin\"><ul class=\"uavc-list\"><li><div class=\"uavc-list-content\" id=\"list-icon-wrap-8561\">\n<div class=\"uavc-list-icon\" data-animation=\"\" data-animation-delay=\"03\" style=\"margin-right:5px;\"><div class=\"ult-just-icon-wrapper\"><div class=\"align-icon\" style=\"text-align:center;\">\n<div class=\"aio-icon none\"  style=\"color:#333333;font-size:32px;display:inline-block;\">\n\t<i class=\"far fa-dot-circle\"><\/i>\n<\/div><\/div><\/div>\n<\/div><span  data-ultimate-target='#list-icon-wrap-8561 .uavc-list-desc'  data-responsive-json-new='{\"font-size\":\"\",\"line-height\":\"\"}'  class=\"uavc-list-desc ult-responsive\" style=\"\">TED Okullar\u0131ndan herhangi birinden mezun olmu\u015f.<\/span><\/div><\/li><li><div class=\"uavc-list-content\" id=\"list-icon-wrap-5457\">\n<div class=\"uavc-list-icon\" data-animation=\"\" data-animation-delay=\"03\" style=\"margin-right:5px;\"><div class=\"ult-just-icon-wrapper\"><div class=\"align-icon\" style=\"text-align:center;\">\n<div class=\"aio-icon none\"  style=\"color:#333333;font-size:32px;display:inline-block;\">\n\t<i class=\"far fa-dot-circle\"><\/i>\n<\/div><\/div><\/div>\n<\/div><span  data-ultimate-target='#list-icon-wrap-5457 .uavc-list-desc'  data-responsive-json-new='{\"font-size\":\"\",\"line-height\":\"\"}'  class=\"uavc-list-desc ult-responsive\" style=\"\">\u0130\u015f hayat\u0131nda en az 15 y\u0131l aktif\u00a0 olarak \u00e7al\u0131\u015f\u0131yor olan.<\/span><\/div><\/li><li><div class=\"uavc-list-content\" id=\"list-icon-wrap-2725\">\n<div class=\"uavc-list-icon\" data-animation=\"\" data-animation-delay=\"03\" style=\"margin-right:5px;\"><div class=\"ult-just-icon-wrapper\"><div class=\"align-icon\" style=\"text-align:center;\">\n<div class=\"aio-icon none\"  style=\"color:#333333;font-size:32px;display:inline-block;\">\n\t<i class=\"far fa-dot-circle\"><\/i>\n<\/div><\/div><\/div>\n<\/div><span  data-ultimate-target='#list-icon-wrap-2725 .uavc-list-desc'  data-responsive-json-new='{\"font-size\":\"\",\"line-height\":\"\"}'  class=\"uavc-list-desc ult-responsive\" style=\"\">G\u00f6n\u00fcll\u00fc olan.<\/span><\/div><\/li><\/ul><\/div><\/div><\/div><\/div><\/div>\n<\/div>","protected":false},"excerpt":{"rendered":"<p>Mentorluk Program\u0131, geli\u015fmek ve hayatta ba\u015far\u0131l\u0131 olmak isteyen mentilerin, onlar\u0131 geli\u015ftirmeyi hedefleyen rol model olabilecek mentorlar\u0131 ile bir araya gelmesi ile olu\u015fan bir programd\u0131r. Bu program\u0131n s\u00fcresi 10 ayd\u0131r. Mentorlar 16 saat, mentiler 6 saatlik bir e\u011fitim al\u0131rlar ve e\u015fle\u015ftirilirler. E\u015fle\u015fen mentorlar, mentilerin kariyerlerinde ilerlemeleri i\u00e7in onlara mentorluk ve ko\u00e7luk yaparlar. Her g\u00f6r\u00fc\u015fme 60 \u2013&hellip;<\/p>","protected":false},"author":1,"featured_media":0,"parent":0,"menu_order":10,"comment_status":"closed","ping_status":"closed","template":"","meta":{"footnotes":""},"class_list":["post-58611","page","type-page","status-publish","hentry","description-off"],"aioseo_notices":[],"_links":{"self":[{"href":"https:\/\/kid.org.tr\/en\/wp-json\/wp\/v2\/pages\/58611","targetHints":{"allow":["GET"]}}],"collection":[{"href":"https:\/\/kid.org.tr\/en\/wp-json\/wp\/v2\/pages"}],"about":[{"href":"https:\/\/kid.org.tr\/en\/wp-json\/wp\/v2\/types\/page"}],"author":[{"embeddable":true,"href":"https:\/\/kid.org.tr\/en\/wp-json\/wp\/v2\/users\/1"}],"replies":[{"embeddable":true,"href":"https:\/\/kid.org.tr\/en\/wp-json\/wp\/v2\/comments?post=58611"}],"version-history":[{"count":2,"href":"https:\/\/kid.org.tr\/en\/wp-json\/wp\/v2\/pages\/58611\/revisions"}],"predecessor-version":[{"id":58615,"href":"https:\/\/kid.org.tr\/en\/wp-json\/wp\/v2\/pages\/58611\/revisions\/58615"}],"wp:attachment":[{"href":"https:\/\/kid.org.tr\/en\/wp-json\/wp\/v2\/media?parent=58611"}],"curies":[{"name":"wp","href":"https:\/\/api.w.org\/{rel}","templated":true}]}}