{"id":58618,"date":"2024-02-07T07:09:23","date_gmt":"2024-02-07T07:09:23","guid":{"rendered":"https:\/\/kid.org.tr\/?page_id=58618"},"modified":"2024-02-07T10:59:31","modified_gmt":"2024-02-07T10:59:31","slug":"adaylik-surecinde-mentorden-beklentiler","status":"publish","type":"page","link":"https:\/\/kid.org.tr\/en\/adaylik-surecinde-mentorden-beklentiler\/","title":{"rendered":"Adayl\u0131k S\u00fcrecinde Mentorden Beklentiler"},"content":{"rendered":"<div class=\"wpb-content-wrapper\"><div class=\"vc_row wpb_row vc_row-fluid vc_custom_1573386006934\"><div class=\"wpb_column vc_column_container vc_col-sm-12\"><div class=\"vc_column-inner\"><div class=\"wpb_wrapper\">\n\t<div  class=\"wpb_single_image wpb_content_element vc_align_left\">\n\t\t\n\t\t<figure class=\"wpb_wrapper vc_figure\">\n\t\t\t<div class=\"vc_single_image-wrapper   vc_box_border_grey\"><img loading=\"lazy\" decoding=\"async\" width=\"1280\" height=\"853\" src=\"https:\/\/kid.org.tr\/wp-content\/uploads\/2024\/02\/Buyuk-working-project-1.jpeg\" class=\"vc_single_image-img attachment-full\" alt=\"\" title=\"Working over project\" srcset=\"https:\/\/kid.org.tr\/wp-content\/uploads\/2024\/02\/Buyuk-working-project-1.jpeg 1280w, https:\/\/kid.org.tr\/wp-content\/uploads\/2024\/02\/Buyuk-working-project-1-300x200.jpeg 300w, https:\/\/kid.org.tr\/wp-content\/uploads\/2024\/02\/Buyuk-working-project-1-1024x682.jpeg 1024w, https:\/\/kid.org.tr\/wp-content\/uploads\/2024\/02\/Buyuk-working-project-1-768x512.jpeg 768w, https:\/\/kid.org.tr\/wp-content\/uploads\/2024\/02\/Buyuk-working-project-1-18x12.jpeg 18w\" sizes=\"auto, (max-width: 1280px) 100vw, 1280px\"  data-dt-location=\"https:\/\/kid.org.tr\/en\/adaylik-surecinde-mentorden-beklentiler\/working-over-project-2\/\" \/><\/div>\n\t\t<\/figure>\n\t<\/div>\n<div class=\"uavc-list-icon uavc-list-icon-wrapper ult-adjust-bottom-margin\"><ul class=\"uavc-list\"><li><div class=\"uavc-list-content\" id=\"list-icon-wrap-5541\">\n<div class=\"uavc-list-icon\" data-animation=\"\" data-animation-delay=\"03\" style=\"margin-right:5px;\"><div class=\"ult-just-icon-wrapper\"><div class=\"align-icon\" style=\"text-align:center;\">\n<div class=\"aio-icon none\"  style=\"color:#333333;font-size:32px;display:inline-block;\">\n\t<i class=\"far fa-dot-circle\"><\/i>\n<\/div><\/div><\/div>\n<\/div><span  data-ultimate-target='#list-icon-wrap-5541 .uavc-list-desc'  data-responsive-json-new='{\"font-size\":\"\",\"line-height\":\"\"}'  class=\"uavc-list-desc ult-responsive\" style=\"\">Aday se\u00e7im kriterlerini kar\u015f\u0131lamak,<\/span><\/div><\/li><li><div class=\"uavc-list-content\" id=\"list-icon-wrap-2561\">\n<div class=\"uavc-list-icon\" data-animation=\"\" data-animation-delay=\"03\" style=\"margin-right:5px;\"><div class=\"ult-just-icon-wrapper\"><div class=\"align-icon\" style=\"text-align:center;\">\n<div class=\"aio-icon none\"  style=\"color:#333333;font-size:32px;display:inline-block;\">\n\t<i class=\"far fa-dot-circle\"><\/i>\n<\/div><\/div><\/div>\n<\/div><span  data-ultimate-target='#list-icon-wrap-2561 .uavc-list-desc'  data-responsive-json-new='{\"font-size\":\"\",\"line-height\":\"\"}'  class=\"uavc-list-desc ult-responsive\" style=\"\">Program esaslar\u0131 ve ad\u0131mlar\u0131 dahilinde gerekli t\u00fcm a\u015famalara kat\u0131lmak,<\/span><\/div><\/li><li><div class=\"uavc-list-content\" id=\"list-icon-wrap-1024\">\n<div class=\"uavc-list-icon\" data-animation=\"\" data-animation-delay=\"03\" style=\"margin-right:5px;\"><div class=\"ult-just-icon-wrapper\"><div class=\"align-icon\" style=\"text-align:center;\">\n<div class=\"aio-icon none\"  style=\"color:#333333;font-size:32px;display:inline-block;\">\n\t<i class=\"far fa-dot-circle\"><\/i>\n<\/div><\/div><\/div>\n<\/div><span  data-ultimate-target='#list-icon-wrap-1024 .uavc-list-desc'  data-responsive-json-new='{\"font-size\":\"\",\"line-height\":\"\"}'  class=\"uavc-list-desc ult-responsive\" style=\"\">Bir \u00f6\u011frenme ili\u015fkisi olu\u015fturma ve ili\u015fkiyi g\u00fc\u00e7lendirmek,<\/span><\/div><\/li><li><div class=\"uavc-list-content\" id=\"list-icon-wrap-3610\">\n<div class=\"uavc-list-icon\" data-animation=\"\" data-animation-delay=\"03\" style=\"margin-right:5px;\"><div class=\"ult-just-icon-wrapper\"><div class=\"align-icon\" style=\"text-align:center;\">\n<div class=\"aio-icon none\"  style=\"color:#333333;font-size:32px;display:inline-block;\">\n\t<i class=\"far fa-dot-circle\"><\/i>\n<\/div><\/div><\/div>\n<\/div><span  data-ultimate-target='#list-icon-wrap-3610 .uavc-list-desc'  data-responsive-json-new='{\"font-size\":\"\",\"line-height\":\"\"}'  class=\"uavc-list-desc ult-responsive\" style=\"\">Bir \u00f6\u011frenme orta\u011f\u0131, rol modeli olmak,<\/span><\/div><\/li><li><div class=\"uavc-list-content\" id=\"list-icon-wrap-3510\">\n<div class=\"uavc-list-icon\" data-animation=\"\" data-animation-delay=\"03\" style=\"margin-right:5px;\"><div class=\"ult-just-icon-wrapper\"><div class=\"align-icon\" style=\"text-align:center;\">\n<div class=\"aio-icon none\"  style=\"color:#333333;font-size:32px;display:inline-block;\">\n\t<i class=\"far fa-dot-circle\"><\/i>\n<\/div><\/div><\/div>\n<\/div><span  data-ultimate-target='#list-icon-wrap-3510 .uavc-list-desc'  data-responsive-json-new='{\"font-size\":\"\",\"line-height\":\"\"}'  class=\"uavc-list-desc ult-responsive\" style=\"\">Menti\u2019sini devam eden bir \u00f6\u011frenme ili\u015fkisinde desteklemek,<\/span><\/div><\/li><li><div class=\"uavc-list-content\" id=\"list-icon-wrap-2715\">\n<div class=\"uavc-list-icon\" data-animation=\"\" data-animation-delay=\"03\" style=\"margin-right:5px;\"><div class=\"ult-just-icon-wrapper\"><div class=\"align-icon\" style=\"text-align:center;\">\n<div class=\"aio-icon none\"  style=\"color:#333333;font-size:32px;display:inline-block;\">\n\t<i class=\"far fa-dot-circle\"><\/i>\n<\/div><\/div><\/div>\n<\/div><span  data-ultimate-target='#list-icon-wrap-2715 .uavc-list-desc'  data-responsive-json-new='{\"font-size\":\"\",\"line-height\":\"\"}'  class=\"uavc-list-desc ult-responsive\" style=\"\">Kar\u015f\u0131l\u0131kl\u0131 olarak gizlilik, sayg\u0131, g\u00fcven, anlay\u0131\u015f olu\u015fturmak i\u00e7in \u00e7aba g\u00f6stermek,<\/span><\/div><\/li><li><div class=\"uavc-list-content\" id=\"list-icon-wrap-5227\">\n<div class=\"uavc-list-icon\" data-animation=\"\" data-animation-delay=\"03\" style=\"margin-right:5px;\"><div class=\"ult-just-icon-wrapper\"><div class=\"align-icon\" style=\"text-align:center;\">\n<div class=\"aio-icon none\"  style=\"color:#333333;font-size:32px;display:inline-block;\">\n\t<i class=\"far fa-dot-circle\"><\/i>\n<\/div><\/div><\/div>\n<\/div><span  data-ultimate-target='#list-icon-wrap-5227 .uavc-list-desc'  data-responsive-json-new='{\"font-size\":\"\",\"line-height\":\"\"}'  class=\"uavc-list-desc ult-responsive\" style=\"\">Ama\u00e7lar\u0131n belirlenmesi, hedeflerin olu\u015fturulmas\u0131na y\u00f6nelik i\u015fbirli\u011fi yapmak,<\/span><\/div><\/li><li><div class=\"uavc-list-content\" id=\"list-icon-wrap-6382\">\n<div class=\"uavc-list-icon\" data-animation=\"\" data-animation-delay=\"03\" style=\"margin-right:5px;\"><div class=\"ult-just-icon-wrapper\"><div class=\"align-icon\" style=\"text-align:center;\">\n<div class=\"aio-icon none\"  style=\"color:#333333;font-size:32px;display:inline-block;\">\n\t<i class=\"far fa-dot-circle\"><\/i>\n<\/div><\/div><\/div>\n<\/div><span  data-ultimate-target='#list-icon-wrap-6382 .uavc-list-desc'  data-responsive-json-new='{\"font-size\":\"\",\"line-height\":\"\"}'  class=\"uavc-list-desc ult-responsive\" style=\"\">Program Koordinat\u00f6r\u00fc ve Koordinasyon ekibi ile i\u015fbirli\u011fi yapmak<\/span><\/div><\/li><\/ul><\/div><\/div><\/div><\/div><\/div>\n<\/div>","protected":false},"excerpt":{"rendered":"<p>Aday se\u00e7im kriterlerini kar\u015f\u0131lamak, Program esaslar\u0131 ve ad\u0131mlar\u0131 dahilinde gerekli t\u00fcm a\u015famalara kat\u0131lmak, Bir \u00f6\u011frenme ili\u015fkisi olu\u015fturma ve ili\u015fkiyi g\u00fc\u00e7lendirmek, Bir \u00f6\u011frenme orta\u011f\u0131, rol modeli olmak, Menti\u2019sini devam eden bir \u00f6\u011frenme ili\u015fkisinde desteklemek, Kar\u015f\u0131l\u0131kl\u0131 olarak gizlilik, sayg\u0131, g\u00fcven, anlay\u0131\u015f olu\u015fturmak i\u00e7in \u00e7aba g\u00f6stermek, Ama\u00e7lar\u0131n belirlenmesi, hedeflerin olu\u015fturulmas\u0131na y\u00f6nelik i\u015fbirli\u011fi yapmak, Program Koordinat\u00f6r\u00fc ve Koordinasyon ekibi&hellip;<\/p>","protected":false},"author":1,"featured_media":0,"parent":0,"menu_order":10,"comment_status":"closed","ping_status":"closed","template":"","meta":{"footnotes":""},"class_list":["post-58618","page","type-page","status-publish","hentry","description-off"],"aioseo_notices":[],"_links":{"self":[{"href":"https:\/\/kid.org.tr\/en\/wp-json\/wp\/v2\/pages\/58618","targetHints":{"allow":["GET"]}}],"collection":[{"href":"https:\/\/kid.org.tr\/en\/wp-json\/wp\/v2\/pages"}],"about":[{"href":"https:\/\/kid.org.tr\/en\/wp-json\/wp\/v2\/types\/page"}],"author":[{"embeddable":true,"href":"https:\/\/kid.org.tr\/en\/wp-json\/wp\/v2\/users\/1"}],"replies":[{"embeddable":true,"href":"https:\/\/kid.org.tr\/en\/wp-json\/wp\/v2\/comments?post=58618"}],"version-history":[{"count":2,"href":"https:\/\/kid.org.tr\/en\/wp-json\/wp\/v2\/pages\/58618\/revisions"}],"predecessor-version":[{"id":58621,"href":"https:\/\/kid.org.tr\/en\/wp-json\/wp\/v2\/pages\/58618\/revisions\/58621"}],"wp:attachment":[{"href":"https:\/\/kid.org.tr\/en\/wp-json\/wp\/v2\/media?parent=58618"}],"curies":[{"name":"wp","href":"https:\/\/api.w.org\/{rel}","templated":true}]}}