{"id":58625,"date":"2024-02-07T07:19:06","date_gmt":"2024-02-07T07:19:06","guid":{"rendered":"https:\/\/kid.org.tr\/?page_id=58625"},"modified":"2024-02-07T10:59:42","modified_gmt":"2024-02-07T10:59:42","slug":"mentor-olmanin-mentore-faydalari","status":"publish","type":"page","link":"https:\/\/kid.org.tr\/en\/mentor-olmanin-mentore-faydalari\/","title":{"rendered":"Mentor Olman\u0131n Ment\u00f6re Faydalar\u0131"},"content":{"rendered":"<div class=\"wpb-content-wrapper\"><div class=\"vc_row wpb_row vc_row-fluid vc_custom_1573386006934\"><div class=\"wpb_column vc_column_container vc_col-sm-12\"><div class=\"vc_column-inner\"><div class=\"wpb_wrapper\">\n\t<div  class=\"wpb_single_image wpb_content_element vc_align_left\">\n\t\t\n\t\t<figure class=\"wpb_wrapper vc_figure\">\n\t\t\t<div class=\"vc_single_image-wrapper   vc_box_border_grey\"><img loading=\"lazy\" decoding=\"async\" width=\"1280\" height=\"720\" src=\"https:\/\/kid.org.tr\/wp-content\/uploads\/2024\/02\/Buyuk-boss-s-day-arrangement-with-paper-boats-copy-space.jpeg\" class=\"vc_single_image-img attachment-full\" alt=\"\" title=\"Bu\u0308yu\u0308k boss-s-day-arrangement-with-paper-boats-copy-space\" srcset=\"https:\/\/kid.org.tr\/wp-content\/uploads\/2024\/02\/Buyuk-boss-s-day-arrangement-with-paper-boats-copy-space.jpeg 1280w, https:\/\/kid.org.tr\/wp-content\/uploads\/2024\/02\/Buyuk-boss-s-day-arrangement-with-paper-boats-copy-space-300x169.jpeg 300w, https:\/\/kid.org.tr\/wp-content\/uploads\/2024\/02\/Buyuk-boss-s-day-arrangement-with-paper-boats-copy-space-1024x576.jpeg 1024w, https:\/\/kid.org.tr\/wp-content\/uploads\/2024\/02\/Buyuk-boss-s-day-arrangement-with-paper-boats-copy-space-768x432.jpeg 768w, https:\/\/kid.org.tr\/wp-content\/uploads\/2024\/02\/Buyuk-boss-s-day-arrangement-with-paper-boats-copy-space-18x10.jpeg 18w\" sizes=\"auto, (max-width: 1280px) 100vw, 1280px\"  data-dt-location=\"https:\/\/kid.org.tr\/en\/mentor-olmanin-mentore-faydalari\/bu%cc%88yu%cc%88k-boss-s-day-arrangement-with-paper-boats-copy-space\/\" \/><\/div>\n\t\t<\/figure>\n\t<\/div>\n<div class=\"uavc-list-icon uavc-list-icon-wrapper ult-adjust-bottom-margin\"><ul class=\"uavc-list\"><li><div class=\"uavc-list-content\" id=\"list-icon-wrap-6865\">\n<div class=\"uavc-list-icon\" data-animation=\"\" data-animation-delay=\"03\" style=\"margin-right:5px;\"><div class=\"ult-just-icon-wrapper\"><div class=\"align-icon\" style=\"text-align:center;\">\n<div class=\"aio-icon none\"  style=\"color:#333333;font-size:32px;display:inline-block;\">\n\t<i class=\"far fa-dot-circle\"><\/i>\n<\/div><\/div><\/div>\n<\/div><span  data-ultimate-target='#list-icon-wrap-6865 .uavc-list-desc'  data-responsive-json-new='{\"font-size\":\"\",\"line-height\":\"\"}'  class=\"uavc-list-desc ult-responsive\" style=\"\">Farkl\u0131 bir ku\u015fa\u011f\u0131 tan\u0131ma f\u0131rsat\u0131,<\/span><\/div><\/li><li><div class=\"uavc-list-content\" id=\"list-icon-wrap-6938\">\n<div class=\"uavc-list-icon\" data-animation=\"\" data-animation-delay=\"03\" style=\"margin-right:5px;\"><div class=\"ult-just-icon-wrapper\"><div class=\"align-icon\" style=\"text-align:center;\">\n<div class=\"aio-icon none\"  style=\"color:#333333;font-size:32px;display:inline-block;\">\n\t<i class=\"far fa-dot-circle\"><\/i>\n<\/div><\/div><\/div>\n<\/div><span  data-ultimate-target='#list-icon-wrap-6938 .uavc-list-desc'  data-responsive-json-new='{\"font-size\":\"\",\"line-height\":\"\"}'  class=\"uavc-list-desc ult-responsive\" style=\"\">\u00d6\u011frenmeye dayal\u0131 liderlik becerilerini deneyimleme ve yaparak \u00f6\u011frenme f\u0131rsat\u0131,<\/span><\/div><\/li><li><div class=\"uavc-list-content\" id=\"list-icon-wrap-4426\">\n<div class=\"uavc-list-icon\" data-animation=\"\" data-animation-delay=\"03\" style=\"margin-right:5px;\"><div class=\"ult-just-icon-wrapper\"><div class=\"align-icon\" style=\"text-align:center;\">\n<div class=\"aio-icon none\"  style=\"color:#333333;font-size:32px;display:inline-block;\">\n\t<i class=\"far fa-dot-circle\"><\/i>\n<\/div><\/div><\/div>\n<\/div><span  data-ultimate-target='#list-icon-wrap-4426 .uavc-list-desc'  data-responsive-json-new='{\"font-size\":\"\",\"line-height\":\"\"}'  class=\"uavc-list-desc ult-responsive\" style=\"\">Kendini tan\u0131ma, kendi geli\u015fimine a\u00e7\u0131k y\u00f6nlerine dair fark\u0131ndal\u0131k geli\u015ftirme f\u0131rsat\u0131,<\/span><\/div><\/li><li><div class=\"uavc-list-content\" id=\"list-icon-wrap-7357\">\n<div class=\"uavc-list-icon\" data-animation=\"\" data-animation-delay=\"03\" style=\"margin-right:5px;\"><div class=\"ult-just-icon-wrapper\"><div class=\"align-icon\" style=\"text-align:center;\">\n<div class=\"aio-icon none\"  style=\"color:#333333;font-size:32px;display:inline-block;\">\n\t<i class=\"far fa-dot-circle\"><\/i>\n<\/div><\/div><\/div>\n<\/div><span  data-ultimate-target='#list-icon-wrap-7357 .uavc-list-desc'  data-responsive-json-new='{\"font-size\":\"\",\"line-height\":\"\"}'  class=\"uavc-list-desc ult-responsive\" style=\"\">Etkin dinleme, soru sorma ve geribildirim gibi temel ileti\u015fim, de\u011fi\u015fim ve \u00f6\u011frenme alan\u0131ndaki liderlik becerilerini geli\u015ftirmek ,<\/span><\/div><\/li><li><div class=\"uavc-list-content\" id=\"list-icon-wrap-7783\">\n<div class=\"uavc-list-icon\" data-animation=\"\" data-animation-delay=\"03\" style=\"margin-right:5px;\"><div class=\"ult-just-icon-wrapper\"><div class=\"align-icon\" style=\"text-align:center;\">\n<div class=\"aio-icon none\"  style=\"color:#333333;font-size:32px;display:inline-block;\">\n\t<i class=\"far fa-dot-circle\"><\/i>\n<\/div><\/div><\/div>\n<\/div><span  data-ultimate-target='#list-icon-wrap-7783 .uavc-list-desc'  data-responsive-json-new='{\"font-size\":\"\",\"line-height\":\"\"}'  class=\"uavc-list-desc ult-responsive\" style=\"\">Kendi kariyer ya da geli\u015fimine dair yenilik\u00e7i yakla\u015f\u0131m,<\/span><\/div><\/li><li><div class=\"uavc-list-content\" id=\"list-icon-wrap-6020\">\n<div class=\"uavc-list-icon\" data-animation=\"\" data-animation-delay=\"03\" style=\"margin-right:5px;\"><div class=\"ult-just-icon-wrapper\"><div class=\"align-icon\" style=\"text-align:center;\">\n<div class=\"aio-icon none\"  style=\"color:#333333;font-size:32px;display:inline-block;\">\n\t<i class=\"far fa-dot-circle\"><\/i>\n<\/div><\/div><\/div>\n<\/div><span  data-ultimate-target='#list-icon-wrap-6020 .uavc-list-desc'  data-responsive-json-new='{\"font-size\":\"\",\"line-height\":\"\"}'  class=\"uavc-list-desc ult-responsive\" style=\"\">Kendi performans\u0131n\u0131 ve geli\u015fimini y\u00fckseltmek,<\/span><\/div><\/li><li><div class=\"uavc-list-content\" id=\"list-icon-wrap-8045\">\n<div class=\"uavc-list-icon\" data-animation=\"\" data-animation-delay=\"03\" style=\"margin-right:5px;\"><div class=\"ult-just-icon-wrapper\"><div class=\"align-icon\" style=\"text-align:center;\">\n<div class=\"aio-icon none\"  style=\"color:#333333;font-size:32px;display:inline-block;\">\n\t<i class=\"far fa-dot-circle\"><\/i>\n<\/div><\/div><\/div>\n<\/div><span  data-ultimate-target='#list-icon-wrap-8045 .uavc-list-desc'  data-responsive-json-new='{\"font-size\":\"\",\"line-height\":\"\"}'  class=\"uavc-list-desc ult-responsive\" style=\"\">\u00d6\u011frendiklerini ya\u015fam\u0131ndaki \u00e7e\u015fitli rollerine yans\u0131tabilme, uygulayabilme f\u0131rsat\u0131,<\/span><\/div><\/li><li><div class=\"uavc-list-content\" id=\"list-icon-wrap-6068\">\n<div class=\"uavc-list-icon\" data-animation=\"\" data-animation-delay=\"03\" style=\"margin-right:5px;\"><div class=\"ult-just-icon-wrapper\"><div class=\"align-icon\" style=\"text-align:center;\">\n<div class=\"aio-icon none\"  style=\"color:#333333;font-size:32px;display:inline-block;\">\n\t<i class=\"far fa-dot-circle\"><\/i>\n<\/div><\/div><\/div>\n<\/div><span  data-ultimate-target='#list-icon-wrap-6068 .uavc-list-desc'  data-responsive-json-new='{\"font-size\":\"\",\"line-height\":\"\"}'  class=\"uavc-list-desc ult-responsive\" style=\"\">Bir ba\u015fkas\u0131n\u0131n geli\u015fimini izleme hazz\u0131,<\/span><\/div><\/li><li><div class=\"uavc-list-content\" id=\"list-icon-wrap-7730\">\n<div class=\"uavc-list-icon\" data-animation=\"\" data-animation-delay=\"03\" style=\"margin-right:5px;\"><div class=\"ult-just-icon-wrapper\"><div class=\"align-icon\" style=\"text-align:center;\">\n<div class=\"aio-icon none\"  style=\"color:#333333;font-size:32px;display:inline-block;\">\n\t<i class=\"far fa-dot-circle\"><\/i>\n<\/div><\/div><\/div>\n<\/div><span  data-ultimate-target='#list-icon-wrap-7730 .uavc-list-desc'  data-responsive-json-new='{\"font-size\":\"\",\"line-height\":\"\"}'  class=\"uavc-list-desc ult-responsive\" style=\"\">Y\u00f6n\u00fcn\u00fc bulmaya \u00e7al\u0131\u015fan gen\u00e7 bir bireyin geli\u015fimine ili\u015fkin payla\u015f\u0131lan sorumluluk duygusu.<\/span><\/div><\/li><li><div class=\"uavc-list-content\" id=\"list-icon-wrap-6229\">\n<div class=\"uavc-list-icon\" data-animation=\"\" data-animation-delay=\"03\" style=\"margin-right:5px;\"><div class=\"ult-just-icon-wrapper\"><div class=\"align-icon\" style=\"text-align:center;\">\n<div class=\"aio-icon none\"  style=\"color:#333333;font-size:32px;display:inline-block;\">\n\t<i class=\"far fa-dot-circle\"><\/i>\n<\/div><\/div><\/div>\n<\/div><span  data-ultimate-target='#list-icon-wrap-6229 .uavc-list-desc'  data-responsive-json-new='{\"font-size\":\"\",\"line-height\":\"\"}'  class=\"uavc-list-desc ult-responsive\" style=\"\">Y\u00f6n\u00fcn\u00fc bulmaya \u00e7al\u0131\u015fan gen\u00e7 bir bireyin omuzuna dokunma mutlulu\u011funu ya\u015famak<\/span><\/div><\/li><\/ul><\/div><\/div><\/div><\/div><\/div>\n<\/div>","protected":false},"excerpt":{"rendered":"<p>Farkl\u0131 bir ku\u015fa\u011f\u0131 tan\u0131ma f\u0131rsat\u0131, \u00d6\u011frenmeye dayal\u0131 liderlik becerilerini deneyimleme ve yaparak \u00f6\u011frenme f\u0131rsat\u0131, Kendini tan\u0131ma, kendi geli\u015fimine a\u00e7\u0131k y\u00f6nlerine dair fark\u0131ndal\u0131k geli\u015ftirme f\u0131rsat\u0131, Etkin dinleme, soru sorma ve geribildirim gibi temel ileti\u015fim, de\u011fi\u015fim ve \u00f6\u011frenme alan\u0131ndaki liderlik becerilerini geli\u015ftirmek , Kendi kariyer ya da geli\u015fimine dair yenilik\u00e7i yakla\u015f\u0131m, Kendi performans\u0131n\u0131 ve geli\u015fimini y\u00fckseltmek, \u00d6\u011frendiklerini&hellip;<\/p>","protected":false},"author":1,"featured_media":0,"parent":0,"menu_order":10,"comment_status":"closed","ping_status":"closed","template":"","meta":{"footnotes":""},"class_list":["post-58625","page","type-page","status-publish","hentry","description-off"],"aioseo_notices":[],"_links":{"self":[{"href":"https:\/\/kid.org.tr\/en\/wp-json\/wp\/v2\/pages\/58625","targetHints":{"allow":["GET"]}}],"collection":[{"href":"https:\/\/kid.org.tr\/en\/wp-json\/wp\/v2\/pages"}],"about":[{"href":"https:\/\/kid.org.tr\/en\/wp-json\/wp\/v2\/types\/page"}],"author":[{"embeddable":true,"href":"https:\/\/kid.org.tr\/en\/wp-json\/wp\/v2\/users\/1"}],"replies":[{"embeddable":true,"href":"https:\/\/kid.org.tr\/en\/wp-json\/wp\/v2\/comments?post=58625"}],"version-history":[{"count":1,"href":"https:\/\/kid.org.tr\/en\/wp-json\/wp\/v2\/pages\/58625\/revisions"}],"predecessor-version":[{"id":58627,"href":"https:\/\/kid.org.tr\/en\/wp-json\/wp\/v2\/pages\/58625\/revisions\/58627"}],"wp:attachment":[{"href":"https:\/\/kid.org.tr\/en\/wp-json\/wp\/v2\/media?parent=58625"}],"curies":[{"name":"wp","href":"https:\/\/api.w.org\/{rel}","templated":true}]}}