{"id":58628,"date":"2024-02-07T07:22:26","date_gmt":"2024-02-07T07:22:26","guid":{"rendered":"https:\/\/kid.org.tr\/?page_id=58628"},"modified":"2024-02-07T10:59:48","modified_gmt":"2024-02-07T10:59:48","slug":"mentorun-sorumluluklari","status":"publish","type":"page","link":"https:\/\/kid.org.tr\/en\/mentorun-sorumluluklari\/","title":{"rendered":"Ment\u00f6r\u00fcn Sorumluluklar\u0131"},"content":{"rendered":"<div class=\"wpb-content-wrapper\"><div class=\"vc_row wpb_row vc_row-fluid vc_custom_1573386006934\"><div class=\"wpb_column vc_column_container vc_col-sm-12\"><div class=\"vc_column-inner\"><div class=\"wpb_wrapper\">\n\t<div  class=\"wpb_single_image wpb_content_element vc_align_left\">\n\t\t\n\t\t<figure class=\"wpb_wrapper vc_figure\">\n\t\t\t<div class=\"vc_single_image-wrapper   vc_box_border_grey\"><img loading=\"lazy\" decoding=\"async\" width=\"1280\" height=\"853\" src=\"https:\/\/kid.org.tr\/wp-content\/uploads\/2024\/02\/Buyuk-side-view-two-pretty-women-sitting-by-table.jpeg\" class=\"vc_single_image-img attachment-full\" alt=\"\" title=\"Side view of two pretty women sitting by the table\" srcset=\"https:\/\/kid.org.tr\/wp-content\/uploads\/2024\/02\/Buyuk-side-view-two-pretty-women-sitting-by-table.jpeg 1280w, https:\/\/kid.org.tr\/wp-content\/uploads\/2024\/02\/Buyuk-side-view-two-pretty-women-sitting-by-table-300x200.jpeg 300w, https:\/\/kid.org.tr\/wp-content\/uploads\/2024\/02\/Buyuk-side-view-two-pretty-women-sitting-by-table-1024x682.jpeg 1024w, https:\/\/kid.org.tr\/wp-content\/uploads\/2024\/02\/Buyuk-side-view-two-pretty-women-sitting-by-table-768x512.jpeg 768w, https:\/\/kid.org.tr\/wp-content\/uploads\/2024\/02\/Buyuk-side-view-two-pretty-women-sitting-by-table-18x12.jpeg 18w\" sizes=\"auto, (max-width: 1280px) 100vw, 1280px\"  data-dt-location=\"https:\/\/kid.org.tr\/en\/iyi-bir-mentorun-ozellikleri\/side-view-of-two-pretty-women-sitting-by-the-table\/\" \/><\/div>\n\t\t<\/figure>\n\t<\/div>\n\n\t<div class=\"wpb_text_column wpb_content_element\" >\n\t\t<div class=\"wpb_wrapper\">\n\t\t\t<p>Mentorluk program\u0131nda , bu programdaki sorumluluklar\u0131n\u0131 bilmeniz gerekir. Bu iki y\u00f6nl\u00fc bir ili\u015fki oldu\u011fu i\u00e7in, her biriniz kendi eylemlerinizden sorumlusunuz, aksi halde iki taraf da fayda sa\u011flayamaz. Herhangi bir ili\u015fkide sorumlu olmak, a\u015fa\u011f\u0131da belirtildi\u011fi gibi kabul edilmi\u015f ortak nezaket kurallar\u0131na ba\u011fl\u0131 kalmay\u0131 gerektirir:<\/p>\n\n\t\t<\/div>\n\t<\/div>\n<div class=\"uavc-list-icon uavc-list-icon-wrapper ult-adjust-bottom-margin\"><ul class=\"uavc-list\"><li><div class=\"uavc-list-content\" id=\"list-icon-wrap-4272\">\n<div class=\"uavc-list-icon\" data-animation=\"\" data-animation-delay=\"03\" style=\"margin-right:5px;\"><div class=\"ult-just-icon-wrapper\"><div class=\"align-icon\" style=\"text-align:center;\">\n<div class=\"aio-icon none\"  style=\"color:#333333;font-size:32px;display:inline-block;\">\n\t<i class=\"far fa-dot-circle\"><\/i>\n<\/div><\/div><\/div>\n<\/div><span  data-ultimate-target='#list-icon-wrap-4272 .uavc-list-desc'  data-responsive-json-new='{\"font-size\":\"\",\"line-height\":\"\"}'  class=\"uavc-list-desc ult-responsive\" style=\"\">\u0130stekli Olmak<\/span><\/div><\/li><li><div class=\"uavc-list-content\" id=\"list-icon-wrap-6671\">\n<div class=\"uavc-list-icon\" data-animation=\"\" data-animation-delay=\"03\" style=\"margin-right:5px;\"><div class=\"ult-just-icon-wrapper\"><div class=\"align-icon\" style=\"text-align:center;\">\n<div class=\"aio-icon none\"  style=\"color:#333333;font-size:32px;display:inline-block;\">\n\t<i class=\"far fa-dot-circle\"><\/i>\n<\/div><\/div><\/div>\n<\/div><span  data-ultimate-target='#list-icon-wrap-6671 .uavc-list-desc'  data-responsive-json-new='{\"font-size\":\"\",\"line-height\":\"\"}'  class=\"uavc-list-desc ult-responsive\" style=\"\">D\u00fc\u015f\u00fcnceli olmak<\/span><\/div><\/li><li><div class=\"uavc-list-content\" id=\"list-icon-wrap-8912\">\n<div class=\"uavc-list-icon\" data-animation=\"\" data-animation-delay=\"03\" style=\"margin-right:5px;\"><div class=\"ult-just-icon-wrapper\"><div class=\"align-icon\" style=\"text-align:center;\">\n<div class=\"aio-icon none\"  style=\"color:#333333;font-size:32px;display:inline-block;\">\n\t<i class=\"far fa-dot-circle\"><\/i>\n<\/div><\/div><\/div>\n<\/div><span  data-ultimate-target='#list-icon-wrap-8912 .uavc-list-desc'  data-responsive-json-new='{\"font-size\":\"\",\"line-height\":\"\"}'  class=\"uavc-list-desc ult-responsive\" style=\"\">Telefonlara, mesajlara, e-postalara zaman\u0131nda d\u00f6nmek<\/span><\/div><\/li><li><div class=\"uavc-list-content\" id=\"list-icon-wrap-9851\">\n<div class=\"uavc-list-icon\" data-animation=\"\" data-animation-delay=\"03\" style=\"margin-right:5px;\"><div class=\"ult-just-icon-wrapper\"><div class=\"align-icon\" style=\"text-align:center;\">\n<div class=\"aio-icon none\"  style=\"color:#333333;font-size:32px;display:inline-block;\">\n\t<i class=\"far fa-dot-circle\"><\/i>\n<\/div><\/div><\/div>\n<\/div><span  data-ultimate-target='#list-icon-wrap-9851 .uavc-list-desc'  data-responsive-json-new='{\"font-size\":\"\",\"line-height\":\"\"}'  class=\"uavc-list-desc ult-responsive\" style=\"\">Yap\u0131lan her g\u00f6r\u00fc\u015fmede bir sonraki g\u00f6r\u00fc\u015fmenin zaman\u0131n\u0131 ayarlamak<\/span><\/div><\/li><li><div class=\"uavc-list-content\" id=\"list-icon-wrap-8628\">\n<div class=\"uavc-list-icon\" data-animation=\"\" data-animation-delay=\"03\" style=\"margin-right:5px;\"><div class=\"ult-just-icon-wrapper\"><div class=\"align-icon\" style=\"text-align:center;\">\n<div class=\"aio-icon none\"  style=\"color:#333333;font-size:32px;display:inline-block;\">\n\t<i class=\"far fa-dot-circle\"><\/i>\n<\/div><\/div><\/div>\n<\/div><span  data-ultimate-target='#list-icon-wrap-8628 .uavc-list-desc'  data-responsive-json-new='{\"font-size\":\"\",\"line-height\":\"\"}'  class=\"uavc-list-desc ult-responsive\" style=\"\">Planlanan toplant\u0131lara kat\u0131l\u0131m veya iptal ile ilgili \u00f6nceden haber vermek<\/span><\/div><\/li><li><div class=\"uavc-list-content\" id=\"list-icon-wrap-6764\">\n<div class=\"uavc-list-icon\" data-animation=\"\" data-animation-delay=\"03\" style=\"margin-right:5px;\"><div class=\"ult-just-icon-wrapper\"><div class=\"align-icon\" style=\"text-align:center;\">\n<div class=\"aio-icon none\"  style=\"color:#333333;font-size:32px;display:inline-block;\">\n\t<i class=\"far fa-dot-circle\"><\/i>\n<\/div><\/div><\/div>\n<\/div><span  data-ultimate-target='#list-icon-wrap-6764 .uavc-list-desc'  data-responsive-json-new='{\"font-size\":\"\",\"line-height\":\"\"}'  class=\"uavc-list-desc ult-responsive\" style=\"\">Adres, e-posta veya telefon numaras\u0131n\u0131n de\u011fi\u015fti\u011fini bildirmek<\/span><\/div><\/li><li><div class=\"uavc-list-content\" id=\"list-icon-wrap-1197\">\n<div class=\"uavc-list-icon\" data-animation=\"\" data-animation-delay=\"03\" style=\"margin-right:5px;\"><div class=\"ult-just-icon-wrapper\"><div class=\"align-icon\" style=\"text-align:center;\">\n<div class=\"aio-icon none\"  style=\"color:#333333;font-size:32px;display:inline-block;\">\n\t<i class=\"far fa-dot-circle\"><\/i>\n<\/div><\/div><\/div>\n<\/div><span  data-ultimate-target='#list-icon-wrap-1197 .uavc-list-desc'  data-responsive-json-new='{\"font-size\":\"\",\"line-height\":\"\"}'  class=\"uavc-list-desc ult-responsive\" style=\"\">D\u00fczenli olarak birbirleriyle ileti\u015fim kurmak<\/span><\/div><\/li><li><div class=\"uavc-list-content\" id=\"list-icon-wrap-3988\">\n<div class=\"uavc-list-icon\" data-animation=\"\" data-animation-delay=\"03\" style=\"margin-right:5px;\"><div class=\"ult-just-icon-wrapper\"><div class=\"align-icon\" style=\"text-align:center;\">\n<div class=\"aio-icon none\"  style=\"color:#333333;font-size:32px;display:inline-block;\">\n\t<i class=\"far fa-dot-circle\"><\/i>\n<\/div><\/div><\/div>\n<\/div><span  data-ultimate-target='#list-icon-wrap-3988 .uavc-list-desc'  data-responsive-json-new='{\"font-size\":\"\",\"line-height\":\"\"}'  class=\"uavc-list-desc ult-responsive\" style=\"\">\u00dczerinde mutab\u0131k kal\u0131nan sorumluluklar\u0131 ta\u015f\u0131mak<\/span><\/div><\/li><li><div class=\"uavc-list-content\" id=\"list-icon-wrap-1866\">\n<div class=\"uavc-list-icon\" data-animation=\"\" data-animation-delay=\"03\" style=\"margin-right:5px;\"><div class=\"ult-just-icon-wrapper\"><div class=\"align-icon\" style=\"text-align:center;\">\n<div class=\"aio-icon none\"  style=\"color:#333333;font-size:32px;display:inline-block;\">\n\t<i class=\"far fa-dot-circle\"><\/i>\n<\/div><\/div><\/div>\n<\/div><span  data-ultimate-target='#list-icon-wrap-1866 .uavc-list-desc'  data-responsive-json-new='{\"font-size\":\"\",\"line-height\":\"\"}'  class=\"uavc-list-desc ult-responsive\" style=\"\">Mentorluk s\u00fcrecine gereken zaman\u0131 ay\u0131rmak.<\/span><\/div><\/li><li><div class=\"uavc-list-content\" id=\"list-icon-wrap-3718\">\n<div class=\"uavc-list-icon\" data-animation=\"\" data-animation-delay=\"03\" style=\"margin-right:5px;\"><div class=\"ult-just-icon-wrapper\"><div class=\"align-icon\" style=\"text-align:center;\">\n<div class=\"aio-icon none\"  style=\"color:#333333;font-size:32px;display:inline-block;\">\n\t<i class=\"far fa-dot-circle\"><\/i>\n<\/div><\/div><\/div>\n<\/div><span  data-ultimate-target='#list-icon-wrap-3718 .uavc-list-desc'  data-responsive-json-new='{\"font-size\":\"\",\"line-height\":\"\"}'  class=\"uavc-list-desc ult-responsive\" style=\"\">Geli\u015fim hedeflerinin belirlenmesinde katk\u0131 sa\u011flamak.<\/span><\/div><\/li><li><div class=\"uavc-list-content\" id=\"list-icon-wrap-4852\">\n<div class=\"uavc-list-icon\" data-animation=\"\" data-animation-delay=\"03\" style=\"margin-right:5px;\"><div class=\"ult-just-icon-wrapper\"><div class=\"align-icon\" style=\"text-align:center;\">\n<div class=\"aio-icon none\"  style=\"color:#333333;font-size:32px;display:inline-block;\">\n\t<i class=\"far fa-dot-circle\"><\/i>\n<\/div><\/div><\/div>\n<\/div><span  data-ultimate-target='#list-icon-wrap-4852 .uavc-list-desc'  data-responsive-json-new='{\"font-size\":\"\",\"line-height\":\"\"}'  class=\"uavc-list-desc ult-responsive\" style=\"\">\u0130leti\u015fiminde mentorluk becerilerini etkin bir \u015fekilde kullanmak (derin dinleme, g\u00fc\u00e7l\u00fc sorular, takdir, geribildirim, yans\u0131tma vb.).<\/span><\/div><\/li><li><div class=\"uavc-list-content\" id=\"list-icon-wrap-6916\">\n<div class=\"uavc-list-icon\" data-animation=\"\" data-animation-delay=\"03\" style=\"margin-right:5px;\"><div class=\"ult-just-icon-wrapper\"><div class=\"align-icon\" style=\"text-align:center;\">\n<div class=\"aio-icon none\"  style=\"color:#333333;font-size:32px;display:inline-block;\">\n\t<i class=\"far fa-dot-circle\"><\/i>\n<\/div><\/div><\/div>\n<\/div><span  data-ultimate-target='#list-icon-wrap-6916 .uavc-list-desc'  data-responsive-json-new='{\"font-size\":\"\",\"line-height\":\"\"}'  class=\"uavc-list-desc ult-responsive\" style=\"\">S\u00fcre\u00e7 boyunca \u00f6\u011frenen zihinde kalmaya \u00f6zen g\u00f6stermek.<\/span><\/div><\/li><li><div class=\"uavc-list-content\" id=\"list-icon-wrap-3828\">\n<div class=\"uavc-list-icon\" data-animation=\"\" data-animation-delay=\"03\" style=\"margin-right:5px;\"><div class=\"ult-just-icon-wrapper\"><div class=\"align-icon\" style=\"text-align:center;\">\n<div class=\"aio-icon none\"  style=\"color:#333333;font-size:32px;display:inline-block;\">\n\t<i class=\"far fa-dot-circle\"><\/i>\n<\/div><\/div><\/div>\n<\/div><span  data-ultimate-target='#list-icon-wrap-3828 .uavc-list-desc'  data-responsive-json-new='{\"font-size\":\"\",\"line-height\":\"\"}'  class=\"uavc-list-desc ult-responsive\" style=\"\">G\u00f6r\u00fc\u015flerini a\u00e7\u0131k bir \u015fekilde, cesaretle dile getirmek.<\/span><\/div><\/li><li><div class=\"uavc-list-content\" id=\"list-icon-wrap-3060\">\n<div class=\"uavc-list-icon\" data-animation=\"\" data-animation-delay=\"03\" style=\"margin-right:5px;\"><div class=\"ult-just-icon-wrapper\"><div class=\"align-icon\" style=\"text-align:center;\">\n<div class=\"aio-icon none\"  style=\"color:#333333;font-size:32px;display:inline-block;\">\n\t<i class=\"far fa-dot-circle\"><\/i>\n<\/div><\/div><\/div>\n<\/div><span  data-ultimate-target='#list-icon-wrap-3060 .uavc-list-desc'  data-responsive-json-new='{\"font-size\":\"\",\"line-height\":\"\"}'  class=\"uavc-list-desc ult-responsive\" style=\"\">Geribildirim almaya ve vermeye a\u00e7\u0131k olmak.<\/span><\/div><\/li><li><div class=\"uavc-list-content\" id=\"list-icon-wrap-8113\">\n<div class=\"uavc-list-icon\" data-animation=\"\" data-animation-delay=\"03\" style=\"margin-right:5px;\"><div class=\"ult-just-icon-wrapper\"><div class=\"align-icon\" style=\"text-align:center;\">\n<div class=\"aio-icon none\"  style=\"color:#333333;font-size:32px;display:inline-block;\">\n\t<i class=\"far fa-dot-circle\"><\/i>\n<\/div><\/div><\/div>\n<\/div><span  data-ultimate-target='#list-icon-wrap-8113 .uavc-list-desc'  data-responsive-json-new='{\"font-size\":\"\",\"line-height\":\"\"}'  class=\"uavc-list-desc ult-responsive\" style=\"\">Mentor-mentee ili\u015fkisini k\u00f6t\u00fcye kullanmamak.<\/span><\/div><\/li><li><div class=\"uavc-list-content\" id=\"list-icon-wrap-2549\">\n<div class=\"uavc-list-icon\" data-animation=\"\" data-animation-delay=\"03\" style=\"margin-right:5px;\"><div class=\"ult-just-icon-wrapper\"><div class=\"align-icon\" style=\"text-align:center;\">\n<div class=\"aio-icon none\"  style=\"color:#333333;font-size:32px;display:inline-block;\">\n\t<i class=\"far fa-dot-circle\"><\/i>\n<\/div><\/div><\/div>\n<\/div><span  data-ultimate-target='#list-icon-wrap-2549 .uavc-list-desc'  data-responsive-json-new='{\"font-size\":\"\",\"line-height\":\"\"}'  class=\"uavc-list-desc ult-responsive\" style=\"\">S\u00fcre\u00e7 sonunda mentee de\u011ferlendirme ve s\u00fcre\u00e7 de\u011ferlendirme formunu doldurmak.<\/span><\/div><\/li><li><div class=\"uavc-list-content\" id=\"list-icon-wrap-8214\">\n<div class=\"uavc-list-icon\" data-animation=\"\" data-animation-delay=\"03\" style=\"margin-right:5px;\"><div class=\"ult-just-icon-wrapper\"><div class=\"align-icon\" style=\"text-align:center;\">\n<div class=\"aio-icon none\"  style=\"color:#333333;font-size:32px;display:inline-block;\">\n\t<i class=\"far fa-dot-circle\"><\/i>\n<\/div><\/div><\/div>\n<\/div><span  data-ultimate-target='#list-icon-wrap-8214 .uavc-list-desc'  data-responsive-json-new='{\"font-size\":\"\",\"line-height\":\"\"}'  class=\"uavc-list-desc ult-responsive\" style=\"\">Gizlilik ilkesine ve etik kurallara uygun davranmak.<\/span><\/div><\/li><li><div class=\"uavc-list-content\" id=\"list-icon-wrap-1107\">\n<div class=\"uavc-list-icon\" data-animation=\"\" data-animation-delay=\"03\" style=\"margin-right:5px;\"><div class=\"ult-just-icon-wrapper\"><div class=\"align-icon\" style=\"text-align:center;\">\n<div class=\"aio-icon none\"  style=\"color:#333333;font-size:32px;display:inline-block;\">\n\t<i class=\"far fa-dot-circle\"><\/i>\n<\/div><\/div><\/div>\n<\/div><span  data-ultimate-target='#list-icon-wrap-1107 .uavc-list-desc'  data-responsive-json-new='{\"font-size\":\"\",\"line-height\":\"\"}'  class=\"uavc-list-desc ult-responsive\" style=\"\">Bunun bir geli\u015fim ve kar\u015f\u0131l\u0131kl\u0131 \u00f6\u011frenme s\u00fcreci oldu\u011funu hat\u0131rlamak, a\u00e7\u0131k payla\u015f\u0131mlar\u0131n yap\u0131labilmesi i\u00e7in gerekli g\u00fcven ortam\u0131n\u0131 yaratmak.<\/span><\/div><\/li><li><div class=\"uavc-list-content\" id=\"list-icon-wrap-7537\">\n<div class=\"uavc-list-icon\" data-animation=\"\" data-animation-delay=\"03\" style=\"margin-right:5px;\"><div class=\"ult-just-icon-wrapper\"><div class=\"align-icon\" style=\"text-align:center;\">\n<div class=\"aio-icon none\"  style=\"color:#333333;font-size:32px;display:inline-block;\">\n\t<i class=\"far fa-dot-circle\"><\/i>\n<\/div><\/div><\/div>\n<\/div><span  data-ultimate-target='#list-icon-wrap-7537 .uavc-list-desc'  data-responsive-json-new='{\"font-size\":\"\",\"line-height\":\"\"}'  class=\"uavc-list-desc ult-responsive\" style=\"\">Ara d\u00f6nem toplant\u0131s\u0131na kat\u0131lmak.<\/span><\/div><\/li><\/ul><\/div><\/div><\/div><\/div><\/div>\n<\/div>","protected":false},"excerpt":{"rendered":"<p>Mentorluk program\u0131nda , bu programdaki sorumluluklar\u0131n\u0131 bilmeniz gerekir. Bu iki y\u00f6nl\u00fc bir ili\u015fki oldu\u011fu i\u00e7in, her biriniz kendi eylemlerinizden sorumlusunuz, aksi halde iki taraf da fayda sa\u011flayamaz. Herhangi bir ili\u015fkide sorumlu olmak, a\u015fa\u011f\u0131da belirtildi\u011fi gibi kabul edilmi\u015f ortak nezaket kurallar\u0131na ba\u011fl\u0131 kalmay\u0131 gerektirir: \u0130stekli Olmak D\u00fc\u015f\u00fcnceli olmak Telefonlara, mesajlara, e-postalara zaman\u0131nda d\u00f6nmek Yap\u0131lan her g\u00f6r\u00fc\u015fmede&hellip;<\/p>","protected":false},"author":1,"featured_media":0,"parent":0,"menu_order":10,"comment_status":"closed","ping_status":"closed","template":"","meta":{"footnotes":""},"class_list":["post-58628","page","type-page","status-publish","hentry","description-off"],"aioseo_notices":[],"_links":{"self":[{"href":"https:\/\/kid.org.tr\/en\/wp-json\/wp\/v2\/pages\/58628","targetHints":{"allow":["GET"]}}],"collection":[{"href":"https:\/\/kid.org.tr\/en\/wp-json\/wp\/v2\/pages"}],"about":[{"href":"https:\/\/kid.org.tr\/en\/wp-json\/wp\/v2\/types\/page"}],"author":[{"embeddable":true,"href":"https:\/\/kid.org.tr\/en\/wp-json\/wp\/v2\/users\/1"}],"replies":[{"embeddable":true,"href":"https:\/\/kid.org.tr\/en\/wp-json\/wp\/v2\/comments?post=58628"}],"version-history":[{"count":1,"href":"https:\/\/kid.org.tr\/en\/wp-json\/wp\/v2\/pages\/58628\/revisions"}],"predecessor-version":[{"id":58629,"href":"https:\/\/kid.org.tr\/en\/wp-json\/wp\/v2\/pages\/58628\/revisions\/58629"}],"wp:attachment":[{"href":"https:\/\/kid.org.tr\/en\/wp-json\/wp\/v2\/media?parent=58628"}],"curies":[{"name":"wp","href":"https:\/\/api.w.org\/{rel}","templated":true}]}}