{"id":58638,"date":"2024-02-07T07:35:52","date_gmt":"2024-02-07T07:35:52","guid":{"rendered":"https:\/\/kid.org.tr\/?page_id=58638"},"modified":"2024-02-07T10:59:58","modified_gmt":"2024-02-07T10:59:58","slug":"iyi-bir-mentinin-ozellikleri","status":"publish","type":"page","link":"https:\/\/kid.org.tr\/en\/iyi-bir-mentinin-ozellikleri\/","title":{"rendered":"\u0130yi Bir Mentinin \u00d6zellikleri"},"content":{"rendered":"<div class=\"wpb-content-wrapper\"><div class=\"vc_row wpb_row vc_row-fluid vc_custom_1573386006934\"><div class=\"wpb_column vc_column_container vc_col-sm-12\"><div class=\"vc_column-inner\"><div class=\"wpb_wrapper\">\n\t<div  class=\"wpb_single_image wpb_content_element vc_align_left\">\n\t\t\n\t\t<figure class=\"wpb_wrapper vc_figure\">\n\t\t\t<div class=\"vc_single_image-wrapper   vc_box_border_grey\"><img loading=\"lazy\" decoding=\"async\" width=\"1280\" height=\"720\" src=\"https:\/\/kid.org.tr\/wp-content\/uploads\/2024\/02\/iyi-bir-mentinin-ozellikleri.jpg\" class=\"vc_single_image-img attachment-full\" alt=\"\" title=\"iyi-bir-mentinin-ozellikleri\" srcset=\"https:\/\/kid.org.tr\/wp-content\/uploads\/2024\/02\/iyi-bir-mentinin-ozellikleri.jpg 1280w, https:\/\/kid.org.tr\/wp-content\/uploads\/2024\/02\/iyi-bir-mentinin-ozellikleri-300x169.jpg 300w, https:\/\/kid.org.tr\/wp-content\/uploads\/2024\/02\/iyi-bir-mentinin-ozellikleri-1024x576.jpg 1024w, https:\/\/kid.org.tr\/wp-content\/uploads\/2024\/02\/iyi-bir-mentinin-ozellikleri-768x432.jpg 768w, https:\/\/kid.org.tr\/wp-content\/uploads\/2024\/02\/iyi-bir-mentinin-ozellikleri-18x10.jpg 18w\" sizes=\"auto, (max-width: 1280px) 100vw, 1280px\"  data-dt-location=\"https:\/\/kid.org.tr\/en\/iyi-bir-mentinin-ozellikleri\/iyi-bir-mentinin-ozellikleri-2\/\" \/><\/div>\n\t\t<\/figure>\n\t<\/div>\n<div class=\"uavc-list-icon uavc-list-icon-wrapper ult-adjust-bottom-margin\"><ul class=\"uavc-list\"><li><div class=\"uavc-list-content\" id=\"list-icon-wrap-9229\">\n<div class=\"uavc-list-icon\" data-animation=\"\" data-animation-delay=\"03\" style=\"margin-right:5px;\"><div class=\"ult-just-icon-wrapper\"><div class=\"align-icon\" style=\"text-align:center;\">\n<div class=\"aio-icon none\"  style=\"color:#333333;font-size:32px;display:inline-block;\">\n\t<i class=\"far fa-dot-circle\"><\/i>\n<\/div><\/div><\/div>\n<\/div><span  data-ultimate-target='#list-icon-wrap-9229 .uavc-list-desc'  data-responsive-json-new='{\"font-size\":\"\",\"line-height\":\"\"}'  class=\"uavc-list-desc ult-responsive\" style=\"\">Etkili ileti\u015fim becerileri sergilemek,<\/span><\/div><\/li><li><div class=\"uavc-list-content\" id=\"list-icon-wrap-4735\">\n<div class=\"uavc-list-icon\" data-animation=\"\" data-animation-delay=\"03\" style=\"margin-right:5px;\"><div class=\"ult-just-icon-wrapper\"><div class=\"align-icon\" style=\"text-align:center;\">\n<div class=\"aio-icon none\"  style=\"color:#333333;font-size:32px;display:inline-block;\">\n\t<i class=\"far fa-dot-circle\"><\/i>\n<\/div><\/div><\/div>\n<\/div><span  data-ultimate-target='#list-icon-wrap-4735 .uavc-list-desc'  data-responsive-json-new='{\"font-size\":\"\",\"line-height\":\"\"}'  class=\"uavc-list-desc ult-responsive\" style=\"\">\u0130yi bir dinleyici olmak,<\/span><\/div><\/li><li><div class=\"uavc-list-content\" id=\"list-icon-wrap-9128\">\n<div class=\"uavc-list-icon\" data-animation=\"\" data-animation-delay=\"03\" style=\"margin-right:5px;\"><div class=\"ult-just-icon-wrapper\"><div class=\"align-icon\" style=\"text-align:center;\">\n<div class=\"aio-icon none\"  style=\"color:#333333;font-size:32px;display:inline-block;\">\n\t<i class=\"far fa-dot-circle\"><\/i>\n<\/div><\/div><\/div>\n<\/div><span  data-ultimate-target='#list-icon-wrap-9128 .uavc-list-desc'  data-responsive-json-new='{\"font-size\":\"\",\"line-height\":\"\"}'  class=\"uavc-list-desc ult-responsive\" style=\"\">Pozitif ve a\u00e7\u0131k olma, payla\u015f\u0131mc\u0131 olmak,<\/span><\/div><\/li><li><div class=\"uavc-list-content\" id=\"list-icon-wrap-4246\">\n<div class=\"uavc-list-icon\" data-animation=\"\" data-animation-delay=\"03\" style=\"margin-right:5px;\"><div class=\"ult-just-icon-wrapper\"><div class=\"align-icon\" style=\"text-align:center;\">\n<div class=\"aio-icon none\"  style=\"color:#333333;font-size:32px;display:inline-block;\">\n\t<i class=\"far fa-dot-circle\"><\/i>\n<\/div><\/div><\/div>\n<\/div><span  data-ultimate-target='#list-icon-wrap-4246 .uavc-list-desc'  data-responsive-json-new='{\"font-size\":\"\",\"line-height\":\"\"}'  class=\"uavc-list-desc ult-responsive\" style=\"\">\u00d6\u011frenme , geli\u015fime ve yeni deneyimlere a\u00e7\u0131k olmak,<\/span><\/div><\/li><li><div class=\"uavc-list-content\" id=\"list-icon-wrap-2159\">\n<div class=\"uavc-list-icon\" data-animation=\"\" data-animation-delay=\"03\" style=\"margin-right:5px;\"><div class=\"ult-just-icon-wrapper\"><div class=\"align-icon\" style=\"text-align:center;\">\n<div class=\"aio-icon none\"  style=\"color:#333333;font-size:32px;display:inline-block;\">\n\t<i class=\"far fa-dot-circle\"><\/i>\n<\/div><\/div><\/div>\n<\/div><span  data-ultimate-target='#list-icon-wrap-2159 .uavc-list-desc'  data-responsive-json-new='{\"font-size\":\"\",\"line-height\":\"\"}'  class=\"uavc-list-desc ult-responsive\" style=\"\">\u00d6\u011frenme orta\u011f\u0131n\u0131 te\u015fvik edici, cesaretlendirici ve destekleyici yakla\u015f\u0131mlar sergilemek,<\/span><\/div><\/li><li><div class=\"uavc-list-content\" id=\"list-icon-wrap-9059\">\n<div class=\"uavc-list-icon\" data-animation=\"\" data-animation-delay=\"03\" style=\"margin-right:5px;\"><div class=\"ult-just-icon-wrapper\"><div class=\"align-icon\" style=\"text-align:center;\">\n<div class=\"aio-icon none\"  style=\"color:#333333;font-size:32px;display:inline-block;\">\n\t<i class=\"far fa-dot-circle\"><\/i>\n<\/div><\/div><\/div>\n<\/div><span  data-ultimate-target='#list-icon-wrap-9059 .uavc-list-desc'  data-responsive-json-new='{\"font-size\":\"\",\"line-height\":\"\"}'  class=\"uavc-list-desc ult-responsive\" style=\"\">Sakin, sab\u0131rl\u0131 ve esnek olabilmek,<\/span><\/div><\/li><li><div class=\"uavc-list-content\" id=\"list-icon-wrap-9087\">\n<div class=\"uavc-list-icon\" data-animation=\"\" data-animation-delay=\"03\" style=\"margin-right:5px;\"><div class=\"ult-just-icon-wrapper\"><div class=\"align-icon\" style=\"text-align:center;\">\n<div class=\"aio-icon none\"  style=\"color:#333333;font-size:32px;display:inline-block;\">\n\t<i class=\"far fa-dot-circle\"><\/i>\n<\/div><\/div><\/div>\n<\/div><span  data-ultimate-target='#list-icon-wrap-9087 .uavc-list-desc'  data-responsive-json-new='{\"font-size\":\"\",\"line-height\":\"\"}'  class=\"uavc-list-desc ult-responsive\" style=\"\">\u0130li\u015fki y\u00f6netimi becerileri sergileyebilmek,<\/span><\/div><\/li><li><div class=\"uavc-list-content\" id=\"list-icon-wrap-6287\">\n<div class=\"uavc-list-icon\" data-animation=\"\" data-animation-delay=\"03\" style=\"margin-right:5px;\"><div class=\"ult-just-icon-wrapper\"><div class=\"align-icon\" style=\"text-align:center;\">\n<div class=\"aio-icon none\"  style=\"color:#333333;font-size:32px;display:inline-block;\">\n\t<i class=\"far fa-dot-circle\"><\/i>\n<\/div><\/div><\/div>\n<\/div><span  data-ultimate-target='#list-icon-wrap-6287 .uavc-list-desc'  data-responsive-json-new='{\"font-size\":\"\",\"line-height\":\"\"}'  class=\"uavc-list-desc ult-responsive\" style=\"\">\u0130yi bir bilgisayar ve internet kullan\u0131c\u0131s\u0131 olmak,<\/span><\/div><\/li><li><div class=\"uavc-list-content\" id=\"list-icon-wrap-1020\">\n<div class=\"uavc-list-icon\" data-animation=\"\" data-animation-delay=\"03\" style=\"margin-right:5px;\"><div class=\"ult-just-icon-wrapper\"><div class=\"align-icon\" style=\"text-align:center;\">\n<div class=\"aio-icon none\"  style=\"color:#333333;font-size:32px;display:inline-block;\">\n\t<i class=\"far fa-dot-circle\"><\/i>\n<\/div><\/div><\/div>\n<\/div><span  data-ultimate-target='#list-icon-wrap-1020 .uavc-list-desc'  data-responsive-json-new='{\"font-size\":\"\",\"line-height\":\"\"}'  class=\"uavc-list-desc ult-responsive\" style=\"\">\u00d6\u011frenme ili\u015fkisinde ki sorumluluklar\u0131na sahip \u00e7\u0131kmak, hakk\u0131n\u0131 vermek.<\/span><\/div><\/li><\/ul><\/div><\/div><\/div><\/div><\/div>\n<\/div>","protected":false},"excerpt":{"rendered":"<p>Etkili ileti\u015fim becerileri sergilemek, \u0130yi bir dinleyici olmak, Pozitif ve a\u00e7\u0131k olma, payla\u015f\u0131mc\u0131 olmak, \u00d6\u011frenme , geli\u015fime ve yeni deneyimlere a\u00e7\u0131k olmak, \u00d6\u011frenme orta\u011f\u0131n\u0131 te\u015fvik edici, cesaretlendirici ve destekleyici yakla\u015f\u0131mlar sergilemek, Sakin, sab\u0131rl\u0131 ve esnek olabilmek, \u0130li\u015fki y\u00f6netimi becerileri sergileyebilmek, \u0130yi bir bilgisayar ve internet kullan\u0131c\u0131s\u0131 olmak, \u00d6\u011frenme ili\u015fkisinde ki sorumluluklar\u0131na sahip \u00e7\u0131kmak, hakk\u0131n\u0131 vermek.<\/p>","protected":false},"author":1,"featured_media":0,"parent":0,"menu_order":10,"comment_status":"closed","ping_status":"closed","template":"","meta":{"footnotes":""},"class_list":["post-58638","page","type-page","status-publish","hentry","description-off"],"aioseo_notices":[],"_links":{"self":[{"href":"https:\/\/kid.org.tr\/en\/wp-json\/wp\/v2\/pages\/58638","targetHints":{"allow":["GET"]}}],"collection":[{"href":"https:\/\/kid.org.tr\/en\/wp-json\/wp\/v2\/pages"}],"about":[{"href":"https:\/\/kid.org.tr\/en\/wp-json\/wp\/v2\/types\/page"}],"author":[{"embeddable":true,"href":"https:\/\/kid.org.tr\/en\/wp-json\/wp\/v2\/users\/1"}],"replies":[{"embeddable":true,"href":"https:\/\/kid.org.tr\/en\/wp-json\/wp\/v2\/comments?post=58638"}],"version-history":[{"count":1,"href":"https:\/\/kid.org.tr\/en\/wp-json\/wp\/v2\/pages\/58638\/revisions"}],"predecessor-version":[{"id":58640,"href":"https:\/\/kid.org.tr\/en\/wp-json\/wp\/v2\/pages\/58638\/revisions\/58640"}],"wp:attachment":[{"href":"https:\/\/kid.org.tr\/en\/wp-json\/wp\/v2\/media?parent=58638"}],"curies":[{"name":"wp","href":"https:\/\/api.w.org\/{rel}","templated":true}]}}