{"id":58643,"date":"2024-02-07T10:24:42","date_gmt":"2024-02-07T10:24:42","guid":{"rendered":"https:\/\/kid.org.tr\/?page_id=58643"},"modified":"2024-02-07T11:00:03","modified_gmt":"2024-02-07T11:00:03","slug":"menti-aday-kriterleri","status":"publish","type":"page","link":"https:\/\/kid.org.tr\/en\/menti-aday-kriterleri\/","title":{"rendered":"Menti Aday Kriterleri"},"content":{"rendered":"<div class=\"wpb-content-wrapper\"><div class=\"vc_row wpb_row vc_row-fluid vc_custom_1573386006934\"><div class=\"wpb_column vc_column_container vc_col-sm-12\"><div class=\"vc_column-inner\"><div class=\"wpb_wrapper\">\n\t<div  class=\"wpb_single_image wpb_content_element vc_align_left\">\n\t\t\n\t\t<figure class=\"wpb_wrapper vc_figure\">\n\t\t\t<div class=\"vc_single_image-wrapper   vc_box_border_grey\"><img loading=\"lazy\" decoding=\"async\" width=\"1333\" height=\"889\" src=\"https:\/\/kid.org.tr\/wp-content\/uploads\/2024\/02\/close-up-colleagues-learning-job.jpg\" class=\"vc_single_image-img attachment-full\" alt=\"\" title=\"close-up-colleagues-learning-job\" srcset=\"https:\/\/kid.org.tr\/wp-content\/uploads\/2024\/02\/close-up-colleagues-learning-job.jpg 1333w, https:\/\/kid.org.tr\/wp-content\/uploads\/2024\/02\/close-up-colleagues-learning-job-300x200.jpg 300w, https:\/\/kid.org.tr\/wp-content\/uploads\/2024\/02\/close-up-colleagues-learning-job-1024x683.jpg 1024w, https:\/\/kid.org.tr\/wp-content\/uploads\/2024\/02\/close-up-colleagues-learning-job-768x512.jpg 768w, https:\/\/kid.org.tr\/wp-content\/uploads\/2024\/02\/close-up-colleagues-learning-job-18x12.jpg 18w\" sizes=\"auto, (max-width: 1333px) 100vw, 1333px\"  data-dt-location=\"https:\/\/kid.org.tr\/en\/menti-aday-kriterleri\/close-up-colleagues-learning-job\/\" \/><\/div>\n\t\t<\/figure>\n\t<\/div>\n<div class=\"uavc-list-icon uavc-list-icon-wrapper ult-adjust-bottom-margin\"><ul class=\"uavc-list\"><li><div class=\"uavc-list-content\" id=\"list-icon-wrap-2789\">\n<div class=\"uavc-list-icon\" data-animation=\"\" data-animation-delay=\"03\" style=\"margin-right:5px;\"><div class=\"ult-just-icon-wrapper\"><div class=\"align-icon\" style=\"text-align:center;\">\n<div class=\"aio-icon none\"  style=\"color:#333333;font-size:32px;display:inline-block;\">\n\t<i class=\"far fa-dot-circle\"><\/i>\n<\/div><\/div><\/div>\n<\/div><span  data-ultimate-target='#list-icon-wrap-2789 .uavc-list-desc'  data-responsive-json-new='{\"font-size\":\"\",\"line-height\":\"\"}'  class=\"uavc-list-desc ult-responsive\" style=\"\">TED Okullar\u0131n\u0131n herhangi birinden mezun olmu\u015f ve halihaz\u0131rda lisans e\u011fitiminin son iki y\u0131l\u0131nda okuyan,<\/span><\/div><\/li><li><div class=\"uavc-list-content\" id=\"list-icon-wrap-1900\">\n<div class=\"uavc-list-icon\" data-animation=\"\" data-animation-delay=\"03\" style=\"margin-right:5px;\"><div class=\"ult-just-icon-wrapper\"><div class=\"align-icon\" style=\"text-align:center;\">\n<div class=\"aio-icon none\"  style=\"color:#333333;font-size:32px;display:inline-block;\">\n\t<i class=\"far fa-dot-circle\"><\/i>\n<\/div><\/div><\/div>\n<\/div><span  data-ultimate-target='#list-icon-wrap-1900 .uavc-list-desc'  data-responsive-json-new='{\"font-size\":\"\",\"line-height\":\"\"}'  class=\"uavc-list-desc ult-responsive\" style=\"\">TED \u00dcniversitesi 3 &#8211; 4. s\u0131n\u0131fta okuyan,<\/span><\/div><\/li><li><div class=\"uavc-list-content\" id=\"list-icon-wrap-9605\">\n<div class=\"uavc-list-icon\" data-animation=\"\" data-animation-delay=\"03\" style=\"margin-right:5px;\"><div class=\"ult-just-icon-wrapper\"><div class=\"align-icon\" style=\"text-align:center;\">\n<div class=\"aio-icon none\"  style=\"color:#333333;font-size:32px;display:inline-block;\">\n\t<i class=\"far fa-dot-circle\"><\/i>\n<\/div><\/div><\/div>\n<\/div><span  data-ultimate-target='#list-icon-wrap-9605 .uavc-list-desc'  data-responsive-json-new='{\"font-size\":\"\",\"line-height\":\"\"}'  class=\"uavc-list-desc ult-responsive\" style=\"\">TED Okullar\u0131ndan herhangi birinden mezun ve halihaz\u0131rda y\u00fcksek lisans \u00f6\u011frencisi olan,<\/span><\/div><\/li><li><div class=\"uavc-list-content\" id=\"list-icon-wrap-9643\">\n<div class=\"uavc-list-icon\" data-animation=\"\" data-animation-delay=\"03\" style=\"margin-right:5px;\"><div class=\"ult-just-icon-wrapper\"><div class=\"align-icon\" style=\"text-align:center;\">\n<div class=\"aio-icon none\"  style=\"color:#333333;font-size:32px;display:inline-block;\">\n\t<i class=\"far fa-dot-circle\"><\/i>\n<\/div><\/div><\/div>\n<\/div><span  data-ultimate-target='#list-icon-wrap-9643 .uavc-list-desc'  data-responsive-json-new='{\"font-size\":\"\",\"line-height\":\"\"}'  class=\"uavc-list-desc ult-responsive\" style=\"\">TED Okullar\u0131ndan herhangi birinden mezun veya TED \u00dcniversitesinden mezun ve \u0130\u015f hayat\u0131na yeni ad\u0131m atm\u0131\u015f olan,<\/span><\/div><\/li><li><div class=\"uavc-list-content\" id=\"list-icon-wrap-5409\">\n<div class=\"uavc-list-icon\" data-animation=\"\" data-animation-delay=\"03\" style=\"margin-right:5px;\"><div class=\"ult-just-icon-wrapper\"><div class=\"align-icon\" style=\"text-align:center;\">\n<div class=\"aio-icon none\"  style=\"color:#333333;font-size:32px;display:inline-block;\">\n\t<i class=\"far fa-dot-circle\"><\/i>\n<\/div><\/div><\/div>\n<\/div><span  data-ultimate-target='#list-icon-wrap-5409 .uavc-list-desc'  data-responsive-json-new='{\"font-size\":\"\",\"line-height\":\"\"}'  class=\"uavc-list-desc ult-responsive\" style=\"\">TED Okullar\u0131ndan herhangi birinden mezun olmu\u015f olanlar\u0131n \u00e7ocuklar\u0131 (yukar\u0131da yaz\u0131l\u0131 kriterlere sahip),<\/span><\/div><\/li><li><div class=\"uavc-list-content\" id=\"list-icon-wrap-7162\">\n<div class=\"uavc-list-icon\" data-animation=\"\" data-animation-delay=\"03\" style=\"margin-right:5px;\"><div class=\"ult-just-icon-wrapper\"><div class=\"align-icon\" style=\"text-align:center;\">\n<div class=\"aio-icon none\"  style=\"color:#333333;font-size:32px;display:inline-block;\">\n\t<i class=\"far fa-dot-circle\"><\/i>\n<\/div><\/div><\/div>\n<\/div><span  data-ultimate-target='#list-icon-wrap-7162 .uavc-list-desc'  data-responsive-json-new='{\"font-size\":\"\",\"line-height\":\"\"}'  class=\"uavc-list-desc ult-responsive\" style=\"\">Akademik, sosyal ve spor alan\u0131nda \u00fcst\u00fcn ba\u015far\u0131l\u0131 gen\u00e7ler.<\/span><\/div><\/li><\/ul><\/div>\n\t<div class=\"wpb_text_column wpb_content_element\" >\n\t\t<div class=\"wpb_wrapper\">\n\t\t\t<p>Mentiler ayr\u0131ca;<\/p>\n\n\t\t<\/div>\n\t<\/div>\n<div class=\"uavc-list-icon uavc-list-icon-wrapper ult-adjust-bottom-margin\"><ul class=\"uavc-list\"><li><div class=\"uavc-list-content\" id=\"list-icon-wrap-5597\">\n<div class=\"uavc-list-icon\" data-animation=\"\" data-animation-delay=\"03\" style=\"margin-right:5px;\"><div class=\"ult-just-icon-wrapper\"><div class=\"align-icon\" style=\"text-align:center;\">\n<div class=\"aio-icon none\"  style=\"color:#333333;font-size:32px;display:inline-block;\">\n\t<i class=\"far fa-dot-circle\"><\/i>\n<\/div><\/div><\/div>\n<\/div><span  data-ultimate-target='#list-icon-wrap-5597 .uavc-list-desc'  data-responsive-json-new='{\"font-size\":\"\",\"line-height\":\"\"}'  class=\"uavc-list-desc ult-responsive\" style=\"\">Program ad\u0131mlar\u0131, s\u00fcre\u00e7lerine ili\u015fkin kurallar ve sorumluluklar\u0131 kabul ediyor olmal\u0131,<\/span><\/div><\/li><li><div class=\"uavc-list-content\" id=\"list-icon-wrap-6095\">\n<div class=\"uavc-list-icon\" data-animation=\"\" data-animation-delay=\"03\" style=\"margin-right:5px;\"><div class=\"ult-just-icon-wrapper\"><div class=\"align-icon\" style=\"text-align:center;\">\n<div class=\"aio-icon none\"  style=\"color:#333333;font-size:32px;display:inline-block;\">\n\t<i class=\"far fa-dot-circle\"><\/i>\n<\/div><\/div><\/div>\n<\/div><span  data-ultimate-target='#list-icon-wrap-6095 .uavc-list-desc'  data-responsive-json-new='{\"font-size\":\"\",\"line-height\":\"\"}'  class=\"uavc-list-desc ult-responsive\" style=\"\">E\u015fle\u015fme a\u015famas\u0131 \u00f6ncesinde ger\u00e7ekle\u015ftirilen e\u011fitim ve ba\u015flama toplant\u0131s\u0131na kat\u0131lmal\u0131,<\/span><\/div><\/li><li><div class=\"uavc-list-content\" id=\"list-icon-wrap-4346\">\n<div class=\"uavc-list-icon\" data-animation=\"\" data-animation-delay=\"03\" style=\"margin-right:5px;\"><div class=\"ult-just-icon-wrapper\"><div class=\"align-icon\" style=\"text-align:center;\">\n<div class=\"aio-icon none\"  style=\"color:#333333;font-size:32px;display:inline-block;\">\n\t<i class=\"far fa-dot-circle\"><\/i>\n<\/div><\/div><\/div>\n<\/div><span  data-ultimate-target='#list-icon-wrap-4346 .uavc-list-desc'  data-responsive-json-new='{\"font-size\":\"\",\"line-height\":\"\"}'  class=\"uavc-list-desc ult-responsive\" style=\"\">\u00d6\u011frenme ili\u015fkisi boyunca ger\u00e7ekle\u015ftirilecek izleme, de\u011ferlendirme, geli\u015fim de\u011ferlendirme toplant\u0131lar\u0131 ve destek aktivitelerine\/ oturumlar\u0131na kat\u0131lmal\u0131,<\/span><\/div><\/li><li><div class=\"uavc-list-content\" id=\"list-icon-wrap-4514\">\n<div class=\"uavc-list-icon\" data-animation=\"\" data-animation-delay=\"03\" style=\"margin-right:5px;\"><div class=\"ult-just-icon-wrapper\"><div class=\"align-icon\" style=\"text-align:center;\">\n<div class=\"aio-icon none\"  style=\"color:#333333;font-size:32px;display:inline-block;\">\n\t<i class=\"far fa-dot-circle\"><\/i>\n<\/div><\/div><\/div>\n<\/div><span  data-ultimate-target='#list-icon-wrap-4514 .uavc-list-desc'  data-responsive-json-new='{\"font-size\":\"\",\"line-height\":\"\"}'  class=\"uavc-list-desc ult-responsive\" style=\"\">Mentor ile 10 ayl\u0131k \u00f6\u011frenme ili\u015fkisi boyunca d\u00fczenli ayl\u0131k g\u00f6r\u00fc\u015fmeleri yap\u0131yor olmay\u0131 taahh\u00fct etmeli,<\/span><\/div><\/li><li><div class=\"uavc-list-content\" id=\"list-icon-wrap-4743\">\n<div class=\"uavc-list-icon\" data-animation=\"\" data-animation-delay=\"03\" style=\"margin-right:5px;\"><div class=\"ult-just-icon-wrapper\"><div class=\"align-icon\" style=\"text-align:center;\">\n<div class=\"aio-icon none\"  style=\"color:#333333;font-size:32px;display:inline-block;\">\n\t<i class=\"far fa-dot-circle\"><\/i>\n<\/div><\/div><\/div>\n<\/div><span  data-ultimate-target='#list-icon-wrap-4743 .uavc-list-desc'  data-responsive-json-new='{\"font-size\":\"\",\"line-height\":\"\"}'  class=\"uavc-list-desc ult-responsive\" style=\"\">Her biri 60 \u2013 90 dakika s\u00fcreli g\u00f6r\u00fc\u015fmeler dahilinde ili\u015fki boyunca gerekli zaman ve enerjiyi ay\u0131rmal\u0131,<\/span><\/div><\/li><li><div class=\"uavc-list-content\" id=\"list-icon-wrap-6581\">\n<div class=\"uavc-list-icon\" data-animation=\"\" data-animation-delay=\"03\" style=\"margin-right:5px;\"><div class=\"ult-just-icon-wrapper\"><div class=\"align-icon\" style=\"text-align:center;\">\n<div class=\"aio-icon none\"  style=\"color:#333333;font-size:32px;display:inline-block;\">\n\t<i class=\"far fa-dot-circle\"><\/i>\n<\/div><\/div><\/div>\n<\/div><span  data-ultimate-target='#list-icon-wrap-6581 .uavc-list-desc'  data-responsive-json-new='{\"font-size\":\"\",\"line-height\":\"\"}'  class=\"uavc-list-desc ult-responsive\" style=\"\">\u0130cra Kurulu ile koordineli olarak s\u00fcreci y\u00f6netmeli,<\/span><\/div><\/li><li><div class=\"uavc-list-content\" id=\"list-icon-wrap-2689\">\n<div class=\"uavc-list-icon\" data-animation=\"\" data-animation-delay=\"03\" style=\"margin-right:5px;\"><div class=\"ult-just-icon-wrapper\"><div class=\"align-icon\" style=\"text-align:center;\">\n<div class=\"aio-icon none\"  style=\"color:#333333;font-size:32px;display:inline-block;\">\n\t<i class=\"far fa-dot-circle\"><\/i>\n<\/div><\/div><\/div>\n<\/div><span  data-ultimate-target='#list-icon-wrap-2689 .uavc-list-desc'  data-responsive-json-new='{\"font-size\":\"\",\"line-height\":\"\"}'  class=\"uavc-list-desc ult-responsive\" style=\"\">Program politika ve prosed\u00fcrlerine ba\u011fl\u0131 kalmal\u0131,<\/span><\/div><\/li><li><div class=\"uavc-list-content\" id=\"list-icon-wrap-3161\">\n<div class=\"uavc-list-icon\" data-animation=\"\" data-animation-delay=\"03\" style=\"margin-right:5px;\"><div class=\"ult-just-icon-wrapper\"><div class=\"align-icon\" style=\"text-align:center;\">\n<div class=\"aio-icon none\"  style=\"color:#333333;font-size:32px;display:inline-block;\">\n\t<i class=\"far fa-dot-circle\"><\/i>\n<\/div><\/div><\/div>\n<\/div><span  data-ultimate-target='#list-icon-wrap-3161 .uavc-list-desc'  data-responsive-json-new='{\"font-size\":\"\",\"line-height\":\"\"}'  class=\"uavc-list-desc ult-responsive\" style=\"\">Mentorunun ili\u015fki s\u00fcresince ay\u0131rd\u0131\u011f\u0131 zaman, enerji ve deste\u011fin hakk\u0131n\u0131 vermekli<\/span><\/div><\/li><li><div class=\"uavc-list-content\" id=\"list-icon-wrap-3302\">\n<div class=\"uavc-list-icon\" data-animation=\"\" data-animation-delay=\"03\" style=\"margin-right:5px;\"><div class=\"ult-just-icon-wrapper\"><div class=\"align-icon\" style=\"text-align:center;\">\n<div class=\"aio-icon none\"  style=\"color:#333333;font-size:32px;display:inline-block;\">\n\t<i class=\"far fa-dot-circle\"><\/i>\n<\/div><\/div><\/div>\n<\/div><span  data-ultimate-target='#list-icon-wrap-3302 .uavc-list-desc'  data-responsive-json-new='{\"font-size\":\"\",\"line-height\":\"\"}'  class=\"uavc-list-desc ult-responsive\" style=\"\">Program aktiviteleri ve g\u00f6r\u00fc\u015fmelerine kat\u0131lmal\u0131,<\/span><\/div><\/li><li><div class=\"uavc-list-content\" id=\"list-icon-wrap-3428\">\n<div class=\"uavc-list-icon\" data-animation=\"\" data-animation-delay=\"03\" style=\"margin-right:5px;\"><div class=\"ult-just-icon-wrapper\"><div class=\"align-icon\" style=\"text-align:center;\">\n<div class=\"aio-icon none\"  style=\"color:#333333;font-size:32px;display:inline-block;\">\n\t<i class=\"far fa-dot-circle\"><\/i>\n<\/div><\/div><\/div>\n<\/div><span  data-ultimate-target='#list-icon-wrap-3428 .uavc-list-desc'  data-responsive-json-new='{\"font-size\":\"\",\"line-height\":\"\"}'  class=\"uavc-list-desc ult-responsive\" style=\"\">\u0130li\u015fkide gerekli \u00e7abay\u0131 g\u00f6stermek, insiyatif ve sorumluluk almak, ad\u0131m ad\u0131m ili\u015fkiyi y\u00f6netmeli,<\/span><\/div><\/li><li><div class=\"uavc-list-content\" id=\"list-icon-wrap-3902\">\n<div class=\"uavc-list-icon\" data-animation=\"\" data-animation-delay=\"03\" style=\"margin-right:5px;\"><div class=\"ult-just-icon-wrapper\"><div class=\"align-icon\" style=\"text-align:center;\">\n<div class=\"aio-icon none\"  style=\"color:#333333;font-size:32px;display:inline-block;\">\n\t<i class=\"far fa-dot-circle\"><\/i>\n<\/div><\/div><\/div>\n<\/div><span  data-ultimate-target='#list-icon-wrap-3902 .uavc-list-desc'  data-responsive-json-new='{\"font-size\":\"\",\"line-height\":\"\"}'  class=\"uavc-list-desc ult-responsive\" style=\"\">Program boyunca gerekli geribildirim, raporlama ve de\u011ferlendirme s\u00fcrecine destek olmal\u0131,<\/span><\/div><\/li><\/ul><\/div>\n\t<div class=\"wpb_text_column wpb_content_element\" >\n\t\t<div class=\"wpb_wrapper\">\n\t\t\t<p>Menti Olabilmek i\u00e7in Adayl\u0131k ve Uygulama S\u00fcrecinde Mentiden Beklenilenler:<\/p>\n\n\t\t<\/div>\n\t<\/div>\n<div class=\"uavc-list-icon uavc-list-icon-wrapper ult-adjust-bottom-margin\"><ul class=\"uavc-list\"><li><div class=\"uavc-list-content\" id=\"list-icon-wrap-5464\">\n<div class=\"uavc-list-icon\" data-animation=\"\" data-animation-delay=\"03\" style=\"margin-right:5px;\"><div class=\"ult-just-icon-wrapper\"><div class=\"align-icon\" style=\"text-align:center;\">\n<div class=\"aio-icon none\"  style=\"color:#333333;font-size:32px;display:inline-block;\">\n\t<i class=\"far fa-dot-circle\"><\/i>\n<\/div><\/div><\/div>\n<\/div><span  data-ultimate-target='#list-icon-wrap-5464 .uavc-list-desc'  data-responsive-json-new='{\"font-size\":\"\",\"line-height\":\"\"}'  class=\"uavc-list-desc ult-responsive\" style=\"\">Menti aday-se\u00e7im kriterlerini kar\u015f\u0131layabilmek,<\/span><\/div><\/li><li><div class=\"uavc-list-content\" id=\"list-icon-wrap-3960\">\n<div class=\"uavc-list-icon\" data-animation=\"\" data-animation-delay=\"03\" style=\"margin-right:5px;\"><div class=\"ult-just-icon-wrapper\"><div class=\"align-icon\" style=\"text-align:center;\">\n<div class=\"aio-icon none\"  style=\"color:#333333;font-size:32px;display:inline-block;\">\n\t<i class=\"far fa-dot-circle\"><\/i>\n<\/div><\/div><\/div>\n<\/div><span  data-ultimate-target='#list-icon-wrap-3960 .uavc-list-desc'  data-responsive-json-new='{\"font-size\":\"\",\"line-height\":\"\"}'  class=\"uavc-list-desc ult-responsive\" style=\"\">Kendi \u00f6\u011frenme ili\u015fkisinde hedef belirlenmesi, hedeflerini ger\u00e7ekle\u015ftirmek i\u00e7in \u00e7al\u0131\u015fmak.<\/span><\/div><\/li><li><div class=\"uavc-list-content\" id=\"list-icon-wrap-3982\">\n<div class=\"uavc-list-icon\" data-animation=\"\" data-animation-delay=\"03\" style=\"margin-right:5px;\"><div class=\"ult-just-icon-wrapper\"><div class=\"align-icon\" style=\"text-align:center;\">\n<div class=\"aio-icon none\"  style=\"color:#333333;font-size:32px;display:inline-block;\">\n\t<i class=\"far fa-dot-circle\"><\/i>\n<\/div><\/div><\/div>\n<\/div><span  data-ultimate-target='#list-icon-wrap-3982 .uavc-list-desc'  data-responsive-json-new='{\"font-size\":\"\",\"line-height\":\"\"}'  class=\"uavc-list-desc ult-responsive\" style=\"\">G\u00f6n\u00fcll\u00fc, istekli ve gayretli olmak,<\/span><\/div><\/li><li><div class=\"uavc-list-content\" id=\"list-icon-wrap-7496\">\n<div class=\"uavc-list-icon\" data-animation=\"\" data-animation-delay=\"03\" style=\"margin-right:5px;\"><div class=\"ult-just-icon-wrapper\"><div class=\"align-icon\" style=\"text-align:center;\">\n<div class=\"aio-icon none\"  style=\"color:#333333;font-size:32px;display:inline-block;\">\n\t<i class=\"far fa-dot-circle\"><\/i>\n<\/div><\/div><\/div>\n<\/div><span  data-ultimate-target='#list-icon-wrap-7496 .uavc-list-desc'  data-responsive-json-new='{\"font-size\":\"\",\"line-height\":\"\"}'  class=\"uavc-list-desc ult-responsive\" style=\"\">Program esaslar\u0131 ve ad\u0131mlar\u0131 dahilinde gerekli t\u00fcm a\u015famalara (ba\u015fvuru ve g\u00f6r\u00fc\u015fme) aktif kat\u0131lmak,<\/span><\/div><\/li><li><div class=\"uavc-list-content\" id=\"list-icon-wrap-2195\">\n<div class=\"uavc-list-icon\" data-animation=\"\" data-animation-delay=\"03\" style=\"margin-right:5px;\"><div class=\"ult-just-icon-wrapper\"><div class=\"align-icon\" style=\"text-align:center;\">\n<div class=\"aio-icon none\"  style=\"color:#333333;font-size:32px;display:inline-block;\">\n\t<i class=\"far fa-dot-circle\"><\/i>\n<\/div><\/div><\/div>\n<\/div><span  data-ultimate-target='#list-icon-wrap-2195 .uavc-list-desc'  data-responsive-json-new='{\"font-size\":\"\",\"line-height\":\"\"}'  class=\"uavc-list-desc ult-responsive\" style=\"\">E\u015fle\u015fme \u00f6ncesi gerekli bilgilendirme ve e\u011fitim faaliyetlerine kat\u0131lmak,<\/span><\/div><\/li><li><div class=\"uavc-list-content\" id=\"list-icon-wrap-5520\">\n<div class=\"uavc-list-icon\" data-animation=\"\" data-animation-delay=\"03\" style=\"margin-right:5px;\"><div class=\"ult-just-icon-wrapper\"><div class=\"align-icon\" style=\"text-align:center;\">\n<div class=\"aio-icon none\"  style=\"color:#333333;font-size:32px;display:inline-block;\">\n\t<i class=\"far fa-dot-circle\"><\/i>\n<\/div><\/div><\/div>\n<\/div><span  data-ultimate-target='#list-icon-wrap-5520 .uavc-list-desc'  data-responsive-json-new='{\"font-size\":\"\",\"line-height\":\"\"}'  class=\"uavc-list-desc ult-responsive\" style=\"\">Kendi geli\u015fimine odakl\u0131 bu \u00f6\u011frenme ili\u015fkisinde \u00f6\u011frenme orta\u011f\u0131 ile i\u015fbirli\u011fi yapmak,<\/span><\/div><\/li><li><div class=\"uavc-list-content\" id=\"list-icon-wrap-1137\">\n<div class=\"uavc-list-icon\" data-animation=\"\" data-animation-delay=\"03\" style=\"margin-right:5px;\"><div class=\"ult-just-icon-wrapper\"><div class=\"align-icon\" style=\"text-align:center;\">\n<div class=\"aio-icon none\"  style=\"color:#333333;font-size:32px;display:inline-block;\">\n\t<i class=\"far fa-dot-circle\"><\/i>\n<\/div><\/div><\/div>\n<\/div><span  data-ultimate-target='#list-icon-wrap-1137 .uavc-list-desc'  data-responsive-json-new='{\"font-size\":\"\",\"line-height\":\"\"}'  class=\"uavc-list-desc ult-responsive\" style=\"\">Bir \u00f6\u011frenme ili\u015fkisinin olu\u015fturmas\u0131nda ve ili\u015fki y\u00f6netiminde ad\u0131m ad\u0131m sorumluluk almak,<\/span><\/div><\/li><li><div class=\"uavc-list-content\" id=\"list-icon-wrap-4692\">\n<div class=\"uavc-list-icon\" data-animation=\"\" data-animation-delay=\"03\" style=\"margin-right:5px;\"><div class=\"ult-just-icon-wrapper\"><div class=\"align-icon\" style=\"text-align:center;\">\n<div class=\"aio-icon none\"  style=\"color:#333333;font-size:32px;display:inline-block;\">\n\t<i class=\"far fa-dot-circle\"><\/i>\n<\/div><\/div><\/div>\n<\/div><span  data-ultimate-target='#list-icon-wrap-4692 .uavc-list-desc'  data-responsive-json-new='{\"font-size\":\"\",\"line-height\":\"\"}'  class=\"uavc-list-desc ult-responsive\" style=\"\">D\u00fczenli g\u00f6r\u00fc\u015fmeler ve destekleyici faaliyetler e\u015fli\u011finde \u00f6\u011frenme ili\u015fkisini g\u00fc\u00e7lendirmek,<\/span><\/div><\/li><li><div class=\"uavc-list-content\" id=\"list-icon-wrap-3395\">\n<div class=\"uavc-list-icon\" data-animation=\"\" data-animation-delay=\"03\" style=\"margin-right:5px;\"><div class=\"ult-just-icon-wrapper\"><div class=\"align-icon\" style=\"text-align:center;\">\n<div class=\"aio-icon none\"  style=\"color:#333333;font-size:32px;display:inline-block;\">\n\t<i class=\"far fa-dot-circle\"><\/i>\n<\/div><\/div><\/div>\n<\/div><span  data-ultimate-target='#list-icon-wrap-3395 .uavc-list-desc'  data-responsive-json-new='{\"font-size\":\"\",\"line-height\":\"\"}'  class=\"uavc-list-desc ult-responsive\" style=\"\">\u0130li\u015fkide kar\u015f\u0131l\u0131kl\u0131 olarak gizlilik, sayg\u0131, g\u00fcven, anlay\u0131\u015f, a\u00e7\u0131kl\u0131k ve d\u00fcr\u00fcstl\u00fck i\u00e7in \u00e7aba g\u00f6stermek,<\/span><\/div><\/li><\/ul><\/div><\/div><\/div><\/div><\/div>\n<\/div>","protected":false},"excerpt":{"rendered":"<p>TED Okullar\u0131n\u0131n herhangi birinden mezun olmu\u015f ve halihaz\u0131rda lisans e\u011fitiminin son iki y\u0131l\u0131nda okuyan, TED \u00dcniversitesi 3 &#8211; 4. s\u0131n\u0131fta okuyan, TED Okullar\u0131ndan herhangi birinden mezun ve halihaz\u0131rda y\u00fcksek lisans \u00f6\u011frencisi olan, TED Okullar\u0131ndan herhangi birinden mezun veya TED \u00dcniversitesinden mezun ve \u0130\u015f hayat\u0131na yeni ad\u0131m atm\u0131\u015f olan, TED Okullar\u0131ndan herhangi birinden mezun olmu\u015f olanlar\u0131n&hellip;<\/p>","protected":false},"author":1,"featured_media":0,"parent":0,"menu_order":10,"comment_status":"closed","ping_status":"closed","template":"","meta":{"footnotes":""},"class_list":["post-58643","page","type-page","status-publish","hentry","description-off"],"aioseo_notices":[],"_links":{"self":[{"href":"https:\/\/kid.org.tr\/en\/wp-json\/wp\/v2\/pages\/58643","targetHints":{"allow":["GET"]}}],"collection":[{"href":"https:\/\/kid.org.tr\/en\/wp-json\/wp\/v2\/pages"}],"about":[{"href":"https:\/\/kid.org.tr\/en\/wp-json\/wp\/v2\/types\/page"}],"author":[{"embeddable":true,"href":"https:\/\/kid.org.tr\/en\/wp-json\/wp\/v2\/users\/1"}],"replies":[{"embeddable":true,"href":"https:\/\/kid.org.tr\/en\/wp-json\/wp\/v2\/comments?post=58643"}],"version-history":[{"count":2,"href":"https:\/\/kid.org.tr\/en\/wp-json\/wp\/v2\/pages\/58643\/revisions"}],"predecessor-version":[{"id":58646,"href":"https:\/\/kid.org.tr\/en\/wp-json\/wp\/v2\/pages\/58643\/revisions\/58646"}],"wp:attachment":[{"href":"https:\/\/kid.org.tr\/en\/wp-json\/wp\/v2\/media?parent=58643"}],"curies":[{"name":"wp","href":"https:\/\/api.w.org\/{rel}","templated":true}]}}