{"id":58648,"date":"2024-02-07T10:32:08","date_gmt":"2024-02-07T10:32:08","guid":{"rendered":"https:\/\/kid.org.tr\/?page_id=58648"},"modified":"2024-02-07T11:00:08","modified_gmt":"2024-02-07T11:00:08","slug":"mentinin-sorumluluklari","status":"publish","type":"page","link":"https:\/\/kid.org.tr\/en\/mentinin-sorumluluklari\/","title":{"rendered":"Menti&#8217;nin Sorumluluklar\u0131"},"content":{"rendered":"<div class=\"wpb-content-wrapper\"><div class=\"vc_row wpb_row vc_row-fluid vc_custom_1573386006934\"><div class=\"wpb_column vc_column_container vc_col-sm-12\"><div class=\"vc_column-inner\"><div class=\"wpb_wrapper\">\n\t<div  class=\"wpb_single_image wpb_content_element vc_align_left\">\n\t\t\n\t\t<figure class=\"wpb_wrapper vc_figure\">\n\t\t\t<div class=\"vc_single_image-wrapper   vc_box_border_grey\"><img loading=\"lazy\" decoding=\"async\" width=\"1000\" height=\"667\" src=\"https:\/\/kid.org.tr\/wp-content\/uploads\/2024\/02\/happy-entrepreneur-presenting-his-colleagues-new-business-strategy-whiteboard-during-meeting-office.jpg\" class=\"vc_single_image-img attachment-full\" alt=\"\" title=\"happy-entrepreneur-presenting-his-colleagues-new-business-strategy-whiteboard-during-meeting-office\" srcset=\"https:\/\/kid.org.tr\/wp-content\/uploads\/2024\/02\/happy-entrepreneur-presenting-his-colleagues-new-business-strategy-whiteboard-during-meeting-office.jpg 1000w, https:\/\/kid.org.tr\/wp-content\/uploads\/2024\/02\/happy-entrepreneur-presenting-his-colleagues-new-business-strategy-whiteboard-during-meeting-office-300x200.jpg 300w, https:\/\/kid.org.tr\/wp-content\/uploads\/2024\/02\/happy-entrepreneur-presenting-his-colleagues-new-business-strategy-whiteboard-during-meeting-office-768x512.jpg 768w, https:\/\/kid.org.tr\/wp-content\/uploads\/2024\/02\/happy-entrepreneur-presenting-his-colleagues-new-business-strategy-whiteboard-during-meeting-office-18x12.jpg 18w\" sizes=\"auto, (max-width: 1000px) 100vw, 1000px\"  data-dt-location=\"https:\/\/kid.org.tr\/en\/mentinin-sorumluluklari\/happy-entrepreneur-presenting-his-colleagues-new-business-strategy-whiteboard-during-meeting-office\/\" \/><\/div>\n\t\t<\/figure>\n\t<\/div>\n\n\t<div class=\"wpb_text_column wpb_content_element\" >\n\t\t<div class=\"wpb_wrapper\">\n\t\t\t<p>Mentorluk al\u0131rken, hedeflerinizi a\u00e7\u0131kl\u0131\u011fa kavu\u015fturman\u0131n yan\u0131nda, sizin ve mentor&#8217;unuzun bu<br \/>\nprogramdaki sorumluluklar\u0131n\u0131z\u0131 bilmeniz gerekir. Bu iki y\u00f6nl\u00fc bir ili\u015fki oldu\u011fu i\u00e7in, her biriniz kendi eylemlerinizden sorumlusunuz, aksi halde iki taraf da fayda sa\u011flayamaz. Herhangi bir ili\u015fkide sorumlu olmak, a\u015fa\u011f\u0131da belirtildi\u011fi gibi kabul edilmi\u015f ortak nezaket kurallar\u0131na ba\u011fl\u0131 kalmay\u0131 gerektirir:<\/p>\n\n\t\t<\/div>\n\t<\/div>\n<div class=\"uavc-list-icon uavc-list-icon-wrapper ult-adjust-bottom-margin\"><ul class=\"uavc-list\"><li><div class=\"uavc-list-content\" id=\"list-icon-wrap-9210\">\n<div class=\"uavc-list-icon\" data-animation=\"\" data-animation-delay=\"03\" style=\"margin-right:5px;\"><div class=\"ult-just-icon-wrapper\"><div class=\"align-icon\" style=\"text-align:center;\">\n<div class=\"aio-icon none\"  style=\"color:#333333;font-size:32px;display:inline-block;\">\n\t<i class=\"far fa-dot-circle\"><\/i>\n<\/div><\/div><\/div>\n<\/div><span  data-ultimate-target='#list-icon-wrap-9210 .uavc-list-desc'  data-responsive-json-new='{\"font-size\":\"\",\"line-height\":\"\"}'  class=\"uavc-list-desc ult-responsive\" style=\"\">\u0130stekli Olmak<\/span><\/div><\/li><li><div class=\"uavc-list-content\" id=\"list-icon-wrap-3186\">\n<div class=\"uavc-list-icon\" data-animation=\"\" data-animation-delay=\"03\" style=\"margin-right:5px;\"><div class=\"ult-just-icon-wrapper\"><div class=\"align-icon\" style=\"text-align:center;\">\n<div class=\"aio-icon none\"  style=\"color:#333333;font-size:32px;display:inline-block;\">\n\t<i class=\"far fa-dot-circle\"><\/i>\n<\/div><\/div><\/div>\n<\/div><span  data-ultimate-target='#list-icon-wrap-3186 .uavc-list-desc'  data-responsive-json-new='{\"font-size\":\"\",\"line-height\":\"\"}'  class=\"uavc-list-desc ult-responsive\" style=\"\">D\u00fc\u015f\u00fcnceli olmak<\/span><\/div><\/li><li><div class=\"uavc-list-content\" id=\"list-icon-wrap-2709\">\n<div class=\"uavc-list-icon\" data-animation=\"\" data-animation-delay=\"03\" style=\"margin-right:5px;\"><div class=\"ult-just-icon-wrapper\"><div class=\"align-icon\" style=\"text-align:center;\">\n<div class=\"aio-icon none\"  style=\"color:#333333;font-size:32px;display:inline-block;\">\n\t<i class=\"far fa-dot-circle\"><\/i>\n<\/div><\/div><\/div>\n<\/div><span  data-ultimate-target='#list-icon-wrap-2709 .uavc-list-desc'  data-responsive-json-new='{\"font-size\":\"\",\"line-height\":\"\"}'  class=\"uavc-list-desc ult-responsive\" style=\"\">Telefonlara, mesajlara, e-postalara zaman\u0131nda d\u00f6nmek<\/span><\/div><\/li><li><div class=\"uavc-list-content\" id=\"list-icon-wrap-7929\">\n<div class=\"uavc-list-icon\" data-animation=\"\" data-animation-delay=\"03\" style=\"margin-right:5px;\"><div class=\"ult-just-icon-wrapper\"><div class=\"align-icon\" style=\"text-align:center;\">\n<div class=\"aio-icon none\"  style=\"color:#333333;font-size:32px;display:inline-block;\">\n\t<i class=\"far fa-dot-circle\"><\/i>\n<\/div><\/div><\/div>\n<\/div><span  data-ultimate-target='#list-icon-wrap-7929 .uavc-list-desc'  data-responsive-json-new='{\"font-size\":\"\",\"line-height\":\"\"}'  class=\"uavc-list-desc ult-responsive\" style=\"\">Yap\u0131lan her g\u00f6r\u00fc\u015fmede bir sonraki g\u00f6r\u00fc\u015fmenin zaman\u0131n\u0131 ayarlamak<\/span><\/div><\/li><li><div class=\"uavc-list-content\" id=\"list-icon-wrap-5204\">\n<div class=\"uavc-list-icon\" data-animation=\"\" data-animation-delay=\"03\" style=\"margin-right:5px;\"><div class=\"ult-just-icon-wrapper\"><div class=\"align-icon\" style=\"text-align:center;\">\n<div class=\"aio-icon none\"  style=\"color:#333333;font-size:32px;display:inline-block;\">\n\t<i class=\"far fa-dot-circle\"><\/i>\n<\/div><\/div><\/div>\n<\/div><span  data-ultimate-target='#list-icon-wrap-5204 .uavc-list-desc'  data-responsive-json-new='{\"font-size\":\"\",\"line-height\":\"\"}'  class=\"uavc-list-desc ult-responsive\" style=\"\">Planlanan toplant\u0131lara kat\u0131l\u0131m veya iptal ile ilgili \u00f6nceden haber vermek<\/span><\/div><\/li><li><div class=\"uavc-list-content\" id=\"list-icon-wrap-7261\">\n<div class=\"uavc-list-icon\" data-animation=\"\" data-animation-delay=\"03\" style=\"margin-right:5px;\"><div class=\"ult-just-icon-wrapper\"><div class=\"align-icon\" style=\"text-align:center;\">\n<div class=\"aio-icon none\"  style=\"color:#333333;font-size:32px;display:inline-block;\">\n\t<i class=\"far fa-dot-circle\"><\/i>\n<\/div><\/div><\/div>\n<\/div><span  data-ultimate-target='#list-icon-wrap-7261 .uavc-list-desc'  data-responsive-json-new='{\"font-size\":\"\",\"line-height\":\"\"}'  class=\"uavc-list-desc ult-responsive\" style=\"\">Adres, e-posta veya telefon numaras\u0131n\u0131n de\u011fi\u015fti\u011fini bildirmek<\/span><\/div><\/li><li><div class=\"uavc-list-content\" id=\"list-icon-wrap-4068\">\n<div class=\"uavc-list-icon\" data-animation=\"\" data-animation-delay=\"03\" style=\"margin-right:5px;\"><div class=\"ult-just-icon-wrapper\"><div class=\"align-icon\" style=\"text-align:center;\">\n<div class=\"aio-icon none\"  style=\"color:#333333;font-size:32px;display:inline-block;\">\n\t<i class=\"far fa-dot-circle\"><\/i>\n<\/div><\/div><\/div>\n<\/div><span  data-ultimate-target='#list-icon-wrap-4068 .uavc-list-desc'  data-responsive-json-new='{\"font-size\":\"\",\"line-height\":\"\"}'  class=\"uavc-list-desc ult-responsive\" style=\"\">D\u00fczenli olarak ment\u00f6r\u00fcyle ileti\u015fim kurmak<\/span><\/div><\/li><li><div class=\"uavc-list-content\" id=\"list-icon-wrap-2376\">\n<div class=\"uavc-list-icon\" data-animation=\"\" data-animation-delay=\"03\" style=\"margin-right:5px;\"><div class=\"ult-just-icon-wrapper\"><div class=\"align-icon\" style=\"text-align:center;\">\n<div class=\"aio-icon none\"  style=\"color:#333333;font-size:32px;display:inline-block;\">\n\t<i class=\"far fa-dot-circle\"><\/i>\n<\/div><\/div><\/div>\n<\/div><span  data-ultimate-target='#list-icon-wrap-2376 .uavc-list-desc'  data-responsive-json-new='{\"font-size\":\"\",\"line-height\":\"\"}'  class=\"uavc-list-desc ult-responsive\" style=\"\">\u00dczerinde mutab\u0131k kal\u0131nan sorumluluklar\u0131 ta\u015f\u0131mak<\/span><\/div><\/li><\/ul><\/div>\n\t<div class=\"wpb_text_column wpb_content_element\" >\n\t\t<div class=\"wpb_wrapper\">\n\t\t\t<p>Siz ve mentor&#8217;unuz, rehberlik s\u0131ras\u0131nda kar\u015f\u0131lanmas\u0131 gereken belirli sorumluluklara karar verebilirsiniz. \u00d6rne\u011fin, mentor&#8217;unuz size belirli bir konu hakk\u0131nda bilgi verecek bir kitab\u0131 veya makaleyi okuyup \u00fczerinde d\u00fc\u015f\u00fcnmenizi \u00f6nerebilir. Bu \u00f6neriyi kabul ediyor fakat; yerine getirmiyorsan\u0131z, mentor&#8217;unuz sizin ilgisiz oldu\u011funuzu d\u00fc\u015f\u00fcnebilir. Mentor&#8217;unuzla konu\u015farak anla\u015fmaya vard\u0131\u011f\u0131n\u0131z bu g\u00f6revleri yerine getirmekten sorumlu oldu\u011funuzu bilmelisiniz.<\/p>\n<p>Bazen, mentee ve mentor&#8217;lardan yeterince g\u00f6r\u00fc\u015femediklerini duyabiliyoruz. Bu durumda, mentee&#8217;ler, mentor&#8217;lar\u0131n\u0131n \u00e7ok me\u015fgul veya ilgisiz olduklar\u0131n\u0131 d\u00fc\u015f\u00fcnebilirler. B\u00f6yle bir durumda, mentor&#8217;unuzun bu program\u0131n bir par\u00e7as\u0131 olmaya g\u00f6n\u00fcll\u00fc oldu\u011funu unutmay\u0131n. Bu noktada; mentor&#8217;unuzla yapt\u0131\u011f\u0131n\u0131z g\u00f6r\u00fc\u015fmelerin tekrar d\u00fczene girmesine yard\u0131mc\u0131 olacak bir telefon a\u00e7abilir, e-posta yollayabilir veya i\u015f yerine u\u011frayarak mentor&#8217;unuzu ziyaret edebilirsiniz.<\/p>\n\n\t\t<\/div>\n\t<\/div>\n<\/div><\/div><\/div><\/div>\n<\/div>","protected":false},"excerpt":{"rendered":"<p>Mentorluk al\u0131rken, hedeflerinizi a\u00e7\u0131kl\u0131\u011fa kavu\u015fturman\u0131n yan\u0131nda, sizin ve mentor&#8217;unuzun bu programdaki sorumluluklar\u0131n\u0131z\u0131 bilmeniz gerekir. Bu iki y\u00f6nl\u00fc bir ili\u015fki oldu\u011fu i\u00e7in, her biriniz kendi eylemlerinizden sorumlusunuz, aksi halde iki taraf da fayda sa\u011flayamaz. Herhangi bir ili\u015fkide sorumlu olmak, a\u015fa\u011f\u0131da belirtildi\u011fi gibi kabul edilmi\u015f ortak nezaket kurallar\u0131na ba\u011fl\u0131 kalmay\u0131 gerektirir: \u0130stekli Olmak D\u00fc\u015f\u00fcnceli olmak Telefonlara, mesajlara,&hellip;<\/p>","protected":false},"author":1,"featured_media":0,"parent":0,"menu_order":10,"comment_status":"closed","ping_status":"closed","template":"","meta":{"footnotes":""},"class_list":["post-58648","page","type-page","status-publish","hentry","description-off"],"aioseo_notices":[],"_links":{"self":[{"href":"https:\/\/kid.org.tr\/en\/wp-json\/wp\/v2\/pages\/58648","targetHints":{"allow":["GET"]}}],"collection":[{"href":"https:\/\/kid.org.tr\/en\/wp-json\/wp\/v2\/pages"}],"about":[{"href":"https:\/\/kid.org.tr\/en\/wp-json\/wp\/v2\/types\/page"}],"author":[{"embeddable":true,"href":"https:\/\/kid.org.tr\/en\/wp-json\/wp\/v2\/users\/1"}],"replies":[{"embeddable":true,"href":"https:\/\/kid.org.tr\/en\/wp-json\/wp\/v2\/comments?post=58648"}],"version-history":[{"count":1,"href":"https:\/\/kid.org.tr\/en\/wp-json\/wp\/v2\/pages\/58648\/revisions"}],"predecessor-version":[{"id":58650,"href":"https:\/\/kid.org.tr\/en\/wp-json\/wp\/v2\/pages\/58648\/revisions\/58650"}],"wp:attachment":[{"href":"https:\/\/kid.org.tr\/en\/wp-json\/wp\/v2\/media?parent=58648"}],"curies":[{"name":"wp","href":"https:\/\/api.w.org\/{rel}","templated":true}]}}