{"id":58657,"date":"2024-02-07T10:51:00","date_gmt":"2024-02-07T10:51:00","guid":{"rendered":"https:\/\/kid.org.tr\/?page_id=58657"},"modified":"2024-02-07T11:00:17","modified_gmt":"2024-02-07T11:00:17","slug":"mentiden-beklenenler","status":"publish","type":"page","link":"https:\/\/kid.org.tr\/en\/mentiden-beklenenler\/","title":{"rendered":"Menti&#8217;den Beklenenler"},"content":{"rendered":"<div class=\"wpb-content-wrapper\"><div class=\"vc_row wpb_row vc_row-fluid vc_custom_1573386006934\"><div class=\"wpb_column vc_column_container vc_col-sm-12\"><div class=\"vc_column-inner\"><div class=\"wpb_wrapper\">\n\t<div  class=\"wpb_single_image wpb_content_element vc_align_left\">\n\t\t\n\t\t<figure class=\"wpb_wrapper vc_figure\">\n\t\t\t<div class=\"vc_single_image-wrapper   vc_box_border_grey\"><img loading=\"lazy\" decoding=\"async\" width=\"1306\" height=\"871\" src=\"https:\/\/kid.org.tr\/wp-content\/uploads\/2024\/02\/dedicated-mentor-is-explaining-mentees-importance-project-while-sitting-boardroom-1.jpg\" class=\"vc_single_image-img attachment-full\" alt=\"\" title=\"dedicated-mentor-is-explaining-mentees-importance-project-while-sitting-boardroom-(1)\" srcset=\"https:\/\/kid.org.tr\/wp-content\/uploads\/2024\/02\/dedicated-mentor-is-explaining-mentees-importance-project-while-sitting-boardroom-1.jpg 1306w, https:\/\/kid.org.tr\/wp-content\/uploads\/2024\/02\/dedicated-mentor-is-explaining-mentees-importance-project-while-sitting-boardroom-1-300x200.jpg 300w, https:\/\/kid.org.tr\/wp-content\/uploads\/2024\/02\/dedicated-mentor-is-explaining-mentees-importance-project-while-sitting-boardroom-1-1024x683.jpg 1024w, https:\/\/kid.org.tr\/wp-content\/uploads\/2024\/02\/dedicated-mentor-is-explaining-mentees-importance-project-while-sitting-boardroom-1-768x512.jpg 768w, https:\/\/kid.org.tr\/wp-content\/uploads\/2024\/02\/dedicated-mentor-is-explaining-mentees-importance-project-while-sitting-boardroom-1-18x12.jpg 18w\" sizes=\"auto, (max-width: 1306px) 100vw, 1306px\"  data-dt-location=\"https:\/\/kid.org.tr\/en\/mentiden-beklenenler\/dedicated-mentor-is-explaining-mentees-importance-project-while-sitting-boardroom-1\/\" \/><\/div>\n\t\t<\/figure>\n\t<\/div>\n<div class=\"uavc-list-icon uavc-list-icon-wrapper ult-adjust-bottom-margin\"><ul class=\"uavc-list\"><li><div class=\"uavc-list-content\" id=\"list-icon-wrap-1246\">\n<div class=\"uavc-list-icon\" data-animation=\"\" data-animation-delay=\"03\" style=\"margin-right:5px;\"><div class=\"ult-just-icon-wrapper\"><div class=\"align-icon\" style=\"text-align:center;\">\n<div class=\"aio-icon none\"  style=\"color:#333333;font-size:32px;display:inline-block;\">\n\t<i class=\"far fa-dot-circle\"><\/i>\n<\/div><\/div><\/div>\n<\/div><span  data-ultimate-target='#list-icon-wrap-1246 .uavc-list-desc'  data-responsive-json-new='{\"font-size\":\"\",\"line-height\":\"\"}'  class=\"uavc-list-desc ult-responsive\" style=\"\">\u0130stek ve beklentileri a\u00e7\u0131k bir \u015fekilde ortaya koyabilme,<\/span><\/div><\/li><li><div class=\"uavc-list-content\" id=\"list-icon-wrap-1053\">\n<div class=\"uavc-list-icon\" data-animation=\"\" data-animation-delay=\"03\" style=\"margin-right:5px;\"><div class=\"ult-just-icon-wrapper\"><div class=\"align-icon\" style=\"text-align:center;\">\n<div class=\"aio-icon none\"  style=\"color:#333333;font-size:32px;display:inline-block;\">\n\t<i class=\"far fa-dot-circle\"><\/i>\n<\/div><\/div><\/div>\n<\/div><span  data-ultimate-target='#list-icon-wrap-1053 .uavc-list-desc'  data-responsive-json-new='{\"font-size\":\"\",\"line-height\":\"\"}'  class=\"uavc-list-desc ult-responsive\" style=\"\">Ele\u015ftiriye a\u00e7\u0131k olmas\u0131 ve hedefleri gerekti\u011finde revize edebilme,<\/span><\/div><\/li><li><div class=\"uavc-list-content\" id=\"list-icon-wrap-5704\">\n<div class=\"uavc-list-icon\" data-animation=\"\" data-animation-delay=\"03\" style=\"margin-right:5px;\"><div class=\"ult-just-icon-wrapper\"><div class=\"align-icon\" style=\"text-align:center;\">\n<div class=\"aio-icon none\"  style=\"color:#333333;font-size:32px;display:inline-block;\">\n\t<i class=\"far fa-dot-circle\"><\/i>\n<\/div><\/div><\/div>\n<\/div><span  data-ultimate-target='#list-icon-wrap-5704 .uavc-list-desc'  data-responsive-json-new='{\"font-size\":\"\",\"line-height\":\"\"}'  class=\"uavc-list-desc ult-responsive\" style=\"\">Program\u0131n \u00f6nemini ve ciddiyetini kavrama,<\/span><\/div><\/li><li><div class=\"uavc-list-content\" id=\"list-icon-wrap-7928\">\n<div class=\"uavc-list-icon\" data-animation=\"\" data-animation-delay=\"03\" style=\"margin-right:5px;\"><div class=\"ult-just-icon-wrapper\"><div class=\"align-icon\" style=\"text-align:center;\">\n<div class=\"aio-icon none\"  style=\"color:#333333;font-size:32px;display:inline-block;\">\n\t<i class=\"far fa-dot-circle\"><\/i>\n<\/div><\/div><\/div>\n<\/div><span  data-ultimate-target='#list-icon-wrap-7928 .uavc-list-desc'  data-responsive-json-new='{\"font-size\":\"\",\"line-height\":\"\"}'  class=\"uavc-list-desc ult-responsive\" style=\"\">\u00d6\u011frenme iste\u011fi ve insiyatifini aktif olarak g\u00f6sterme,<\/span><\/div><\/li><li><div class=\"uavc-list-content\" id=\"list-icon-wrap-9292\">\n<div class=\"uavc-list-icon\" data-animation=\"\" data-animation-delay=\"03\" style=\"margin-right:5px;\"><div class=\"ult-just-icon-wrapper\"><div class=\"align-icon\" style=\"text-align:center;\">\n<div class=\"aio-icon none\"  style=\"color:#333333;font-size:32px;display:inline-block;\">\n\t<i class=\"far fa-dot-circle\"><\/i>\n<\/div><\/div><\/div>\n<\/div><span  data-ultimate-target='#list-icon-wrap-9292 .uavc-list-desc'  data-responsive-json-new='{\"font-size\":\"\",\"line-height\":\"\"}'  class=\"uavc-list-desc ult-responsive\" style=\"\">Geli\u015fim alanlar\u0131n\u0131 belirlemesi, hedeflerini olu\u015fturmak i\u00e7in a\u00e7\u0131k ileti\u015fimde bulunma,<\/span><\/div><\/li><li><div class=\"uavc-list-content\" id=\"list-icon-wrap-3952\">\n<div class=\"uavc-list-icon\" data-animation=\"\" data-animation-delay=\"03\" style=\"margin-right:5px;\"><div class=\"ult-just-icon-wrapper\"><div class=\"align-icon\" style=\"text-align:center;\">\n<div class=\"aio-icon none\"  style=\"color:#333333;font-size:32px;display:inline-block;\">\n\t<i class=\"far fa-dot-circle\"><\/i>\n<\/div><\/div><\/div>\n<\/div><span  data-ultimate-target='#list-icon-wrap-3952 .uavc-list-desc'  data-responsive-json-new='{\"font-size\":\"\",\"line-height\":\"\"}'  class=\"uavc-list-desc ult-responsive\" style=\"\">Bireysel ve kariyer geli\u015fimi i\u00e7in sorumluluk alma,<\/span><\/div><\/li><li><div class=\"uavc-list-content\" id=\"list-icon-wrap-2358\">\n<div class=\"uavc-list-icon\" data-animation=\"\" data-animation-delay=\"03\" style=\"margin-right:5px;\"><div class=\"ult-just-icon-wrapper\"><div class=\"align-icon\" style=\"text-align:center;\">\n<div class=\"aio-icon none\"  style=\"color:#333333;font-size:32px;display:inline-block;\">\n\t<i class=\"far fa-dot-circle\"><\/i>\n<\/div><\/div><\/div>\n<\/div><span  data-ultimate-target='#list-icon-wrap-2358 .uavc-list-desc'  data-responsive-json-new='{\"font-size\":\"\",\"line-height\":\"\"}'  class=\"uavc-list-desc ult-responsive\" style=\"\">Geribildirim almaya ,\u00f6\u011frenme ili\u015fkisine ve ko\u00e7lu\u011fa a\u00e7\u0131k olma ,<\/span><\/div><\/li><li><div class=\"uavc-list-content\" id=\"list-icon-wrap-2957\">\n<div class=\"uavc-list-icon\" data-animation=\"\" data-animation-delay=\"03\" style=\"margin-right:5px;\"><div class=\"ult-just-icon-wrapper\"><div class=\"align-icon\" style=\"text-align:center;\">\n<div class=\"aio-icon none\"  style=\"color:#333333;font-size:32px;display:inline-block;\">\n\t<i class=\"far fa-dot-circle\"><\/i>\n<\/div><\/div><\/div>\n<\/div><span  data-ultimate-target='#list-icon-wrap-2957 .uavc-list-desc'  data-responsive-json-new='{\"font-size\":\"\",\"line-height\":\"\"}'  class=\"uavc-list-desc ult-responsive\" style=\"\">Pozitif, aktif ve yap\u0131c\u0131 yakla\u015f\u0131mlar sergileme,<\/span><\/div><\/li><li><div class=\"uavc-list-content\" id=\"list-icon-wrap-7431\">\n<div class=\"uavc-list-icon\" data-animation=\"\" data-animation-delay=\"03\" style=\"margin-right:5px;\"><div class=\"ult-just-icon-wrapper\"><div class=\"align-icon\" style=\"text-align:center;\">\n<div class=\"aio-icon none\"  style=\"color:#333333;font-size:32px;display:inline-block;\">\n\t<i class=\"far fa-dot-circle\"><\/i>\n<\/div><\/div><\/div>\n<\/div><span  data-ultimate-target='#list-icon-wrap-7431 .uavc-list-desc'  data-responsive-json-new='{\"font-size\":\"\",\"line-height\":\"\"}'  class=\"uavc-list-desc ult-responsive\" style=\"\">Mentorunuzdan, icra kurulundan ve di\u011fer program kaynaklar\u0131ndan kariyer ile ilgili ula\u015f\u0131labilir potansiyel imkanlara\/ kaynaklara eri\u015fim konusunda destek isteyebilme.<\/span><\/div><\/li><\/ul><\/div><\/div><\/div><\/div><\/div>\n<\/div>","protected":false},"excerpt":{"rendered":"<p>\u0130stek ve beklentileri a\u00e7\u0131k bir \u015fekilde ortaya koyabilme, Ele\u015ftiriye a\u00e7\u0131k olmas\u0131 ve hedefleri gerekti\u011finde revize edebilme, Program\u0131n \u00f6nemini ve ciddiyetini kavrama, \u00d6\u011frenme iste\u011fi ve insiyatifini aktif olarak g\u00f6sterme, Geli\u015fim alanlar\u0131n\u0131 belirlemesi, hedeflerini olu\u015fturmak i\u00e7in a\u00e7\u0131k ileti\u015fimde bulunma, Bireysel ve kariyer geli\u015fimi i\u00e7in sorumluluk alma, Geribildirim almaya ,\u00f6\u011frenme ili\u015fkisine ve ko\u00e7lu\u011fa a\u00e7\u0131k olma , Pozitif, aktif&hellip;<\/p>","protected":false},"author":1,"featured_media":0,"parent":0,"menu_order":10,"comment_status":"closed","ping_status":"closed","template":"","meta":{"footnotes":""},"class_list":["post-58657","page","type-page","status-publish","hentry","description-off"],"aioseo_notices":[],"_links":{"self":[{"href":"https:\/\/kid.org.tr\/en\/wp-json\/wp\/v2\/pages\/58657","targetHints":{"allow":["GET"]}}],"collection":[{"href":"https:\/\/kid.org.tr\/en\/wp-json\/wp\/v2\/pages"}],"about":[{"href":"https:\/\/kid.org.tr\/en\/wp-json\/wp\/v2\/types\/page"}],"author":[{"embeddable":true,"href":"https:\/\/kid.org.tr\/en\/wp-json\/wp\/v2\/users\/1"}],"replies":[{"embeddable":true,"href":"https:\/\/kid.org.tr\/en\/wp-json\/wp\/v2\/comments?post=58657"}],"version-history":[{"count":1,"href":"https:\/\/kid.org.tr\/en\/wp-json\/wp\/v2\/pages\/58657\/revisions"}],"predecessor-version":[{"id":58659,"href":"https:\/\/kid.org.tr\/en\/wp-json\/wp\/v2\/pages\/58657\/revisions\/58659"}],"wp:attachment":[{"href":"https:\/\/kid.org.tr\/en\/wp-json\/wp\/v2\/media?parent=58657"}],"curies":[{"name":"wp","href":"https:\/\/api.w.org\/{rel}","templated":true}]}}